{"id":3942,"date":"2025-12-30T11:55:10","date_gmt":"2025-12-30T11:55:10","guid":{"rendered":"https:\/\/ecoliteracy.eu\/?page_id=3942"},"modified":"2026-02-24T14:19:57","modified_gmt":"2026-02-24T14:19:57","slug":"promoting-nature-summary","status":"publish","type":"page","link":"https:\/\/ecoliteracy.eu\/hu\/resource-library\/podcasts\/promoting-nature-summary\/","title":{"rendered":"Promoting nature Summary"},"content":{"rendered":"<div id='av_section_1'  class='avia-section av-9ivm8c-c343d3d3ecf3e27a1b4df201f74c3d59 main_color avia-section-default avia-no-border-styling  avia-builder-el-0  el_before_av_one_full  avia-builder-el-first  avia-bg-style-scroll container_wrap fullsize'  ><div class='container av-section-cont-open' ><main  role=\"main\" itemprop=\"mainContentOfPage\"  class='template-page content  av-content-full alpha units'><div class='post-entry post-entry-type-page post-entry-3942'><div class='entry-content-wrapper clearfix'>\n\n<style type=\"text\/css\" data-created_by=\"avia_inline_auto\" id=\"style-css-av-6vkz58-7f8f0f165224c05434384c1a11cadc7a\">\n.flex_column.av-6vkz58-7f8f0f165224c05434384c1a11cadc7a{\nborder-width:1px;\nborder-color:#ebebeb;\nborder-style:solid;\nborder-radius:25px 0px 25px 0px;\nbackground-color:#ebebeb;\n}\n<\/style>\n<div  class='flex_column av-6vkz58-7f8f0f165224c05434384c1a11cadc7a av_two_third  avia-builder-el-1  avia-builder-el-no-sibling  first no_margin flex_column_div'     ><style type=\"text\/css\" data-created_by=\"avia_inline_auto\" id=\"style-css-av-mj1xgfy9-53b64f5e42cbd2dbb83edc76f3046f2d\">\n#top .av-special-heading.av-mj1xgfy9-53b64f5e42cbd2dbb83edc76f3046f2d{\npadding-bottom:0;\n}\nbody .av-special-heading.av-mj1xgfy9-53b64f5e42cbd2dbb83edc76f3046f2d .av-special-heading-tag .heading-char{\nfont-size:25px;\n}\n.av-special-heading.av-mj1xgfy9-53b64f5e42cbd2dbb83edc76f3046f2d .av-subheading{\nfont-size:15px;\n}\n<\/style>\n<div  class='av-special-heading av-mj1xgfy9-53b64f5e42cbd2dbb83edc76f3046f2d av-special-heading-h4 custom-color-heading blockquote modern-quote  avia-builder-el-2  avia-builder-el-no-sibling  ngo-header'><h4 class='av-special-heading-tag'  itemprop=\"headline\"  >Besz\u00e9lget\u00e9s Dagna Gmitrowitz erd\u0151ter\u00e1pi\u00e1s szakemberrel<\/h4><div class=\"special-heading-border\"><div class=\"special-heading-inner-border\"><\/div><\/div><\/div><\/div>\n<\/div><\/div><\/main><!-- close content main element --><\/div><\/div><div id='after_section_1'  class='main_color av_default_container_wrap container_wrap fullsize'  ><div class='container av-section-cont-open' ><div class='template-page content  av-content-full alpha units'><div class='post-entry post-entry-type-page post-entry-3942'><div class='entry-content-wrapper clearfix'>\n<div  class='flex_column av-32lzpo-532a35db37033458be2e8d92a9349361 av_one_full  avia-builder-el-3  el_after_av_section  avia-builder-el-no-sibling  first flex_column_div'     ><p><section  class='av_textblock_section av-mj1xi580-41c00822e5638027733ce8f3bb0dd625'   itemscope=\"itemscope\" itemtype=\"https:\/\/schema.org\/CreativeWork\" ><div class='avia_textblock'  itemprop=\"text\" ><p><span style=\"font-weight: 400;\">\u00d6kotudatoss\u00e1ggal foglalkoz\u00f3 podcast-sorozatunk ezen epiz\u00f3dj\u00e1ban <\/span>V\u00e1s\u00e1rhelyi Kriszta<span style=\"font-weight: 400;\"> a m\u0171sor h\u00e1zigazd\u00e1ja <\/span>Dagna Gmitrowitz<span style=\"font-weight: 400;\">erd\u0151ter\u00e1pi\u00e1s k\u00eds\u00e9r\u0151vel, m\u0171v\u00e9szetterapeut\u00e1val \u00e9s facilit\u00e1torral besz\u00e9lget, aki egy\u00e9ni \u00e9s k\u00f6z\u00f6ss\u00e9gi fejleszt\u00e9si folyamatok tervez\u00e9s\u00e9vel \u00e9s megval\u00f3s\u00edt\u00e1s\u00e1val foglalkozik. A besz\u00e9lget\u00e9s k\u00f6rbej\u00e1rja, hogy mit jelent val\u00f3j\u00e1ban <\/span><i><span style=\"font-weight: 400;\">a Term\u00e9szet n\u00e9pszer\u0171s\u00edt\u00e9se (Promoting Nature)<\/span><\/i><span style=\"font-weight: 400;\"> mint \u00f6kokompetencia, \u00e9s hogyan alak\u00edthatja \u00e1t \u00f6nmagunkr\u00f3l \u00e9s m\u00e1sokr\u00f3l alkotott k\u00e9p\u00fcnket az \u00e9l\u0151 vil\u00e1ggal val\u00f3 \u00fajrakapcsol\u00f3d\u00e1s.<\/span><\/p>\n<\/div><\/section><br \/>\n\n<style type=\"text\/css\" data-created_by=\"avia_inline_auto\" id=\"style-css-av-mj1y3fm9-b608df37abba9e0d30bb47d25d391074\">\n#top .av-special-heading.av-mj1y3fm9-b608df37abba9e0d30bb47d25d391074{\npadding-bottom:10px;\n}\nbody .av-special-heading.av-mj1y3fm9-b608df37abba9e0d30bb47d25d391074 .av-special-heading-tag .heading-char{\nfont-size:25px;\n}\n.av-special-heading.av-mj1y3fm9-b608df37abba9e0d30bb47d25d391074 .av-subheading{\nfont-size:15px;\n}\n<\/style>\n<div  class='av-special-heading av-mj1y3fm9-b608df37abba9e0d30bb47d25d391074 av-special-heading-h5 blockquote classic-quote classic-quote-left  avia-builder-el-5  el_after_av_textblock  el_before_av_textblock'><h5 class='av-special-heading-tag'  itemprop=\"headline\"  >A term\u00e9szet n\u00e9pszer\u0171s\u00edt\u00e9se, visszat\u00e9r\u00e9s \u00f6nmagunkhoz<\/h5><div class=\"special-heading-border\"><div class=\"special-heading-inner-border\"><\/div><\/div><\/div><br \/>\n<section  class='av_textblock_section av-35wios-c841a59c88abf5b97922ab447f926d10'   itemscope=\"itemscope\" itemtype=\"https:\/\/schema.org\/CreativeWork\" ><div class='avia_textblock'  itemprop=\"text\" ><p><span style=\"font-weight: 400;\">Dagna sz\u00e1m\u00e1ra <\/span><i><span style=\"font-weight: 400;\">a term\u00e9szet n\u00e9pszer\u0171s\u00edt\u00e9se<\/span><\/i><span style=\"font-weight: 400;\"> figyelemfelkelt\u0151 kamp\u00e1nyokr\u00f3l vagy k\u00fcl\u00f6nb\u00f6z\u0151 \u00f6kol\u00f3gikus rendszerek bemutat\u00e1s\u00e1r\u00f3l sz\u00f3l. Sokkal ink\u00e1bb <\/span>arr\u00f3l, hogy jelen legy\u00fcnk a term\u00e9szetben,<span style=\"font-weight: 400;\"> \u00e9s eml\u00e9kezz\u00fcnk arra, hogy annak elv\u00e1laszthatatlan r\u00e9szei vagyunk. A modern \u00e9let sokunkat a \u201ev\u00e9gtelen n\u00f6veked\u00e9s \u00e1lm\u00e1ba\u201d ringatott, ahol az identit\u00e1s szerepekre, birtokl\u00e1sra \u00e9s teljes\u00edtm\u00e9nyre \u00e9p\u00fcl. Ez az elt\u00e1volod\u00e1s gyeng\u00edti \u00e9rz\u00e9kszervi tudatoss\u00e1gunkat, \u00e9s k\u00f6nnyen elszak\u00edthat minket a jelen pillanatt\u00f3l. A term\u00e9szettel val\u00f3 tudatos kapcsolat \u00fajra\u00e9p\u00edt\u00e9se seg\u00edt visszatal\u00e1lni gy\u00f6kereinkhez, j\u00f3ll\u00e9t\u00fcnkh\u00f6z \u00e9s val\u00f3di \u00f6nmagunkhoz.<\/span><\/p>\n<\/div><\/section><br \/>\n\n<style type=\"text\/css\" data-created_by=\"avia_inline_auto\" id=\"style-css-av-mjsizl9a-fb163cfc942532895e33da16880be6e2\">\n#top .av-special-heading.av-mjsizl9a-fb163cfc942532895e33da16880be6e2{\npadding-bottom:10px;\n}\nbody .av-special-heading.av-mjsizl9a-fb163cfc942532895e33da16880be6e2 .av-special-heading-tag .heading-char{\nfont-size:25px;\n}\n.av-special-heading.av-mjsizl9a-fb163cfc942532895e33da16880be6e2 .av-subheading{\nfont-size:15px;\n}\n<\/style>\n<div  class='av-special-heading av-mjsizl9a-fb163cfc942532895e33da16880be6e2 av-special-heading-h5 blockquote classic-quote classic-quote-left  avia-builder-el-7  el_after_av_textblock  el_before_av_textblock'><h5 class='av-special-heading-tag'  itemprop=\"headline\"  >Szeml\u00e9letform\u00e1l\u00f3 projektek<\/h5><div class=\"special-heading-border\"><div class=\"special-heading-inner-border\"><\/div><\/div><\/div><br \/>\n<section  class='av_textblock_section av-mj1xicv0-7cf83785be297b5b3a7e65e58180b660'   itemscope=\"itemscope\" itemtype=\"https:\/\/schema.org\/CreativeWork\" ><div class='avia_textblock'  itemprop=\"text\" ><p><span style=\"font-weight: 400;\">Dagna munk\u00e1j\u00e1nak jelent\u0151s r\u00e9sze arra ir\u00e1nyul, hogy utakat nyisson azok sz\u00e1m\u00e1ra, akiknek korl\u00e1tozott a hozz\u00e1f\u00e9r\u00e9s\u00fck a term\u00e9szethez. Bemutatja az <\/span>Erd\u0151 Mindenkinek (Accessible Forest)<span style=\"font-weight: 400;\"> projektet, amely s\u00e9r\u00fcl\u00e9keny \u00e9s gyakran h\u00e1tt\u00e9rbe szorul\u00f3 csoportokat \u2013 menek\u00fclteket, id\u0151seket, fogyat\u00e9koss\u00e1ggal \u00e9l\u0151 embereket vagy digit\u00e1lis t\u00falterhelts\u00e9ggel k\u00fczd\u0151ket \u2013 t\u00e1mogat abban, hogy egyszer\u0171, befogad\u00f3 gyakorlatokon kereszt\u00fcl \u00fajrakapcsol\u00f3djanak az \u00e9l\u0151 vil\u00e1ggal. Sz\u00f3 esik a <\/span>Planting Stories<span style=\"font-weight: 400;\">kezdem\u00e9nyez\u00e9sr\u0151l is, amely megmutatja, hogy ak\u00e1r egyetlen szoban\u00f6v\u00e9ny gondoz\u00e1sa is k\u00e9pes fel\u00e9breszteni az \u00e9rz\u00e9kenys\u00e9get, a jelenl\u00e9tet \u00e9s az \u00f6r\u00f6m\u00f6t azokn\u00e1l, akik nem tudnak rendszeresen a szabadban id\u0151t t\u00f6lteni.<\/span><\/p>\n<\/div><\/section><br \/>\n\n<style type=\"text\/css\" data-created_by=\"avia_inline_auto\" id=\"style-css-av-mjsj09gd-475da073ee1d98f5a25150b15d928484\">\n#top .av-special-heading.av-mjsj09gd-475da073ee1d98f5a25150b15d928484{\npadding-bottom:10px;\n}\nbody .av-special-heading.av-mjsj09gd-475da073ee1d98f5a25150b15d928484 .av-special-heading-tag .heading-char{\nfont-size:25px;\n}\n.av-special-heading.av-mjsj09gd-475da073ee1d98f5a25150b15d928484 .av-subheading{\nfont-size:15px;\n}\n<\/style>\n<div  class='av-special-heading av-mjsj09gd-475da073ee1d98f5a25150b15d928484 av-special-heading-h5 blockquote classic-quote classic-quote-left  avia-builder-el-9  el_after_av_textblock  el_before_av_textblock'><h5 class='av-special-heading-tag'  itemprop=\"headline\"  >Apr\u00f3 gyakorlatok a kapcsol\u00f3d\u00e1s fel\u00e9<\/h5><div class=\"special-heading-border\"><div class=\"special-heading-inner-border\"><\/div><\/div><\/div><br \/>\n<section  class='av_textblock_section av-mj1xj2mr-a6612aa40f5705038c4d2edeeb7a230a'   itemscope=\"itemscope\" itemtype=\"https:\/\/schema.org\/CreativeWork\" ><div class='avia_textblock'  itemprop=\"text\" ><p><span style=\"font-weight: 400;\">Dagna egyszer\u0171 bel\u00e9p\u00e9si pontokat k\u00edn\u00e1l a term\u00e9szethez val\u00f3 kapcsol\u00f3d\u00e1shoz. Belt\u00e9rben azt javasolja, hogy tekints\u00fcnk egy szoban\u00f6v\u00e9nyre \u00e9l\u0151 l\u00e9nyk\u00e9nt.  \u00c9rints\u00fck meg a leveleit, figyelj\u00fck meg az alakj\u00e1t, \u00e9s azt, hogyan reag\u00e1l a f\u00e9nyre. A szabadban pedig egy ismeretlen \u00fatvonal v\u00e1laszt\u00e1s\u00e1t aj\u00e1nlja egy parkban vagy erd\u0151ben, hogy \u00e9lesedjenek az \u00e9rz\u00e9kek \u00e9s megv\u00e1ltozzon a figyelm\u00fcnk ir\u00e1nya. Ezek az apr\u00f3 gyakorlatok k\u00edv\u00e1ncsis\u00e1gra \u00f6szt\u00f6n\u00f6znek, \u00e9s eml\u00e9keztetnek arra, hogy a term\u00e9szet minden\u00fctt jelen van, nem csak az \u00e9rintetlen vadonban.\u00a0<\/span><\/p>\n<\/div><\/section><br \/>\n\n<style type=\"text\/css\" data-created_by=\"avia_inline_auto\" id=\"style-css-av-mjsj0szq-6962665ac083604b838cc35220f2d3a2\">\n#top .av-special-heading.av-mjsj0szq-6962665ac083604b838cc35220f2d3a2{\npadding-bottom:10px;\n}\nbody .av-special-heading.av-mjsj0szq-6962665ac083604b838cc35220f2d3a2 .av-special-heading-tag .heading-char{\nfont-size:25px;\n}\n.av-special-heading.av-mjsj0szq-6962665ac083604b838cc35220f2d3a2 .av-subheading{\nfont-size:15px;\n}\n<\/style>\n<div  class='av-special-heading av-mjsj0szq-6962665ac083604b838cc35220f2d3a2 av-special-heading-h5 blockquote classic-quote classic-quote-left  avia-builder-el-11  el_after_av_textblock  el_before_av_textblock'><h5 class='av-special-heading-tag'  itemprop=\"headline\"  >Hogyan v\u00e1ltoznak az emberek a term\u00e9szethez val\u00f3 kapcsol\u00f3d\u00e1s \u00e1ltal<\/h5><div class=\"special-heading-border\"><div class=\"special-heading-inner-border\"><\/div><\/div><\/div><br \/>\n<section  class='av_textblock_section av-mj1xj91v-0198ba5f6787ded954dc2462f8f56ab7'   itemscope=\"itemscope\" itemtype=\"https:\/\/schema.org\/CreativeWork\" ><div class='avia_textblock'  itemprop=\"text\" ><p><span style=\"font-weight: 400;\">Az erd\u0151f\u00fcrd\u0151 s\u00e9t\u00e1k vezet\u00e9se sor\u00e1n Dagna az \u00e9vek alatt m\u00e9ly \u00e1talakul\u00e1sokat figyelt meg. A r\u00e9sztvev\u0151k gyakran fesz\u00fclten, besz\u00e9desen \u00e9rkeznek, majd csendben, a jelent tudatos meg\u00e9l\u00e9s\u00e9b\u0151l mer\u00edtkezve, ellazulva t\u00e1voznak. L\u00e9gz\u00e9s\u00fck lelassul, testtart\u00e1suk old\u00f3dik \u00e9s megjelenik az k\u00f6rnyezetre val\u00f3 nyitotts\u00e1g. Ez a m\u00e9lyebb r\u00e1hangol\u00f3d\u00e1s a mindennapokba is \u00e1tsziv\u00e1rog, az emberek \u00e9szreveszik a k\u00e1ros viselked\u00e9smint\u00e1kat, nagyobb emp\u00e1ti\u00e1t \u00e9reznek a term\u00e9szeti k\u00f6rnyezet ir\u00e1nt, \u00e9s tudatosabb d\u00f6nt\u00e9seket hoznak \u2013 ak\u00e1r a szabadban, ak\u00e1r otthon, a saj\u00e1t n\u00f6v\u00e9nyeikkel kapcsolatban. Ezek a v\u00e1ltoz\u00e1sok azt mutatj\u00e1k, hogy a term\u00e9szettel val\u00f3 \u00fajrakapcsol\u00f3d\u00e1s nemcsak a j\u00f3ll\u00e9tet t\u00e1pl\u00e1lja, hanem az egy\u00e9ni szeml\u00e9letet \u00e9s a cselekv\u00e9st is form\u00e1lja.<\/span><\/p>\n<p><span style=\"font-weight: 400;\">\u00a0<\/span><\/p>\n<\/div><\/section><br \/>\n\n<style type=\"text\/css\" data-created_by=\"avia_inline_auto\" id=\"style-css-av-mjsj1k91-b7d4c36dea68da2715f5506ba74c91ba\">\n#top .av-special-heading.av-mjsj1k91-b7d4c36dea68da2715f5506ba74c91ba{\npadding-bottom:10px;\n}\nbody .av-special-heading.av-mjsj1k91-b7d4c36dea68da2715f5506ba74c91ba .av-special-heading-tag .heading-char{\nfont-size:25px;\n}\n.av-special-heading.av-mjsj1k91-b7d4c36dea68da2715f5506ba74c91ba .av-subheading{\nfont-size:15px;\n}\n<\/style>\n<div  class='av-special-heading av-mjsj1k91-b7d4c36dea68da2715f5506ba74c91ba av-special-heading-h5 blockquote classic-quote classic-quote-left  avia-builder-el-13  el_after_av_textblock  el_before_av_textblock'><h5 class='av-special-heading-tag'  itemprop=\"headline\"  >Kih\u00edv\u00e1sok \u00e9s az el\u0151tt\u00fcnk \u00e1ll\u00f3 \u00fat<\/h5><div class=\"special-heading-border\"><div class=\"special-heading-inner-border\"><\/div><\/div><\/div><br \/>\n<section  class='av_textblock_section av-mj1xk7y3-e9170c2420bf062ade97a001b4a6336d'   itemscope=\"itemscope\" itemtype=\"https:\/\/schema.org\/CreativeWork\" ><div class='avia_textblock'  itemprop=\"text\" ><p><span style=\"font-weight: 400;\">A term\u00e9szet n\u00e9pszer\u0171s\u00edt\u00e9se kompetencia fejleszt\u00e9se sz\u00e1mos kih\u00edv\u00e1st is rejt mag\u00e1ban. Int\u00e9zm\u00e9nyi strukt\u00far\u00e1k, kultur\u00e1lis norm\u00e1k \u00e9s f\u00e9lelmek \u2013 k\u00fcl\u00f6n\u00f6sen a kl\u00edmav\u00e1ltoz\u00e1shoz vagy term\u00e9szeti katasztr\u00f3f\u00e1khoz kapcsol\u00f3d\u00f3k \u2013 akad\u00e1lyozhatj\u00e1k az \u00fajrakapcsol\u00f3d\u00e1st. Dagna hangs\u00falyozza a gyeng\u00e9d t\u00e1mogat\u00e1s, a kutat\u00e1s \u00e9s a k\u00f6z\u00f6s er\u0151fesz\u00edt\u00e9s fontoss\u00e1g\u00e1t abban, hogy \u00fajra\u00e9p\u00edts\u00fck a term\u00e9szetbe vetett bizalmat, \u00e9s biztons\u00e1gos utakat teremts\u00fcnk az \u00e9l\u0151 vil\u00e1g meg\u00e9l\u00e9s\u00e9hez val\u00f3 visszat\u00e9r\u00e9shez.<\/span><\/p>\n<p><span style=\"font-weight: 400;\">\u00a0<\/span><\/p>\n<\/div><\/section><br \/>\n\n<style type=\"text\/css\" data-created_by=\"avia_inline_auto\" id=\"style-css-av-mjsj2jac-7e7379c49e6f219dced5011893514cd4\">\n#top .av-special-heading.av-mjsj2jac-7e7379c49e6f219dced5011893514cd4{\npadding-bottom:10px;\n}\nbody .av-special-heading.av-mjsj2jac-7e7379c49e6f219dced5011893514cd4 .av-special-heading-tag .heading-char{\nfont-size:25px;\n}\n.av-special-heading.av-mjsj2jac-7e7379c49e6f219dced5011893514cd4 .av-subheading{\nfont-size:15px;\n}\n<\/style>\n<div  class='av-special-heading av-mjsj2jac-7e7379c49e6f219dced5011893514cd4 av-special-heading-h5 blockquote classic-quote classic-quote-left  avia-builder-el-15  el_after_av_textblock  el_before_av_textblock'><h5 class='av-special-heading-tag'  itemprop=\"headline\"  >Egy ma m\u00e1r \u00e9l\u0151 \u00e1lom<\/h5><div class=\"special-heading-border\"><div class=\"special-heading-inner-border\"><\/div><\/div><\/div><br \/>\n<section  class='av_textblock_section av-mj1xkl91-153fff7ea89c3de840c0a024f3dfbea4'   itemscope=\"itemscope\" itemtype=\"https:\/\/schema.org\/CreativeWork\" ><div class='avia_textblock'  itemprop=\"text\" ><p><span style=\"font-weight: 400;\">Amikor arr\u00f3l k\u00e9rdezik, milyen \u00e1lmot l\u00e1t maga el\u0151tt egy \u00f6kotudatosabb vil\u00e1g kapcs\u00e1n, Dagna egyszer\u0171en v\u00e1laszol: <\/span>az \u00e1lom m\u00e1r most is \u00e9l.<span style=\"font-weight: 400;\">Minden pillanatnyi figyelem, kedvess\u00e9g \u00e9s kapcsol\u00f3d\u00e1s \u2013 legyen az n\u00f6v\u00e9nyekhez, emberekhez vagy egy adott helyhez \u2013 hozz\u00e1j\u00e1rul egy regenerat\u00edv, a term\u00e9szettel \u00f6sszhangban l\u00e9v\u0151 t\u00e1rsadalom \u00e9p\u00edt\u00e9s\u00e9hez. Az \u00e1ltala elk\u00e9pzelt j\u00f6v\u0151 a jelenben kezd\u0151dik, apr\u00f3 mindennapi cselekedetekkel, amelyek \u00fajra megnyitnak benn\u00fcnket az \u00e9let fel\u00e9.<\/span><\/p>\n<p><span style=\"font-weight: 400;\">\u00a0<\/span><\/p>\n<\/div><\/section><\/p><\/div>","protected":false},"excerpt":{"rendered":"","protected":false},"author":17,"featured_media":0,"parent":188,"menu_order":0,"comment_status":"closed","ping_status":"closed","template":"","meta":{"_acf_changed":false,"footnotes":""},"class_list":["post-3942","page","type-page","status-publish","hentry"],"acf":[],"yoast_head":"<!-- This site is optimized with the Yoast SEO plugin v25.6 - https:\/\/yoast.com\/wordpress\/plugins\/seo\/ -->\n<title>Promoting nature Summary - The Ecoliteracy Hub<\/title>\n<meta name=\"robots\" content=\"index, follow, max-snippet:-1, max-image-preview:large, max-video-preview:-1\" \/>\n<link rel=\"canonical\" href=\"https:\/\/ecoliteracy.eu\/hu\/resource-library\/podcasts\/promoting-nature-summary\/\" \/>\n<meta property=\"og:locale\" content=\"hu_HU\" \/>\n<meta property=\"og:type\" content=\"article\" \/>\n<meta property=\"og:title\" content=\"Promoting nature Summary - The Ecoliteracy Hub\" \/>\n<meta property=\"og:url\" content=\"https:\/\/ecoliteracy.eu\/hu\/resource-library\/podcasts\/promoting-nature-summary\/\" \/>\n<meta property=\"og:site_name\" content=\"The Ecoliteracy Hub\" \/>\n<meta property=\"article:modified_time\" content=\"2026-02-24T14:19:57+00:00\" \/>\n<meta name=\"twitter:card\" content=\"summary_large_image\" \/>\n<meta name=\"twitter:label1\" content=\"Becs\u00fclt olvas\u00e1si id\u0151\" \/>\n\t<meta name=\"twitter:data1\" content=\"3 perc\" \/>\n<script type=\"application\/ld+json\" class=\"yoast-schema-graph\">{\"@context\":\"https:\/\/schema.org\",\"@graph\":[{\"@type\":\"WebPage\",\"@id\":\"https:\/\/ecoliteracy.eu\/resource-library\/podcasts\/promoting-nature-summary\/\",\"url\":\"https:\/\/ecoliteracy.eu\/resource-library\/podcasts\/promoting-nature-summary\/\",\"name\":\"Promoting nature Summary - The Ecoliteracy Hub\",\"isPartOf\":{\"@id\":\"https:\/\/ecoliteracy.eu\/#website\"},\"datePublished\":\"2025-12-30T11:55:10+00:00\",\"dateModified\":\"2026-02-24T14:19:57+00:00\",\"breadcrumb\":{\"@id\":\"https:\/\/ecoliteracy.eu\/resource-library\/podcasts\/promoting-nature-summary\/#breadcrumb\"},\"inLanguage\":\"hu\",\"potentialAction\":[{\"@type\":\"ReadAction\",\"target\":[\"https:\/\/ecoliteracy.eu\/resource-library\/podcasts\/promoting-nature-summary\/\"]}]},{\"@type\":\"BreadcrumbList\",\"@id\":\"https:\/\/ecoliteracy.eu\/resource-library\/podcasts\/promoting-nature-summary\/#breadcrumb\",\"itemListElement\":[{\"@type\":\"ListItem\",\"position\":1,\"name\":\"Home\",\"item\":\"https:\/\/ecoliteracy.eu\/\"},{\"@type\":\"ListItem\",\"position\":2,\"name\":\"Resources\",\"item\":\"https:\/\/ecoliteracy.eu\/resource-library\/\"},{\"@type\":\"ListItem\",\"position\":3,\"name\":\"Podcasts\",\"item\":\"https:\/\/ecoliteracy.eu\/resource-library\/podcasts\/\"},{\"@type\":\"ListItem\",\"position\":4,\"name\":\"Promoting nature Summary\"}]},{\"@type\":\"WebSite\",\"@id\":\"https:\/\/ecoliteracy.eu\/#website\",\"url\":\"https:\/\/ecoliteracy.eu\/\",\"name\":\"The Ecoliteracy Hub\",\"description\":\"Empowering Educators for a Sustainable Future\",\"potentialAction\":[{\"@type\":\"SearchAction\",\"target\":{\"@type\":\"EntryPoint\",\"urlTemplate\":\"https:\/\/ecoliteracy.eu\/?s={search_term_string}\"},\"query-input\":{\"@type\":\"PropertyValueSpecification\",\"valueRequired\":true,\"valueName\":\"search_term_string\"}}],\"inLanguage\":\"hu\"}]}<\/script>\n<!-- \/ Yoast SEO plugin. -->","yoast_head_json":{"title":"Promoting nature Summary - The Ecoliteracy Hub","robots":{"index":"index","follow":"follow","max-snippet":"max-snippet:-1","max-image-preview":"max-image-preview:large","max-video-preview":"max-video-preview:-1"},"canonical":"https:\/\/ecoliteracy.eu\/hu\/resource-library\/podcasts\/promoting-nature-summary\/","og_locale":"hu_HU","og_type":"article","og_title":"Promoting nature Summary - The Ecoliteracy Hub","og_url":"https:\/\/ecoliteracy.eu\/hu\/resource-library\/podcasts\/promoting-nature-summary\/","og_site_name":"The Ecoliteracy Hub","article_modified_time":"2026-02-24T14:19:57+00:00","twitter_card":"summary_large_image","twitter_misc":{"Becs\u00fclt olvas\u00e1si id\u0151":"3 perc"},"schema":{"@context":"https:\/\/schema.org","@graph":[{"@type":"WebPage","@id":"https:\/\/ecoliteracy.eu\/resource-library\/podcasts\/promoting-nature-summary\/","url":"https:\/\/ecoliteracy.eu\/resource-library\/podcasts\/promoting-nature-summary\/","name":"Promoting nature Summary - The Ecoliteracy Hub","isPartOf":{"@id":"https:\/\/ecoliteracy.eu\/#website"},"datePublished":"2025-12-30T11:55:10+00:00","dateModified":"2026-02-24T14:19:57+00:00","breadcrumb":{"@id":"https:\/\/ecoliteracy.eu\/resource-library\/podcasts\/promoting-nature-summary\/#breadcrumb"},"inLanguage":"hu","potentialAction":[{"@type":"ReadAction","target":["https:\/\/ecoliteracy.eu\/resource-library\/podcasts\/promoting-nature-summary\/"]}]},{"@type":"BreadcrumbList","@id":"https:\/\/ecoliteracy.eu\/resource-library\/podcasts\/promoting-nature-summary\/#breadcrumb","itemListElement":[{"@type":"ListItem","position":1,"name":"Home","item":"https:\/\/ecoliteracy.eu\/"},{"@type":"ListItem","position":2,"name":"Resources","item":"https:\/\/ecoliteracy.eu\/resource-library\/"},{"@type":"ListItem","position":3,"name":"Podcasts","item":"https:\/\/ecoliteracy.eu\/resource-library\/podcasts\/"},{"@type":"ListItem","position":4,"name":"Promoting nature Summary"}]},{"@type":"WebSite","@id":"https:\/\/ecoliteracy.eu\/#website","url":"https:\/\/ecoliteracy.eu\/","name":"Az Ecoliteracy Hub","description":"Az \u00f6kotudatos oktat\u00e1s erej\u00e9vel a fenntarthat\u00f3 j\u00f6v\u0151\u00e9rt","potentialAction":[{"@type":"SearchAction","target":{"@type":"EntryPoint","urlTemplate":"https:\/\/ecoliteracy.eu\/?s={search_term_string}"},"query-input":{"@type":"PropertyValueSpecification","valueRequired":true,"valueName":"search_term_string"}}],"inLanguage":"hu"}]}},"_hostinger_reach_plugin_has_subscription_block":false,"_hostinger_reach_plugin_is_elementor":false,"_links":{"self":[{"href":"https:\/\/ecoliteracy.eu\/hu\/wp-json\/wp\/v2\/pages\/3942","targetHints":{"allow":["GET"]}}],"collection":[{"href":"https:\/\/ecoliteracy.eu\/hu\/wp-json\/wp\/v2\/pages"}],"about":[{"href":"https:\/\/ecoliteracy.eu\/hu\/wp-json\/wp\/v2\/types\/page"}],"author":[{"embeddable":true,"href":"https:\/\/ecoliteracy.eu\/hu\/wp-json\/wp\/v2\/users\/17"}],"replies":[{"embeddable":true,"href":"https:\/\/ecoliteracy.eu\/hu\/wp-json\/wp\/v2\/comments?post=3942"}],"version-history":[{"count":2,"href":"https:\/\/ecoliteracy.eu\/hu\/wp-json\/wp\/v2\/pages\/3942\/revisions"}],"predecessor-version":[{"id":4036,"href":"https:\/\/ecoliteracy.eu\/hu\/wp-json\/wp\/v2\/pages\/3942\/revisions\/4036"}],"up":[{"embeddable":true,"href":"https:\/\/ecoliteracy.eu\/hu\/wp-json\/wp\/v2\/pages\/188"}],"wp:attachment":[{"href":"https:\/\/ecoliteracy.eu\/hu\/wp-json\/wp\/v2\/media?parent=3942"}],"curies":[{"name":"wp","href":"https:\/\/api.w.org\/{rel}","templated":true}]}}