{"id":3934,"date":"2025-12-30T11:22:51","date_gmt":"2025-12-30T11:22:51","guid":{"rendered":"https:\/\/ecoliteracy.eu\/?page_id=3934"},"modified":"2026-02-24T14:18:07","modified_gmt":"2026-02-24T14:18:07","slug":"supporting-fairness-summary","status":"publish","type":"page","link":"https:\/\/ecoliteracy.eu\/hu\/resource-library\/podcasts\/supporting-fairness-summary\/","title":{"rendered":"Supporting Fairness Summary"},"content":{"rendered":"<div id='av_section_1'  class='avia-section av-9ivm8c-c343d3d3ecf3e27a1b4df201f74c3d59 main_color avia-section-default avia-no-border-styling  avia-builder-el-0  el_before_av_one_full  avia-builder-el-first  avia-bg-style-scroll container_wrap fullsize'  ><div class='container av-section-cont-open' ><main  role=\"main\" itemprop=\"mainContentOfPage\"  class='template-page content  av-content-full alpha units'><div class='post-entry post-entry-type-page post-entry-3934'><div class='entry-content-wrapper clearfix'>\n\n<style type=\"text\/css\" data-created_by=\"avia_inline_auto\" id=\"style-css-av-6vkz58-7f8f0f165224c05434384c1a11cadc7a\">\n.flex_column.av-6vkz58-7f8f0f165224c05434384c1a11cadc7a{\nborder-width:1px;\nborder-color:#ebebeb;\nborder-style:solid;\nborder-radius:25px 0px 25px 0px;\nbackground-color:#ebebeb;\n}\n<\/style>\n<div  class='flex_column av-6vkz58-7f8f0f165224c05434384c1a11cadc7a av_two_third  avia-builder-el-1  avia-builder-el-no-sibling  first no_margin flex_column_div'     ><style type=\"text\/css\" data-created_by=\"avia_inline_auto\" id=\"style-css-av-mj1xgfy9-dd2534dafb9c63e3c908d106dc82a8b7\">\n#top .av-special-heading.av-mj1xgfy9-dd2534dafb9c63e3c908d106dc82a8b7{\npadding-bottom:0;\n}\nbody .av-special-heading.av-mj1xgfy9-dd2534dafb9c63e3c908d106dc82a8b7 .av-special-heading-tag .heading-char{\nfont-size:25px;\n}\n.av-special-heading.av-mj1xgfy9-dd2534dafb9c63e3c908d106dc82a8b7 .av-subheading{\nfont-size:15px;\n}\n<\/style>\n<div  class='av-special-heading av-mj1xgfy9-dd2534dafb9c63e3c908d106dc82a8b7 av-special-heading-h4 custom-color-heading blockquote modern-quote  avia-builder-el-2  avia-builder-el-no-sibling  ngo-header'><h4 class='av-special-heading-tag'  itemprop=\"headline\"  >A m\u00e9lt\u00e1nyoss\u00e1g t\u00e1mogat\u00e1sa \u2013 egyenl\u0151s\u00e9g, befogad\u00e1s \u00e9s igazs\u00e1goss\u00e1g fontoss\u00e1ga a fenntarthat\u00f3s\u00e1g k\u00e9rd\u00e9sben<\/h4><div class=\"special-heading-border\"><div class=\"special-heading-inner-border\"><\/div><\/div><\/div><\/div>\n<\/div><\/div><\/main><!-- close content main element --><\/div><\/div><div id='after_section_1'  class='main_color av_default_container_wrap container_wrap fullsize'  ><div class='container av-section-cont-open' ><div class='template-page content  av-content-full alpha units'><div class='post-entry post-entry-type-page post-entry-3934'><div class='entry-content-wrapper clearfix'>\n<div  class='flex_column av-32lzpo-532a35db37033458be2e8d92a9349361 av_one_full  avia-builder-el-3  el_after_av_section  avia-builder-el-no-sibling  first flex_column_div'     ><p><section  class='av_textblock_section av-mj1xi580-41c00822e5638027733ce8f3bb0dd625'   itemscope=\"itemscope\" itemtype=\"https:\/\/schema.org\/CreativeWork\" ><div class='avia_textblock'  itemprop=\"text\" ><p><span style=\"font-weight: 400;\">A m\u00e9lt\u00e1nyoss\u00e1g a fenntarthat\u00f3s\u00e1g alapvet\u0151 pill\u00e9re. A Green Minds ezen epiz\u00f3dj\u00e1ban Esther Vallado, a podcast h\u00e1zigazd\u00e1ja Henrique Gon\u00e7alvesszel, a SALTO Inclusion &amp; Diversity projektmunkat\u00e1rs\u00e1val besz\u00e9lget a m\u00e9lt\u00e1nyoss\u00e1g t\u00e1mogat\u00e1sa (Supporting Fairness) c\u00edm\u0171 \u00f6kokompetenci\u00e1r\u00f3l \u2013 arr\u00f3l a k\u00e9pess\u00e9gr\u0151l, amely lehet\u0151v\u00e9 teszi az igazs\u00e1goss\u00e1g, az egyenl\u0151s\u00e9g \u00e9s a befogad\u00f3 r\u00e9szv\u00e9tel el\u0151mozd\u00edt\u00e1s\u00e1t a fenntarthat\u00f3s\u00e1gi kezdem\u00e9nyez\u00e9sekben \u00e9s a k\u00f6z\u00f6ss\u00e9gi tanul\u00e1si folyamatokban.<\/span><\/p>\n<\/div><\/section><br \/>\n<section  class='av_textblock_section av-35wios-c841a59c88abf5b97922ab447f926d10'   itemscope=\"itemscope\" itemtype=\"https:\/\/schema.org\/CreativeWork\" ><div class='avia_textblock'  itemprop=\"text\" ><p><span style=\"font-weight: 400;\">Henrique szerint a m\u00e9lt\u00e1nyoss\u00e1g t\u00e1mogat\u00e1sa mag\u00e1ban foglalja <\/span>az olyan struktur\u00e1lis akad\u00e1lyok felismer\u00e9s\u00e9t,<span style=\"font-weight: 400;\"> mint a diszkrimin\u00e1ci\u00f3, a t\u00e1rsadalmi-gazdas\u00e1gi korl\u00e1tok vagy a lehet\u0151s\u00e9gekhez val\u00f3 egyenl\u0151tlen hozz\u00e1f\u00e9r\u00e9s, valamint annak biztos\u00edt\u00e1s\u00e1t, hogy a marginaliz\u00e1lt k\u00f6z\u00f6ss\u00e9gek is akt\u00edvan r\u00e9szt vehessenek a k\u00f6rnyezetv\u00e9delmi \u00e9s fenntarthat\u00f3s\u00e1gi folyamatokban. Ifj\u00fas\u00e1gi programokban, Erasmus+ projektekben \u00e9s kl\u00edmaigazs\u00e1goss\u00e1gi kezdem\u00e9nyez\u00e9sekben szerzett tapasztalataira t\u00e1maszkodva bemutatja, mik\u00e9nt kapcsol\u00f3dik \u00f6ssze a m\u00e9lt\u00e1nyoss\u00e1g az \u00f6kol\u00f3giai k\u00e9rd\u00e9sekkel \u00e9s a t\u00e1rsadalmi igazs\u00e1goss\u00e1ggal, biztos\u00edtva, <\/span>hogy a megold\u00e1sok mindenki sz\u00e1m\u00e1ra<span style=\"font-weight: 400;\"> el\u0151ny\u00f6sek legyenek, \u00e9s k\u00fcl\u00f6n\u00f6sen azok hangj\u00e1t, akiket legink\u00e1bb \u00e9rintenek a k\u00f6rnyezeti k\u00e1rok.<\/span><\/p>\n<\/div><\/section><br \/>\n<section  class='av_textblock_section av-mj1xicv0-7cf83785be297b5b3a7e65e58180b660'   itemscope=\"itemscope\" itemtype=\"https:\/\/schema.org\/CreativeWork\" ><div class='avia_textblock'  itemprop=\"text\" ><p><span style=\"font-weight: 400;\">Egy szem\u00e9lyes t\u00f6rt\u00e9net k\u00fcl\u00f6n\u00f6sen er\u0151teljesen vil\u00e1g\u00edt r\u00e1 erre a kompetenci\u00e1ra. Henrique korai tapasztalatai a kl\u00edmamozgalmakban folytatott munk\u00e1j\u00e1ban felt\u00e1rt\u00e1k a soksz\u00edn\u0171s\u00e9g hi\u00e1ny\u00e1t, ami arra k\u00e9sztette, hogy elgondolkodjon azon, <\/span>mennyire fontos \u2018minden hang meghall\u00e1sa\u2019<span style=\"font-weight: 400;\">. Ez a felismer\u00e9s az\u00f3ta is v\u00e9gigk\u00eds\u00e9ri munk\u00e1j\u00e1t \u2013 a projektek tervez\u00e9s\u00e9t\u0151l a csoportok facilit\u00e1l\u00e1s\u00e1n \u00e1t eg\u00e9szen olyan tan\u00e1csad\u00f3 csoportok l\u00e9trehoz\u00e1s\u00e1ig, amelyekbe a kirekesztetts\u00e9get meg\u00e9lt emberek is r\u00e9szt vesznek.<\/span><\/p>\n<\/div><\/section><br \/>\n<section  class='av_textblock_section av-mj1xj2mr-a6612aa40f5705038c4d2edeeb7a230a'   itemscope=\"itemscope\" itemtype=\"https:\/\/schema.org\/CreativeWork\" ><div class='avia_textblock'  itemprop=\"text\" ><p><span style=\"font-weight: 400;\">Henrique a m\u00e9lt\u00e1nyoss\u00e1g t\u00e1mogat\u00e1s\u00e1t <\/span>h\u00e1rom dimenzi\u00f3ra bontja<span style=\"font-weight: 400;\"> \u2013 tud\u00e1sra, k\u00e9szs\u00e9gekre \u00e9s attit\u0171d\u00f6kre \u2013, \u00f6sszhangban a transzformat\u00edv oktat\u00e1s fej\u2013k\u00e9z\u2013sz\u00edv modellj\u00e9vel. <\/span>A tud\u00e1s<span style=\"font-weight: 400;\"> mag\u00e1ba foglalja a k\u00f6rnyezeti igazs\u00e1goss\u00e1g \u00e9s az interszekcionalit\u00e1s <\/span>(\u00f6sszefon\u00f3d\u00f3<span style=\"font-weight: 400;\"> t\u00e1rsadalmi h\u00e1tr\u00e1nyok szeml\u00e9lete) <\/span>meg\u00e9rt\u00e9s\u00e9t.<span style=\"font-weight: 400;\"> A k\u00e9szs\u00e9gek k\u00f6z\u00e9 tartozik az inkluz\u00edv tev\u00e9kenys\u00e9gek tervez\u00e9se, a p\u00e1rbesz\u00e9d facilit\u00e1l\u00e1sa \u00e9s a m\u00f3dszerek rugalmas alak\u00edt\u00e1sa a r\u00e9sztvev\u0151k sokf\u00e9les\u00e9g\u00e9b\u0151l ad\u00f3d\u00f3 k\u00fcl\u00f6nf\u00e9le ig\u00e9nyei szerint. Az attit\u0171d\u00f6k pedig az emp\u00e1ti\u00e1t, a k\u00edv\u00e1ncsis\u00e1got, az egyenl\u0151s\u00e9g ir\u00e1nti elk\u00f6telez\u0151d\u00e9st, valamint a saj\u00e1t el\u0151\u00edt\u00e9leteink \u00e9s kiv\u00e1lts\u00e1gaink tudatos\u00edt\u00e1s\u00e1t jelentik.<\/span><\/p>\n<\/div><\/section><br \/>\n<section  class='av_textblock_section av-mj1xj91v-0198ba5f6787ded954dc2462f8f56ab7'   itemscope=\"itemscope\" itemtype=\"https:\/\/schema.org\/CreativeWork\" ><div class='avia_textblock'  itemprop=\"text\" ><p><span style=\"font-weight: 400;\">Az epiz\u00f3d hangs\u00falyozza <\/span>a nemform\u00e1lis \u00e9s kreat\u00edv tanul\u00e1si m\u00f3dszerek<span style=\"font-weight: 400;\"> szerep\u00e9t is a m\u00e9lt\u00e1nyoss\u00e1g er\u0151s\u00edt\u00e9s\u00e9ben. Ilyenek p\u00e9ld\u00e1ul a szimul\u00e1ci\u00f3s gyakorlatok, szerepj\u00e1t\u00e9kok \u00e9s sz\u00ednh\u00e1zi eszk\u00f6z\u00f6k, amelyek seg\u00edtik a r\u00e9sztvev\u0151ket abban, hogy k\u00fcl\u00f6nb\u00f6z\u0151 n\u00e9z\u0151pontokat \u00e9ljenek \u00e1t \u00e9s gyakorolj\u00e1k az emp\u00e1ti\u00e1t. Az olyan gyakorlati eszk\u00f6z\u00f6k, mint az <\/span>Inkluzivit\u00e1s M\u00e9r\u0151<span style=\"font-weight: 400;\"> \u00e9s a <\/span>(Inclusion Meter) \u00e9s a Befogad\u00e1si \u00e9s soksz\u00edn\u0171s\u00e9gi \u00fatiterv (Inclusion and Diversity Roadmap)<span style=\"font-weight: 400;\"> ir\u00e1nymutat\u00e1st adnak szervezeteknek \u00e9s tr\u00e9nereknek, t\u00e1mogatva a fejl\u0151d\u00e9s m\u00e9r\u00e9s\u00e9t \u00e9s a befogad\u00f3, hozz\u00e1f\u00e9rhet\u0151 programok kialak\u00edt\u00e1s\u00e1t.<\/span><\/p>\n<p><span style=\"font-weight: 400;\">Henrique kit\u00e9r azokra <\/span>a kih\u00edv\u00e1sokra is,<span style=\"font-weight: 400;\"> amelyekkel a szervezetek szembes\u00fclnek, p\u00e9ld\u00e1ul a korl\u00e1tozott finansz\u00edroz\u00e1sra, az inkl\u00fazi\u00f3s gyakorlatok k\u00f6vetkezetlens\u00e9g\u00e9re, valamint az \u00f6kol\u00f3giai \u00e9s t\u00e1rsadalmi ter\u00fcletek k\u00f6z\u00f6tti egy\u00fcttm\u0171k\u00f6d\u00e9s sz\u00fcks\u00e9gess\u00e9g\u00e9re. Hangs\u00falyozza az egy\u00fcttalkot\u00e1s, az akt\u00edv megsz\u00f3l\u00edt\u00e1s \u00e9s az inkl\u00fazi\u00f3 fenntarthat\u00f3s\u00e1gi kezdem\u00e9nyez\u00e9sekkel val\u00f3 \u00f6sszekapcsol\u00e1s\u00e1nak fontoss\u00e1g\u00e1t az igazs\u00e1gosabb \u00e9s demokratikusabb folyamatok kialak\u00edt\u00e1s\u00e1hoz.<\/span><\/p>\n<p><span style=\"font-weight: 400;\">A besz\u00e9lget\u00e9s az \u00f6kotudatoss\u00e1g t\u00e1gabb \u00e9rtelmez\u00e9s\u00e9vel z\u00e1rul. Henrique szerint a fenntarthat\u00f3s\u00e1g csak akkor lehet val\u00f3ban \u00e1talak\u00edt\u00f3 erej\u0171, ha a z\u00f6ld \u00e1tmenetbe <\/span>a m\u00e9lt\u00e1nyoss\u00e1g, az igazs\u00e1goss\u00e1g \u00e9s a demokr\u00e1cia<span style=\"font-weight: 400;\"> is be\u00e9p\u00fcl. A m\u00e9lt\u00e1nyoss\u00e1g t\u00e1mogat\u00e1sa lehet\u0151v\u00e9 teszi a tanul\u00f3k \u00e9s k\u00f6z\u00f6ss\u00e9gek sz\u00e1m\u00e1ra az \u00e9rdemi r\u00e9szv\u00e9telt, olyan megold\u00e1sokat teremtve, amelyek igazs\u00e1gosak, befogad\u00f3k \u00e9s rugalmasak. Pedag\u00f3gusok, tr\u00e9nerek \u00e9s ifj\u00fas\u00e1gi szakemberek sz\u00e1m\u00e1ra e kompetencia fejleszt\u00e9se kulcsfontoss\u00e1g\u00fa ahhoz, hogy a j\u00f6v\u0151 gener\u00e1ci\u00f3it fenntarthat\u00f3 cselekv\u00e9sre \u00e9s egyben a t\u00e1rsadalmi koh\u00e9zi\u00f3 \u00e9s demokratikus meg\u00fajul\u00e1s er\u0151s\u00edt\u00e9s\u00e9re felk\u00e9sz\u00edts\u00fck.<\/span><\/p>\n<p><span style=\"font-weight: 400;\">Ebben a podcast-epiz\u00f3dban hallhatsz arr\u00f3l, hogy:<\/span><\/p>\n<ol>\n<li style=\"font-weight: 400;\" aria-level=\"1\">mit jelent a m\u00e9lt\u00e1nyoss\u00e1g t\u00e1mogat\u00e1sa,<span style=\"font-weight: 400;\"> \u00e9s mi\u00e9rt alapvet\u0151 az \u00f6kotudatoss\u00e1g szempontj\u00e1b\u00f3l<\/span><\/li>\n<li style=\"font-weight: 400;\" aria-level=\"1\">hogyan integr\u00e1lhat\u00f3 a tud\u00e1s, a k\u00e9szs\u00e9gek \u00e9s az attit\u0171d\u00f6k <span style=\"font-weight: 400;\">rendszere a befogad\u00f3 fenntarthat\u00f3s\u00e1gi gyakorlatban<\/span><\/li>\n<li style=\"font-weight: 400;\" aria-level=\"1\">milyen gyakorlati strat\u00e9gi\u00e1k \u00e9s eszk\u00f6z\u00f6k<span style=\"font-weight: 400;\"> \u00e1llnak rendelkez\u00e9sre pedag\u00f3gusok, tr\u00e9nerek \u00e9s k\u00f6z\u00f6ss\u00e9gi vezet\u0151k sz\u00e1m\u00e1ra<\/span><\/li>\n<li style=\"font-weight: 400;\" aria-level=\"1\"><span style=\"font-weight: 400;\">mik\u00e9nt er\u0151s\u00edthet\u0151 <\/span>a r\u00e9szv\u00e9tel, az egy\u00fcttalkot\u00e1s \u00e9s a m\u00e9lt\u00e1nyos d\u00f6nt\u00e9shozatal<\/li>\n<li style=\"font-weight: 400;\" aria-level=\"1\">milyen kih\u00edv\u00e1sokkal j\u00e1r e kompetencia<span style=\"font-weight: 400;\"> fejleszt\u00e9se, \u00e9s hogyan lehet ezeket kezelni<\/span><\/li>\n<\/ol>\n<p><i><span style=\"font-weight: 400;\">A m\u00e9lt\u00e1nyoss\u00e1g t\u00e1mogat\u00e1s\u00e1nak tudatos fejleszt\u00e9se biztos\u00edtja, hogy a fenntarthat\u00f3s\u00e1g ne csup\u00e1n \u00f6kol\u00f3giai k\u00e9rd\u00e9s legyen, hanem egy igazs\u00e1gos, m\u00e9lt\u00e1nyos \u00e9s befogad\u00f3 j\u00f6v\u0151 alapja az emberek \u00e9s a bolyg\u00f3 sz\u00e1m\u00e1ra egyar\u00e1nt.<\/span><\/i><\/p>\n<p><span style=\"font-weight: 400;\">\u00a0<\/span><\/p>\n<\/div><\/section><\/p><\/div>","protected":false},"excerpt":{"rendered":"","protected":false},"author":17,"featured_media":0,"parent":188,"menu_order":0,"comment_status":"closed","ping_status":"closed","template":"","meta":{"_acf_changed":false,"footnotes":""},"class_list":["post-3934","page","type-page","status-publish","hentry"],"acf":[],"yoast_head":"<!-- This site is optimized with the Yoast SEO plugin v25.6 - https:\/\/yoast.com\/wordpress\/plugins\/seo\/ -->\n<title>Supporting Fairness Summary - The Ecoliteracy Hub<\/title>\n<meta name=\"robots\" content=\"index, follow, max-snippet:-1, max-image-preview:large, max-video-preview:-1\" \/>\n<link rel=\"canonical\" href=\"https:\/\/ecoliteracy.eu\/hu\/resource-library\/podcasts\/supporting-fairness-summary\/\" \/>\n<meta property=\"og:locale\" content=\"hu_HU\" \/>\n<meta property=\"og:type\" content=\"article\" \/>\n<meta property=\"og:title\" content=\"Supporting Fairness Summary - The Ecoliteracy Hub\" \/>\n<meta property=\"og:url\" content=\"https:\/\/ecoliteracy.eu\/hu\/resource-library\/podcasts\/supporting-fairness-summary\/\" \/>\n<meta property=\"og:site_name\" content=\"The Ecoliteracy Hub\" \/>\n<meta property=\"article:modified_time\" content=\"2026-02-24T14:18:07+00:00\" \/>\n<meta name=\"twitter:card\" content=\"summary_large_image\" \/>\n<meta name=\"twitter:label1\" content=\"Becs\u00fclt olvas\u00e1si id\u0151\" \/>\n\t<meta name=\"twitter:data1\" content=\"3 perc\" \/>\n<script type=\"application\/ld+json\" class=\"yoast-schema-graph\">{\"@context\":\"https:\/\/schema.org\",\"@graph\":[{\"@type\":\"WebPage\",\"@id\":\"https:\/\/ecoliteracy.eu\/resource-library\/podcasts\/supporting-fairness-summary\/\",\"url\":\"https:\/\/ecoliteracy.eu\/resource-library\/podcasts\/supporting-fairness-summary\/\",\"name\":\"Supporting Fairness Summary - The Ecoliteracy Hub\",\"isPartOf\":{\"@id\":\"https:\/\/ecoliteracy.eu\/#website\"},\"datePublished\":\"2025-12-30T11:22:51+00:00\",\"dateModified\":\"2026-02-24T14:18:07+00:00\",\"breadcrumb\":{\"@id\":\"https:\/\/ecoliteracy.eu\/resource-library\/podcasts\/supporting-fairness-summary\/#breadcrumb\"},\"inLanguage\":\"hu\",\"potentialAction\":[{\"@type\":\"ReadAction\",\"target\":[\"https:\/\/ecoliteracy.eu\/resource-library\/podcasts\/supporting-fairness-summary\/\"]}]},{\"@type\":\"BreadcrumbList\",\"@id\":\"https:\/\/ecoliteracy.eu\/resource-library\/podcasts\/supporting-fairness-summary\/#breadcrumb\",\"itemListElement\":[{\"@type\":\"ListItem\",\"position\":1,\"name\":\"Home\",\"item\":\"https:\/\/ecoliteracy.eu\/\"},{\"@type\":\"ListItem\",\"position\":2,\"name\":\"Resources\",\"item\":\"https:\/\/ecoliteracy.eu\/resource-library\/\"},{\"@type\":\"ListItem\",\"position\":3,\"name\":\"Podcasts\",\"item\":\"https:\/\/ecoliteracy.eu\/resource-library\/podcasts\/\"},{\"@type\":\"ListItem\",\"position\":4,\"name\":\"Supporting Fairness Summary\"}]},{\"@type\":\"WebSite\",\"@id\":\"https:\/\/ecoliteracy.eu\/#website\",\"url\":\"https:\/\/ecoliteracy.eu\/\",\"name\":\"The Ecoliteracy Hub\",\"description\":\"Empowering Educators for a Sustainable Future\",\"potentialAction\":[{\"@type\":\"SearchAction\",\"target\":{\"@type\":\"EntryPoint\",\"urlTemplate\":\"https:\/\/ecoliteracy.eu\/?s={search_term_string}\"},\"query-input\":{\"@type\":\"PropertyValueSpecification\",\"valueRequired\":true,\"valueName\":\"search_term_string\"}}],\"inLanguage\":\"hu\"}]}<\/script>\n<!-- \/ Yoast SEO plugin. -->","yoast_head_json":{"title":"Supporting Fairness Summary - The Ecoliteracy Hub","robots":{"index":"index","follow":"follow","max-snippet":"max-snippet:-1","max-image-preview":"max-image-preview:large","max-video-preview":"max-video-preview:-1"},"canonical":"https:\/\/ecoliteracy.eu\/hu\/resource-library\/podcasts\/supporting-fairness-summary\/","og_locale":"hu_HU","og_type":"article","og_title":"Supporting Fairness Summary - The Ecoliteracy Hub","og_url":"https:\/\/ecoliteracy.eu\/hu\/resource-library\/podcasts\/supporting-fairness-summary\/","og_site_name":"The Ecoliteracy Hub","article_modified_time":"2026-02-24T14:18:07+00:00","twitter_card":"summary_large_image","twitter_misc":{"Becs\u00fclt olvas\u00e1si id\u0151":"3 perc"},"schema":{"@context":"https:\/\/schema.org","@graph":[{"@type":"WebPage","@id":"https:\/\/ecoliteracy.eu\/resource-library\/podcasts\/supporting-fairness-summary\/","url":"https:\/\/ecoliteracy.eu\/resource-library\/podcasts\/supporting-fairness-summary\/","name":"Supporting Fairness Summary - The Ecoliteracy Hub","isPartOf":{"@id":"https:\/\/ecoliteracy.eu\/#website"},"datePublished":"2025-12-30T11:22:51+00:00","dateModified":"2026-02-24T14:18:07+00:00","breadcrumb":{"@id":"https:\/\/ecoliteracy.eu\/resource-library\/podcasts\/supporting-fairness-summary\/#breadcrumb"},"inLanguage":"hu","potentialAction":[{"@type":"ReadAction","target":["https:\/\/ecoliteracy.eu\/resource-library\/podcasts\/supporting-fairness-summary\/"]}]},{"@type":"BreadcrumbList","@id":"https:\/\/ecoliteracy.eu\/resource-library\/podcasts\/supporting-fairness-summary\/#breadcrumb","itemListElement":[{"@type":"ListItem","position":1,"name":"Home","item":"https:\/\/ecoliteracy.eu\/"},{"@type":"ListItem","position":2,"name":"Resources","item":"https:\/\/ecoliteracy.eu\/resource-library\/"},{"@type":"ListItem","position":3,"name":"Podcasts","item":"https:\/\/ecoliteracy.eu\/resource-library\/podcasts\/"},{"@type":"ListItem","position":4,"name":"Supporting Fairness Summary"}]},{"@type":"WebSite","@id":"https:\/\/ecoliteracy.eu\/#website","url":"https:\/\/ecoliteracy.eu\/","name":"Az Ecoliteracy Hub","description":"Az \u00f6kotudatos oktat\u00e1s erej\u00e9vel a fenntarthat\u00f3 j\u00f6v\u0151\u00e9rt","potentialAction":[{"@type":"SearchAction","target":{"@type":"EntryPoint","urlTemplate":"https:\/\/ecoliteracy.eu\/?s={search_term_string}"},"query-input":{"@type":"PropertyValueSpecification","valueRequired":true,"valueName":"search_term_string"}}],"inLanguage":"hu"}]}},"_hostinger_reach_plugin_has_subscription_block":false,"_hostinger_reach_plugin_is_elementor":false,"_links":{"self":[{"href":"https:\/\/ecoliteracy.eu\/hu\/wp-json\/wp\/v2\/pages\/3934","targetHints":{"allow":["GET"]}}],"collection":[{"href":"https:\/\/ecoliteracy.eu\/hu\/wp-json\/wp\/v2\/pages"}],"about":[{"href":"https:\/\/ecoliteracy.eu\/hu\/wp-json\/wp\/v2\/types\/page"}],"author":[{"embeddable":true,"href":"https:\/\/ecoliteracy.eu\/hu\/wp-json\/wp\/v2\/users\/17"}],"replies":[{"embeddable":true,"href":"https:\/\/ecoliteracy.eu\/hu\/wp-json\/wp\/v2\/comments?post=3934"}],"version-history":[{"count":3,"href":"https:\/\/ecoliteracy.eu\/hu\/wp-json\/wp\/v2\/pages\/3934\/revisions"}],"predecessor-version":[{"id":4034,"href":"https:\/\/ecoliteracy.eu\/hu\/wp-json\/wp\/v2\/pages\/3934\/revisions\/4034"}],"up":[{"embeddable":true,"href":"https:\/\/ecoliteracy.eu\/hu\/wp-json\/wp\/v2\/pages\/188"}],"wp:attachment":[{"href":"https:\/\/ecoliteracy.eu\/hu\/wp-json\/wp\/v2\/media?parent=3934"}],"curies":[{"name":"wp","href":"https:\/\/api.w.org\/{rel}","templated":true}]}}