{"id":3922,"date":"2025-12-30T10:28:57","date_gmt":"2025-12-30T10:28:57","guid":{"rendered":"https:\/\/ecoliteracy.eu\/?page_id=3922"},"modified":"2026-02-24T14:16:45","modified_gmt":"2026-02-24T14:16:45","slug":"individual-initiative-podcast-summary-2","status":"publish","type":"page","link":"https:\/\/ecoliteracy.eu\/hu\/resource-library\/podcasts\/individual-initiative-podcast-summary-2\/","title":{"rendered":"Individual Initiative and Community Action Summary"},"content":{"rendered":"<div id='av_section_1'  class='avia-section av-9ivm8c-c343d3d3ecf3e27a1b4df201f74c3d59 main_color avia-section-default avia-no-border-styling  avia-builder-el-0  el_before_av_one_full  avia-builder-el-first  avia-bg-style-scroll container_wrap fullsize'  ><div class='container av-section-cont-open' ><main  role=\"main\" itemprop=\"mainContentOfPage\"  class='template-page content  av-content-full alpha units'><div class='post-entry post-entry-type-page post-entry-3922'><div class='entry-content-wrapper clearfix'>\n\n<style type=\"text\/css\" data-created_by=\"avia_inline_auto\" id=\"style-css-av-6vkz58-7f8f0f165224c05434384c1a11cadc7a\">\n.flex_column.av-6vkz58-7f8f0f165224c05434384c1a11cadc7a{\nborder-width:1px;\nborder-color:#ebebeb;\nborder-style:solid;\nborder-radius:25px 0px 25px 0px;\nbackground-color:#ebebeb;\n}\n<\/style>\n<div  class='flex_column av-6vkz58-7f8f0f165224c05434384c1a11cadc7a av_two_third  avia-builder-el-1  avia-builder-el-no-sibling  first no_margin flex_column_div'     ><style type=\"text\/css\" data-created_by=\"avia_inline_auto\" id=\"style-css-av-mj1xgfy9-96728350923ef67bb4052a444d29734f\">\n#top .av-special-heading.av-mj1xgfy9-96728350923ef67bb4052a444d29734f{\npadding-bottom:0;\n}\nbody .av-special-heading.av-mj1xgfy9-96728350923ef67bb4052a444d29734f .av-special-heading-tag .heading-char{\nfont-size:25px;\n}\n.av-special-heading.av-mj1xgfy9-96728350923ef67bb4052a444d29734f .av-subheading{\nfont-size:15px;\n}\n<\/style>\n<div  class='av-special-heading av-mj1xgfy9-96728350923ef67bb4052a444d29734f av-special-heading-h4 custom-color-heading blockquote modern-quote  avia-builder-el-2  avia-builder-el-no-sibling  ngo-header'><h4 class='av-special-heading-tag'  itemprop=\"headline\"  >Egy\u00e9ni kezdem\u00e9nyez\u0151k\u00e9szs\u00e9g \u00e9s k\u00f6z\u00f6ss\u00e9gi cselekv\u00e9s<\/h4><div class=\"special-heading-border\"><div class=\"special-heading-inner-border\"><\/div><\/div><\/div><\/div>\n<\/div><\/div><\/main><!-- close content main element --><\/div><\/div><div id='after_section_1'  class='main_color av_default_container_wrap container_wrap fullsize'  ><div class='container av-section-cont-open' ><div class='template-page content  av-content-full alpha units'><div class='post-entry post-entry-type-page post-entry-3922'><div class='entry-content-wrapper clearfix'>\n<div  class='flex_column av-32lzpo-532a35db37033458be2e8d92a9349361 av_one_full  avia-builder-el-3  el_after_av_section  avia-builder-el-no-sibling  first flex_column_div'     ><p><section  class='av_textblock_section av-mj1xi580-41c00822e5638027733ce8f3bb0dd625'   itemscope=\"itemscope\" itemtype=\"https:\/\/schema.org\/CreativeWork\" ><div class='avia_textblock'  itemprop=\"text\" ><p><span style=\"font-weight: 400;\">A Green Minds podcast <\/span><i><span style=\"font-weight: 400;\">ebben az<\/span><\/i><span style=\"font-weight: 400;\"> V\u00e1s\u00e1rhelyi Kriszta (\u00f6ko-tr\u00e9ner, pszichol\u00f3gus, a The Ecoliteracy Hub tagja) <\/span>V\u00e1s\u00e1rhelyi Kriszta T\u00f3th G\u00e1bor kreat\u00edv k\u00f6z\u00f6ss\u00e9g\u00e9p\u00edt\u0151vel \u00e9s a Souldom alap\u00edt\u00f3j\u00e1val besz\u00e9lget arr\u00f3l,<span style=\"font-weight: 400;\">kreat\u00edv k\u00f6z\u00f6ss\u00e9g\u00e9p\u00edt\u0151vel \u00e9s a Souldom  alap\u00edt\u00f3j\u00e1val besz\u00e9lget az egy\u00e9ni kezdem\u00e9nyez\u0151k\u00e9szs\u00e9gr\u0151l, mint kulcsfontoss\u00e1g\u00fa \u00f6ko-kompetenci\u00e1r\u00f3l, valamint annak szerep\u00e9r\u0151l a jelent\u00e9steli, fenntarthat\u00f3 k\u00f6z\u00f6ss\u00e9gek \u00e9p\u00edt\u00e9s\u00e9ben.<\/span><\/p>\n<\/div><\/section><br \/>\n<section  class='av_textblock_section av-2d8hwz-7f9baf196c7f5589d440ced1e0f849cf'   itemscope=\"itemscope\" itemtype=\"https:\/\/schema.org\/CreativeWork\" ><div class='avia_textblock'  itemprop=\"text\" ><p><span style=\"font-weight: 400;\">G\u00e1bor megosztja, hogyan alakult ki \u00f6kol\u00f3giai \u00e9s t\u00e1rsadalmi \u00e9rz\u00e9kenys\u00e9ge m\u00e1r fiatalon, r\u00e9szben a form\u00e1lis oktat\u00e1ssal \u00e9s az uralkod\u00f3 t\u00e1rsadalmi narrat\u00edv\u00e1kkal szembeni el\u00e9gedetlens\u00e9g\u00e9b\u0151l fakad\u00f3an. R\u00e1vil\u00e1g\u00edt arra, hogy a termel\u00e9kenys\u00e9get, megfelel\u00e9st \u00e9s \u201ekomolys\u00e1got\u201d el\u0151t\u00e9rbe helyez\u0151 rendszerek gyakran nem t\u00e1mogatj\u00e1k a k\u00edv\u00e1ncsis\u00e1got, az \u00f6nismeretet \u00e9s az \u00e9let \u00e9rtelm\u00e9nek keres\u00e9s\u00e9t, ami sok fiatalban elszakad\u00e1st \u00e9s ir\u00e1nyvesztetts\u00e9get eredm\u00e9nyez.<\/span><\/p>\n<\/div><\/section><br \/>\n<section  class='av_textblock_section av-mj1xicv0-7cf83785be297b5b3a7e65e58180b660'   itemscope=\"itemscope\" itemtype=\"https:\/\/schema.org\/CreativeWork\" ><div class='avia_textblock'  itemprop=\"text\" ><p><span style=\"font-weight: 400;\">Fordul\u00f3pontot jelentett sz\u00e1m\u00e1ra, amikor olyan emberekkel tal\u00e1lkozott, akik kil\u00e9ptek a megszokott \u00e9letutakb\u00f3l, \u00e9s ny\u00edltan megosztott\u00e1k saj\u00e1t tanul\u00e1si, \u00f6nkeres\u00e9si \u00e9s k\u00f6z\u00f6ss\u00e9gi tapasztalataikat. Ez inspir\u00e1lta arra, hogy olyan k\u00f6z\u00f6ss\u00e9geket hozzon l\u00e9tre, ahol fiatal feln\u0151ttek egy\u00fctt gondolkodhatnak identit\u00e1sr\u00f3l, felel\u0151ss\u00e9gr\u0151l \u00e9s t\u00e1rsadalmi szerepv\u00e1llal\u00e1sr\u00f3l.<\/span><\/p>\n<\/div><\/section><br \/>\n<section  class='av_textblock_section av-mj1xj2mr-a6612aa40f5705038c4d2edeeb7a230a'   itemscope=\"itemscope\" itemtype=\"https:\/\/schema.org\/CreativeWork\" ><div class='avia_textblock'  itemprop=\"text\" ><p><span style=\"font-weight: 400;\">A besz\u00e9lget\u00e9s k\u00f6zponti eleme <\/span>az egy\u00e9ni kezdem\u00e9nyez\u00e9st<span style=\"font-weight: 400;\"> mint a v\u00e1ltoz\u00e1s kiindul\u00f3pontja. G\u00e1bor hangs\u00falyozza: a val\u00f3di \u00e1talakul\u00e1s akkor kezd\u0151dik, amikor nem enged\u00e9lyre v\u00e1runk, hanem saj\u00e1t k\u00e9rd\u00e9seinkb\u0151l, fesz\u00fclts\u00e9geinkb\u0151l \u00e9s \u00e9rt\u00e9keinkb\u0151l indulunk ki. Arra b\u00e1tor\u00edtja a hallgat\u00f3kat, hogy az el\u00e9gedetlens\u00e9get, d\u00fch\u00f6t vagy k\u00e9nyelmetlens\u00e9get ne elnyomni pr\u00f3b\u00e1lj\u00e1k, hanem jelz\u00e9sk\u00e9nt \u00e9rtelmezz\u00e9k arra vonatkoz\u00f3an, hol van sz\u00fcks\u00e9g v\u00e1ltoz\u00e1sra.<\/span><\/p>\n<\/div><\/section><br \/>\n<section  class='av_textblock_section av-mj1xj91v-0198ba5f6787ded954dc2462f8f56ab7'   itemscope=\"itemscope\" itemtype=\"https:\/\/schema.org\/CreativeWork\" ><div class='avia_textblock'  itemprop=\"text\" ><p><span style=\"font-weight: 400;\">Az epiz\u00f3d gyakorlati eszk\u00f6z\u00f6ket is bemutat arra, hogyan lehet a reflexi\u00f3t cselekv\u00e9ss\u00e9 alak\u00edtani: p\u00e9ld\u00e1ul napl\u00f3\u00edr\u00e1son, gondolatt\u00e9rk\u00e9peken, nyitott \u00f6tletel\u00e9sen \u00e9s biztons\u00e1gos k\u00f6z\u00f6ss\u00e9gi terek l\u00e9trehoz\u00e1s\u00e1n kereszt\u00fcl. G\u00e1bor kiemeli, hogy a fenntarthat\u00f3 kezdem\u00e9nyez\u00e9sek ritk\u00e1n val\u00f3sulnak meg egyed\u00fcl \u2013 akkor m\u0171k\u00f6dnek igaz\u00e1n, ha k\u00fcl\u00f6nb\u00f6z\u0151 szerepek \u00e9s k\u00e9szs\u00e9gek tal\u00e1lkoznak egy k\u00f6z\u00f6s \u00fcgy ment\u00e9n.<\/span><\/p>\n<\/div><\/section><br \/>\n<section  class='av_textblock_section av-mj1xk7y3-e9170c2420bf062ade97a001b4a6336d'   itemscope=\"itemscope\" itemtype=\"https:\/\/schema.org\/CreativeWork\" ><div class='avia_textblock'  itemprop=\"text\" ><p><span style=\"font-weight: 400;\">A besz\u00e9lget\u00e9s v\u00e9g\u00e9n rem\u00e9nyteli \u00fczenet fogalmaz\u00f3dik meg: mindannyiunkban megvan a k\u00e9pess\u00e9g a kezdem\u00e9nyez\u00e9sre. Ha b\u00edzunk a k\u00e9rd\u00e9seinkben, komolyan vessz\u00fck a meg\u00e9lt tapasztalatokat, \u00e9s megtal\u00e1ljuk \u201ea t\u00f6bbieket\u201d, a kis l\u00e9p\u00e9sek is tart\u00f3s \u00e9s \u00e9rtelmes v\u00e1ltoz\u00e1shoz vezethetnek. G\u00e1bor szavaival \u00e9lve: <\/span><i><span style=\"font-weight: 400;\">ne v\u00e1rj arra, hogy kiv\u00e1lasszanak \u2013 v\u00e1laszd ki te magad.<\/span><\/i><\/p>\n<p><span style=\"font-weight: 400;\">\u00a0<\/span><\/p>\n<\/div><\/section><br \/>\n\n<style type=\"text\/css\" data-created_by=\"avia_inline_auto\" id=\"style-css-av-mj1yfpg5-b56a38663064ff508c5984622120adb0\">\n#top .av-special-heading.av-mj1yfpg5-b56a38663064ff508c5984622120adb0{\npadding-bottom:10px;\n}\nbody .av-special-heading.av-mj1yfpg5-b56a38663064ff508c5984622120adb0 .av-special-heading-tag .heading-char{\nfont-size:25px;\n}\n.av-special-heading.av-mj1yfpg5-b56a38663064ff508c5984622120adb0 .av-subheading{\nfont-size:15px;\n}\n<\/style>\n<div  class='av-special-heading av-mj1yfpg5-b56a38663064ff508c5984622120adb0 av-special-heading-h5 blockquote classic-quote classic-quote-left  avia-builder-el-10  el_after_av_textblock  el_before_av_textblock'><h5 class='av-special-heading-tag'  itemprop=\"headline\"  >Az epiz\u00f3d f\u0151 t\u00e9m\u00e1i:<\/h5><div class=\"special-heading-border\"><div class=\"special-heading-inner-border\"><\/div><\/div><\/div><br \/>\n<section  class='av_textblock_section av-mj1xkl91-153fff7ea89c3de840c0a024f3dfbea4'   itemscope=\"itemscope\" itemtype=\"https:\/\/schema.org\/CreativeWork\" ><div class='avia_textblock'  itemprop=\"text\" ><ul>\n<li style=\"font-weight: 400;\" aria-level=\"1\">az egy\u00e9ni kezdem\u00e9nyez\u00e9st<span style=\"font-weight: 400;\"> mint alapvet\u0151 \u00f6ko-kompetencia a fenntarthat\u00f3s\u00e1gban<\/span><\/li>\n<li style=\"font-weight: 400;\" aria-level=\"1\"><span style=\"font-weight: 400;\">hogyan v\u00e1lhat az el\u00e9gedetlens\u00e9g \u00e9s a bels\u0151 fesz\u00fclts\u00e9g a cselekv\u00e9s kiindul\u00f3pontj\u00e1v\u00e1<\/span><\/li>\n<li style=\"font-weight: 400;\" aria-level=\"1\"><span style=\"font-weight: 400;\">a k\u00f6z\u00f6ss\u00e9gek szerepe az \u00f6nismeret, tanul\u00e1s \u00e9s felel\u0151ss\u00e9gv\u00e1llal\u00e1s t\u00e1mogat\u00e1s\u00e1ban<\/span><\/li>\n<li style=\"font-weight: 400;\" aria-level=\"1\"><span style=\"font-weight: 400;\">gyakorlati eszk\u00f6z\u00f6k a reflexi\u00f3 cselekv\u00e9ss\u00e9 alak\u00edt\u00e1s\u00e1hoz<\/span><\/li>\n<li style=\"font-weight: 400;\" aria-level=\"1\"><span style=\"font-weight: 400;\">hogyan tal\u00e1lhatnak a fiatalok \u00e9rtelmet, ir\u00e1nyt \u00e9s cselekv\u0151k\u00e9pess\u00e9get egy \u00f6sszetett vil\u00e1gban<\/span><\/li>\n<\/ul>\n<\/div><\/section><\/p><\/div>","protected":false},"excerpt":{"rendered":"","protected":false},"author":17,"featured_media":0,"parent":188,"menu_order":0,"comment_status":"closed","ping_status":"closed","template":"","meta":{"_acf_changed":false,"footnotes":""},"class_list":["post-3922","page","type-page","status-publish","hentry"],"acf":[],"yoast_head":"<!-- This site is optimized with the Yoast SEO plugin v25.6 - https:\/\/yoast.com\/wordpress\/plugins\/seo\/ -->\n<title>Individual Initiative and Community Action Summary - The Ecoliteracy Hub<\/title>\n<meta name=\"robots\" content=\"index, follow, max-snippet:-1, max-image-preview:large, max-video-preview:-1\" \/>\n<link rel=\"canonical\" href=\"https:\/\/ecoliteracy.eu\/hu\/resource-library\/podcasts\/individual-initiative-podcast-summary-2\/\" \/>\n<meta property=\"og:locale\" content=\"hu_HU\" \/>\n<meta property=\"og:type\" content=\"article\" \/>\n<meta property=\"og:title\" content=\"Individual Initiative and Community Action Summary - The Ecoliteracy Hub\" \/>\n<meta property=\"og:url\" content=\"https:\/\/ecoliteracy.eu\/hu\/resource-library\/podcasts\/individual-initiative-podcast-summary-2\/\" \/>\n<meta property=\"og:site_name\" content=\"The Ecoliteracy Hub\" \/>\n<meta property=\"article:modified_time\" content=\"2026-02-24T14:16:45+00:00\" \/>\n<meta name=\"twitter:card\" content=\"summary_large_image\" \/>\n<meta name=\"twitter:label1\" content=\"Becs\u00fclt olvas\u00e1si id\u0151\" \/>\n\t<meta name=\"twitter:data1\" content=\"2 perc\" \/>\n<script type=\"application\/ld+json\" class=\"yoast-schema-graph\">{\"@context\":\"https:\/\/schema.org\",\"@graph\":[{\"@type\":\"WebPage\",\"@id\":\"https:\/\/ecoliteracy.eu\/resource-library\/podcasts\/individual-initiative-podcast-summary-2\/\",\"url\":\"https:\/\/ecoliteracy.eu\/resource-library\/podcasts\/individual-initiative-podcast-summary-2\/\",\"name\":\"Individual Initiative and Community Action Summary - The Ecoliteracy Hub\",\"isPartOf\":{\"@id\":\"https:\/\/ecoliteracy.eu\/#website\"},\"datePublished\":\"2025-12-30T10:28:57+00:00\",\"dateModified\":\"2026-02-24T14:16:45+00:00\",\"breadcrumb\":{\"@id\":\"https:\/\/ecoliteracy.eu\/resource-library\/podcasts\/individual-initiative-podcast-summary-2\/#breadcrumb\"},\"inLanguage\":\"hu\",\"potentialAction\":[{\"@type\":\"ReadAction\",\"target\":[\"https:\/\/ecoliteracy.eu\/resource-library\/podcasts\/individual-initiative-podcast-summary-2\/\"]}]},{\"@type\":\"BreadcrumbList\",\"@id\":\"https:\/\/ecoliteracy.eu\/resource-library\/podcasts\/individual-initiative-podcast-summary-2\/#breadcrumb\",\"itemListElement\":[{\"@type\":\"ListItem\",\"position\":1,\"name\":\"Home\",\"item\":\"https:\/\/ecoliteracy.eu\/\"},{\"@type\":\"ListItem\",\"position\":2,\"name\":\"Resources\",\"item\":\"https:\/\/ecoliteracy.eu\/resource-library\/\"},{\"@type\":\"ListItem\",\"position\":3,\"name\":\"Podcasts\",\"item\":\"https:\/\/ecoliteracy.eu\/resource-library\/podcasts\/\"},{\"@type\":\"ListItem\",\"position\":4,\"name\":\"Individual Initiative and Community Action Summary\"}]},{\"@type\":\"WebSite\",\"@id\":\"https:\/\/ecoliteracy.eu\/#website\",\"url\":\"https:\/\/ecoliteracy.eu\/\",\"name\":\"The Ecoliteracy Hub\",\"description\":\"Empowering Educators for a Sustainable Future\",\"potentialAction\":[{\"@type\":\"SearchAction\",\"target\":{\"@type\":\"EntryPoint\",\"urlTemplate\":\"https:\/\/ecoliteracy.eu\/?s={search_term_string}\"},\"query-input\":{\"@type\":\"PropertyValueSpecification\",\"valueRequired\":true,\"valueName\":\"search_term_string\"}}],\"inLanguage\":\"hu\"}]}<\/script>\n<!-- \/ Yoast SEO plugin. -->","yoast_head_json":{"title":"Individual Initiative and Community Action Summary - The Ecoliteracy Hub","robots":{"index":"index","follow":"follow","max-snippet":"max-snippet:-1","max-image-preview":"max-image-preview:large","max-video-preview":"max-video-preview:-1"},"canonical":"https:\/\/ecoliteracy.eu\/hu\/resource-library\/podcasts\/individual-initiative-podcast-summary-2\/","og_locale":"hu_HU","og_type":"article","og_title":"Individual Initiative and Community Action Summary - The Ecoliteracy Hub","og_url":"https:\/\/ecoliteracy.eu\/hu\/resource-library\/podcasts\/individual-initiative-podcast-summary-2\/","og_site_name":"The Ecoliteracy Hub","article_modified_time":"2026-02-24T14:16:45+00:00","twitter_card":"summary_large_image","twitter_misc":{"Becs\u00fclt olvas\u00e1si id\u0151":"2 perc"},"schema":{"@context":"https:\/\/schema.org","@graph":[{"@type":"WebPage","@id":"https:\/\/ecoliteracy.eu\/resource-library\/podcasts\/individual-initiative-podcast-summary-2\/","url":"https:\/\/ecoliteracy.eu\/resource-library\/podcasts\/individual-initiative-podcast-summary-2\/","name":"Individual Initiative and Community Action Summary - The Ecoliteracy Hub","isPartOf":{"@id":"https:\/\/ecoliteracy.eu\/#website"},"datePublished":"2025-12-30T10:28:57+00:00","dateModified":"2026-02-24T14:16:45+00:00","breadcrumb":{"@id":"https:\/\/ecoliteracy.eu\/resource-library\/podcasts\/individual-initiative-podcast-summary-2\/#breadcrumb"},"inLanguage":"hu","potentialAction":[{"@type":"ReadAction","target":["https:\/\/ecoliteracy.eu\/resource-library\/podcasts\/individual-initiative-podcast-summary-2\/"]}]},{"@type":"BreadcrumbList","@id":"https:\/\/ecoliteracy.eu\/resource-library\/podcasts\/individual-initiative-podcast-summary-2\/#breadcrumb","itemListElement":[{"@type":"ListItem","position":1,"name":"Home","item":"https:\/\/ecoliteracy.eu\/"},{"@type":"ListItem","position":2,"name":"Resources","item":"https:\/\/ecoliteracy.eu\/resource-library\/"},{"@type":"ListItem","position":3,"name":"Podcasts","item":"https:\/\/ecoliteracy.eu\/resource-library\/podcasts\/"},{"@type":"ListItem","position":4,"name":"Individual Initiative and Community Action Summary"}]},{"@type":"WebSite","@id":"https:\/\/ecoliteracy.eu\/#website","url":"https:\/\/ecoliteracy.eu\/","name":"Az Ecoliteracy Hub","description":"Az \u00f6kotudatos oktat\u00e1s erej\u00e9vel a fenntarthat\u00f3 j\u00f6v\u0151\u00e9rt","potentialAction":[{"@type":"SearchAction","target":{"@type":"EntryPoint","urlTemplate":"https:\/\/ecoliteracy.eu\/?s={search_term_string}"},"query-input":{"@type":"PropertyValueSpecification","valueRequired":true,"valueName":"search_term_string"}}],"inLanguage":"hu"}]}},"_hostinger_reach_plugin_has_subscription_block":false,"_hostinger_reach_plugin_is_elementor":false,"_links":{"self":[{"href":"https:\/\/ecoliteracy.eu\/hu\/wp-json\/wp\/v2\/pages\/3922","targetHints":{"allow":["GET"]}}],"collection":[{"href":"https:\/\/ecoliteracy.eu\/hu\/wp-json\/wp\/v2\/pages"}],"about":[{"href":"https:\/\/ecoliteracy.eu\/hu\/wp-json\/wp\/v2\/types\/page"}],"author":[{"embeddable":true,"href":"https:\/\/ecoliteracy.eu\/hu\/wp-json\/wp\/v2\/users\/17"}],"replies":[{"embeddable":true,"href":"https:\/\/ecoliteracy.eu\/hu\/wp-json\/wp\/v2\/comments?post=3922"}],"version-history":[{"count":2,"href":"https:\/\/ecoliteracy.eu\/hu\/wp-json\/wp\/v2\/pages\/3922\/revisions"}],"predecessor-version":[{"id":4032,"href":"https:\/\/ecoliteracy.eu\/hu\/wp-json\/wp\/v2\/pages\/3922\/revisions\/4032"}],"up":[{"embeddable":true,"href":"https:\/\/ecoliteracy.eu\/hu\/wp-json\/wp\/v2\/pages\/188"}],"wp:attachment":[{"href":"https:\/\/ecoliteracy.eu\/hu\/wp-json\/wp\/v2\/media?parent=3922"}],"curies":[{"name":"wp","href":"https:\/\/api.w.org\/{rel}","templated":true}]}}