{"id":3868,"date":"2025-12-17T13:09:57","date_gmt":"2025-12-17T13:09:57","guid":{"rendered":"https:\/\/ecoliteracy.eu\/?page_id=3868"},"modified":"2026-02-24T14:16:24","modified_gmt":"2026-02-24T14:16:24","slug":"rethinking-growth-summary","status":"publish","type":"page","link":"https:\/\/ecoliteracy.eu\/hu\/resource-library\/podcasts\/rethinking-growth-summary\/","title":{"rendered":"Rethinking Growth Summary"},"content":{"rendered":"<div id='av_section_1'  class='avia-section av-9ivm8c-c343d3d3ecf3e27a1b4df201f74c3d59 main_color avia-section-default avia-no-border-styling  avia-builder-el-0  el_before_av_one_full  avia-builder-el-first  avia-bg-style-scroll container_wrap fullsize'  ><div class='container av-section-cont-open' ><main  role=\"main\" itemprop=\"mainContentOfPage\"  class='template-page content  av-content-full alpha units'><div class='post-entry post-entry-type-page post-entry-3868'><div class='entry-content-wrapper clearfix'>\n\n<style type=\"text\/css\" data-created_by=\"avia_inline_auto\" id=\"style-css-av-6vkz58-7f8f0f165224c05434384c1a11cadc7a\">\n.flex_column.av-6vkz58-7f8f0f165224c05434384c1a11cadc7a{\nborder-width:1px;\nborder-color:#ebebeb;\nborder-style:solid;\nborder-radius:25px 0px 25px 0px;\nbackground-color:#ebebeb;\n}\n<\/style>\n<div  class='flex_column av-6vkz58-7f8f0f165224c05434384c1a11cadc7a av_two_third  avia-builder-el-1  avia-builder-el-no-sibling  first no_margin flex_column_div'     ><style type=\"text\/css\" data-created_by=\"avia_inline_auto\" id=\"style-css-av-mj1xgfy9-6586afc458ef8848b157378aee110ca5\">\n#top .av-special-heading.av-mj1xgfy9-6586afc458ef8848b157378aee110ca5{\npadding-bottom:0;\n}\nbody .av-special-heading.av-mj1xgfy9-6586afc458ef8848b157378aee110ca5 .av-special-heading-tag .heading-char{\nfont-size:25px;\n}\n.av-special-heading.av-mj1xgfy9-6586afc458ef8848b157378aee110ca5 .av-subheading{\nfont-size:15px;\n}\n<\/style>\n<div  class='av-special-heading av-mj1xgfy9-6586afc458ef8848b157378aee110ca5 av-special-heading-h4 custom-color-heading blockquote modern-quote  avia-builder-el-2  avia-builder-el-no-sibling  ngo-header'><h4 class='av-special-heading-tag'  itemprop=\"headline\"  >A n\u00f6veked\u00e9s \u00fajragondol\u00e1sa: besz\u00e9lget\u00e9s Logan Strenchockkal<\/h4><div class=\"special-heading-border\"><div class=\"special-heading-inner-border\"><\/div><\/div><\/div><\/div>\n<\/div><\/div><\/main><!-- close content main element --><\/div><\/div><div id='after_section_1'  class='main_color av_default_container_wrap container_wrap fullsize'  ><div class='container av-section-cont-open' ><div class='template-page content  av-content-full alpha units'><div class='post-entry post-entry-type-page post-entry-3868'><div class='entry-content-wrapper clearfix'>\n<div  class='flex_column av-32lzpo-532a35db37033458be2e8d92a9349361 av_one_full  avia-builder-el-3  el_after_av_section  avia-builder-el-no-sibling  first flex_column_div'     ><p><section  class='av_textblock_section av-mj1xi580-41c00822e5638027733ce8f3bb0dd625'   itemscope=\"itemscope\" itemtype=\"https:\/\/schema.org\/CreativeWork\" ><div class='avia_textblock'  itemprop=\"text\" ><p>Az Ecoliteracy Hub<span style=\"font-weight: 400;\"> \u00faj epiz\u00f3dot tett k\u00f6zz\u00e9 a Green Minds: Utak az \u00f6kom\u0171velts\u00e9ghez sorozatban. A vend\u00e9g Logan Strenchock, aki hossz\u00fa \u00e9vek \u00f3ta foglalkozik k\u00f6z\u00f6ss\u00e9gi fenntarthat\u00f3s\u00e1gi kezdem\u00e9nyez\u00e9sekkel, \u00e9s Magyarorsz\u00e1g egyik legakt\u00edvabb szerepl\u0151je a <\/span>nemn\u00f6veked\u00e9s (degrowth) mozgalomban<span style=\"font-weight: 400;\">.<\/span><\/p>\n<\/div><\/section><br \/>\n<section  class='av_textblock_section av-35wios-c841a59c88abf5b97922ab447f926d10'   itemscope=\"itemscope\" itemtype=\"https:\/\/schema.org\/CreativeWork\" ><div class='avia_textblock'  itemprop=\"text\" ><p><span style=\"font-weight: 400;\">Logan 2012 \u00f3ta \u00e9l Magyarorsz\u00e1gon, a Zs\u00e1mboki Biokertbendolgozik, t\u00e1rsalap\u00edt\u00f3ja a Cargonomi\u00e1nak, \u00e9s a Central European University (CEU) k\u00f6rnyezetv\u00e9delmi \u00e9s fenntarthat\u00f3s\u00e1gi felel\u0151se. M\u00e9rn\u00f6ki \u00e9s term\u00e9szettudom\u00e1nyi h\u00e1ttere v\u00e9g\u00fcl a tudom\u00e1nyos elm\u00e9lett\u0151l a gyakorlati agro\u00f6kol\u00f3giai gazdas\u00e1gok \u00e9s k\u00f6z\u00f6ss\u00e9gi kezdem\u00e9nyez\u00e9sek fel\u00e9 vezette. Ahogy mondja, szeretett volna \u201ebele\u00e1llni a munk\u00e1ba\u201d, \u00e9s k\u00f6zvetlen\u00fcl r\u00e9szt venni a<\/span> helyi \u00e9lelmiszerrendszerek \u00e1talak\u00edt\u00e1s\u00e1ban.<span style=\"font-weight: 400;\">.<\/span><\/p>\n<\/div><\/section><br \/>\n<section  class='av_textblock_section av-mj1xicv0-7cf83785be297b5b3a7e65e58180b660'   itemscope=\"itemscope\" itemtype=\"https:\/\/schema.org\/CreativeWork\" ><div class='avia_textblock'  itemprop=\"text\" ><p><span style=\"font-weight: 400;\">Az epiz\u00f3dban Logan \u00e9rthet\u0151en \u00e9s \u00e1tfog\u00f3an magyar\u00e1zza el, mit jelent a <\/span>nemn\u00f6veked\u00e9s (degrowth) szeml\u00e9let<span style=\"font-weight: 400;\">nem visszafejl\u0151d\u00e9s, hanem annak \u00fajragondol\u00e1sa, hogy val\u00f3ban sz\u00fcks\u00e9g van-e v\u00e9gtelen n\u00f6veked\u00e9sre egy v\u00e9ges bolyg\u00f3n. A folyamatos n\u00f6veked\u00e9s stresszt, hullad\u00e9kot \u00e9s olyan fogyaszt\u00e1si mint\u00e1zatokat eredm\u00e9nyez, amelyek nem j\u00e1rulnak hozz\u00e1 a boldogs\u00e1ghoz. A nemn\u00f6veked\u00e9si szeml\u00e9let ehelyett a <\/span><i>j\u00f3ll\u00e9tre<\/i><i><span style=\"font-weight: 400;\">, a k\u00f6z\u00f6ss\u00e9gre \u00e9s a szolidarit\u00e1sra helyezi a hangs\u00falyt<\/span><\/i><span style=\"font-weight: 400;\">.<\/span><\/p>\n<\/div><\/section><br \/>\n<section  class='av_textblock_section av-mj1xj2mr-a6612aa40f5705038c4d2edeeb7a230a'   itemscope=\"itemscope\" itemtype=\"https:\/\/schema.org\/CreativeWork\" ><div class='avia_textblock'  itemprop=\"text\" ><p><span style=\"font-weight: 400;\">Az epiz\u00f3dban t\u00f6bb inspir\u00e1l\u00f3 t\u00f6rt\u00e9net is elhangzik. Az egyik, amikor Logan k\u00f6z\u00e9piskol\u00e1soknak teszi fel a k\u00e9rd\u00e9st: <\/span>\u201eMikor \u00e9rzitek magatokat igaz\u00e1n \u00e9lettelinek?\u201d<span style=\"font-weight: 400;\">A v\u00e1laszok k\u00f6vetkezetesen a term\u00e9szethez, a bar\u00e1tokhoz \u00e9s a kreativit\u00e1shoz k\u00f6t\u0151dnek \u2014 nem a fogyaszt\u00e1shoz. Ez a megfigyel\u00e9s er\u0151sen r\u00e1vil\u00e1g\u00edt arra, hogy a hagyom\u00e1nyos gazdas\u00e1gi gondolkod\u00e1s mennyire elt\u00e1volodott att\u00f3l, <\/span>amit az emberek val\u00f3j\u00e1ban \u00e9rt\u00e9kesnek \u00e9reznek<span style=\"font-weight: 400;\">.<\/span><\/p>\n<\/div><\/section><br \/>\n<section  class='av_textblock_section av-mj1xj91v-0198ba5f6787ded954dc2462f8f56ab7'   itemscope=\"itemscope\" itemtype=\"https:\/\/schema.org\/CreativeWork\" ><div class='avia_textblock'  itemprop=\"text\" ><p><span style=\"font-weight: 400;\">Egy m\u00e1sik t\u00f6rt\u00e9net a Cargonomia m\u0171k\u00f6d\u00e9s\u00e9t mutatja be: k\u00f6z\u00f6ss\u00e9gi gazd\u00e1lkod\u00e1s, cargobiciklik \u00e9s helyi esem\u00e9nyek, amelyek m\u00e1r most is m\u0171k\u00f6d\u0151 p\u00e9ld\u00e1i <\/span>a fenntarthat\u00f3 alternat\u00edv\u00e1knak.<span style=\"font-weight: 400;\">Ezek a kezdem\u00e9nyez\u00e9sek azt bizony\u00edtj\u00e1k, hogy a nemn\u00f6veked\u00e9s nem puszt\u00e1n elm\u00e9let \u2014 kisebb, inspir\u00e1l\u00f3 projektek form\u00e1j\u00e1ban m\u00e1r jelen van a mindennapokban, \u00e9s er\u0151s\u00edti a helyi k\u00f6z\u00f6ss\u00e9geket.<\/span><\/p>\n<p><span style=\"font-weight: 400;\">A besz\u00e9lget\u00e9s egyik legfontosabb \u00fczenete, hogy sok ember szeretne fenntarthat\u00f3bban \u00e9lni, de nem l\u00e1tja, merre induljon. A nemn\u00f6veked\u00e9s gondolkod\u00e1s seg\u00edt <\/span>felismerni a val\u00f3di megold\u00e1sokat<span style=\"font-weight: 400;\">,  elker\u00fclni<\/span> a z\u00f6ldre fest\u00e9st (greenwashing)<span style=\"font-weight: 400;\">, \u00e9s olyan l\u00e9p\u00e9seket v\u00e1lasztani, amelyek t\u00e9nyleg t\u00e1mogatj\u00e1k a t\u00e1rsadalmi \u00e9s \u00f6kol\u00f3giai j\u00f3ll\u00e9tet. Logan hangs\u00falyozza, hogy a <\/span>hiteles alternat\u00edv\u00e1k<span style=\"font-weight: 400;\"> m\u00e1r most is l\u00e9teznek; a k\u00e9rd\u00e9s az, hogyan tehetj\u00fck \u0151ket min\u00e9l t\u00f6bbek sz\u00e1m\u00e1ra el\u00e9rhet\u0151v\u00e9.<\/span><\/p>\n<p><span style=\"font-weight: 400;\">Ez a besz\u00e9lget\u00e9s az Ecoliteracy Hub projekt r\u00e9sze, ahol a nemn\u00f6veked\u00e9si szeml\u00e9let a <\/span><i>A fenntarthat\u00f3s\u00e1gi \u00e9rt\u00e9kek megtestes\u00edt\u00e9se<\/i><span style=\"font-weight: 400;\"> kompetenciater\u00fcleten bel\u00fcl k\u00f6zponti jelent\u0151s\u00e9g\u0171. Ez azt jelenti, hogy megk\u00e9rd\u0151jelezz\u00fck a \u201et\u00f6bb mindig jobb\u201d gondolat\u00e1t, \u00e9s olyan j\u00f6v\u0151ket k\u00e9pzel\u00fcnk el, amelyek igazs\u00e1gosabbak, egyszer\u0171bbek \u00e9s kiegyens\u00falyozottabbak.<\/span><\/p>\n<\/div><\/section><\/p><\/div>","protected":false},"excerpt":{"rendered":"","protected":false},"author":17,"featured_media":0,"parent":188,"menu_order":0,"comment_status":"closed","ping_status":"closed","template":"","meta":{"_acf_changed":false,"footnotes":""},"class_list":["post-3868","page","type-page","status-publish","hentry"],"acf":[],"yoast_head":"<!-- This site is optimized with the Yoast SEO plugin v25.6 - https:\/\/yoast.com\/wordpress\/plugins\/seo\/ -->\n<title>Rethinking Growth Summary - The Ecoliteracy Hub<\/title>\n<meta name=\"robots\" content=\"index, follow, max-snippet:-1, max-image-preview:large, max-video-preview:-1\" \/>\n<link rel=\"canonical\" href=\"https:\/\/ecoliteracy.eu\/hu\/resource-library\/podcasts\/rethinking-growth-summary\/\" \/>\n<meta property=\"og:locale\" content=\"hu_HU\" \/>\n<meta property=\"og:type\" content=\"article\" \/>\n<meta property=\"og:title\" content=\"Rethinking Growth Summary - The Ecoliteracy Hub\" \/>\n<meta property=\"og:url\" content=\"https:\/\/ecoliteracy.eu\/hu\/resource-library\/podcasts\/rethinking-growth-summary\/\" \/>\n<meta property=\"og:site_name\" content=\"The Ecoliteracy Hub\" \/>\n<meta property=\"article:modified_time\" content=\"2026-02-24T14:16:24+00:00\" \/>\n<meta name=\"twitter:card\" content=\"summary_large_image\" \/>\n<meta name=\"twitter:label1\" content=\"Becs\u00fclt olvas\u00e1si id\u0151\" \/>\n\t<meta name=\"twitter:data1\" content=\"2 perc\" \/>\n<script type=\"application\/ld+json\" class=\"yoast-schema-graph\">{\"@context\":\"https:\/\/schema.org\",\"@graph\":[{\"@type\":\"WebPage\",\"@id\":\"https:\/\/ecoliteracy.eu\/resource-library\/podcasts\/rethinking-growth-summary\/\",\"url\":\"https:\/\/ecoliteracy.eu\/resource-library\/podcasts\/rethinking-growth-summary\/\",\"name\":\"Rethinking Growth Summary - The Ecoliteracy Hub\",\"isPartOf\":{\"@id\":\"https:\/\/ecoliteracy.eu\/#website\"},\"datePublished\":\"2025-12-17T13:09:57+00:00\",\"dateModified\":\"2026-02-24T14:16:24+00:00\",\"breadcrumb\":{\"@id\":\"https:\/\/ecoliteracy.eu\/resource-library\/podcasts\/rethinking-growth-summary\/#breadcrumb\"},\"inLanguage\":\"hu\",\"potentialAction\":[{\"@type\":\"ReadAction\",\"target\":[\"https:\/\/ecoliteracy.eu\/resource-library\/podcasts\/rethinking-growth-summary\/\"]}]},{\"@type\":\"BreadcrumbList\",\"@id\":\"https:\/\/ecoliteracy.eu\/resource-library\/podcasts\/rethinking-growth-summary\/#breadcrumb\",\"itemListElement\":[{\"@type\":\"ListItem\",\"position\":1,\"name\":\"Home\",\"item\":\"https:\/\/ecoliteracy.eu\/\"},{\"@type\":\"ListItem\",\"position\":2,\"name\":\"Resources\",\"item\":\"https:\/\/ecoliteracy.eu\/resource-library\/\"},{\"@type\":\"ListItem\",\"position\":3,\"name\":\"Podcasts\",\"item\":\"https:\/\/ecoliteracy.eu\/resource-library\/podcasts\/\"},{\"@type\":\"ListItem\",\"position\":4,\"name\":\"Rethinking Growth Summary\"}]},{\"@type\":\"WebSite\",\"@id\":\"https:\/\/ecoliteracy.eu\/#website\",\"url\":\"https:\/\/ecoliteracy.eu\/\",\"name\":\"The Ecoliteracy Hub\",\"description\":\"Empowering Educators for a Sustainable Future\",\"potentialAction\":[{\"@type\":\"SearchAction\",\"target\":{\"@type\":\"EntryPoint\",\"urlTemplate\":\"https:\/\/ecoliteracy.eu\/?s={search_term_string}\"},\"query-input\":{\"@type\":\"PropertyValueSpecification\",\"valueRequired\":true,\"valueName\":\"search_term_string\"}}],\"inLanguage\":\"hu\"}]}<\/script>\n<!-- \/ Yoast SEO plugin. -->","yoast_head_json":{"title":"Rethinking Growth Summary - The Ecoliteracy Hub","robots":{"index":"index","follow":"follow","max-snippet":"max-snippet:-1","max-image-preview":"max-image-preview:large","max-video-preview":"max-video-preview:-1"},"canonical":"https:\/\/ecoliteracy.eu\/hu\/resource-library\/podcasts\/rethinking-growth-summary\/","og_locale":"hu_HU","og_type":"article","og_title":"Rethinking Growth Summary - The Ecoliteracy Hub","og_url":"https:\/\/ecoliteracy.eu\/hu\/resource-library\/podcasts\/rethinking-growth-summary\/","og_site_name":"The Ecoliteracy Hub","article_modified_time":"2026-02-24T14:16:24+00:00","twitter_card":"summary_large_image","twitter_misc":{"Becs\u00fclt olvas\u00e1si id\u0151":"2 perc"},"schema":{"@context":"https:\/\/schema.org","@graph":[{"@type":"WebPage","@id":"https:\/\/ecoliteracy.eu\/resource-library\/podcasts\/rethinking-growth-summary\/","url":"https:\/\/ecoliteracy.eu\/resource-library\/podcasts\/rethinking-growth-summary\/","name":"Rethinking Growth Summary - The Ecoliteracy Hub","isPartOf":{"@id":"https:\/\/ecoliteracy.eu\/#website"},"datePublished":"2025-12-17T13:09:57+00:00","dateModified":"2026-02-24T14:16:24+00:00","breadcrumb":{"@id":"https:\/\/ecoliteracy.eu\/resource-library\/podcasts\/rethinking-growth-summary\/#breadcrumb"},"inLanguage":"hu","potentialAction":[{"@type":"ReadAction","target":["https:\/\/ecoliteracy.eu\/resource-library\/podcasts\/rethinking-growth-summary\/"]}]},{"@type":"BreadcrumbList","@id":"https:\/\/ecoliteracy.eu\/resource-library\/podcasts\/rethinking-growth-summary\/#breadcrumb","itemListElement":[{"@type":"ListItem","position":1,"name":"Home","item":"https:\/\/ecoliteracy.eu\/"},{"@type":"ListItem","position":2,"name":"Resources","item":"https:\/\/ecoliteracy.eu\/resource-library\/"},{"@type":"ListItem","position":3,"name":"Podcasts","item":"https:\/\/ecoliteracy.eu\/resource-library\/podcasts\/"},{"@type":"ListItem","position":4,"name":"Rethinking Growth Summary"}]},{"@type":"WebSite","@id":"https:\/\/ecoliteracy.eu\/#website","url":"https:\/\/ecoliteracy.eu\/","name":"Az Ecoliteracy Hub","description":"Az \u00f6kotudatos oktat\u00e1s erej\u00e9vel a fenntarthat\u00f3 j\u00f6v\u0151\u00e9rt","potentialAction":[{"@type":"SearchAction","target":{"@type":"EntryPoint","urlTemplate":"https:\/\/ecoliteracy.eu\/?s={search_term_string}"},"query-input":{"@type":"PropertyValueSpecification","valueRequired":true,"valueName":"search_term_string"}}],"inLanguage":"hu"}]}},"_hostinger_reach_plugin_has_subscription_block":false,"_hostinger_reach_plugin_is_elementor":false,"_links":{"self":[{"href":"https:\/\/ecoliteracy.eu\/hu\/wp-json\/wp\/v2\/pages\/3868","targetHints":{"allow":["GET"]}}],"collection":[{"href":"https:\/\/ecoliteracy.eu\/hu\/wp-json\/wp\/v2\/pages"}],"about":[{"href":"https:\/\/ecoliteracy.eu\/hu\/wp-json\/wp\/v2\/types\/page"}],"author":[{"embeddable":true,"href":"https:\/\/ecoliteracy.eu\/hu\/wp-json\/wp\/v2\/users\/17"}],"replies":[{"embeddable":true,"href":"https:\/\/ecoliteracy.eu\/hu\/wp-json\/wp\/v2\/comments?post=3868"}],"version-history":[{"count":4,"href":"https:\/\/ecoliteracy.eu\/hu\/wp-json\/wp\/v2\/pages\/3868\/revisions"}],"predecessor-version":[{"id":4031,"href":"https:\/\/ecoliteracy.eu\/hu\/wp-json\/wp\/v2\/pages\/3868\/revisions\/4031"}],"up":[{"embeddable":true,"href":"https:\/\/ecoliteracy.eu\/hu\/wp-json\/wp\/v2\/pages\/188"}],"wp:attachment":[{"href":"https:\/\/ecoliteracy.eu\/hu\/wp-json\/wp\/v2\/media?parent=3868"}],"curies":[{"name":"wp","href":"https:\/\/api.w.org\/{rel}","templated":true}]}}