{"id":3859,"date":"2025-12-17T10:52:10","date_gmt":"2025-12-17T10:52:10","guid":{"rendered":"https:\/\/ecoliteracy.eu\/?page_id=3859"},"modified":"2026-02-24T14:15:15","modified_gmt":"2026-02-24T14:15:15","slug":"holistic-awareness-summary","status":"publish","type":"page","link":"https:\/\/ecoliteracy.eu\/hu\/resource-library\/podcasts\/holistic-awareness-summary\/","title":{"rendered":"Holistic Awareness SUMMARY"},"content":{"rendered":"<div id='av_section_1'  class='avia-section av-9ivm8c-c343d3d3ecf3e27a1b4df201f74c3d59 main_color avia-section-default avia-no-border-styling  avia-builder-el-0  el_before_av_one_full  avia-builder-el-first  avia-bg-style-scroll container_wrap fullsize'  ><div class='container av-section-cont-open' ><main  role=\"main\" itemprop=\"mainContentOfPage\"  class='template-page content  av-content-full alpha units'><div class='post-entry post-entry-type-page post-entry-3859'><div class='entry-content-wrapper clearfix'>\n\n<style type=\"text\/css\" data-created_by=\"avia_inline_auto\" id=\"style-css-av-6vkz58-7f8f0f165224c05434384c1a11cadc7a\">\n.flex_column.av-6vkz58-7f8f0f165224c05434384c1a11cadc7a{\nborder-width:1px;\nborder-color:#ebebeb;\nborder-style:solid;\nborder-radius:25px 0px 25px 0px;\nbackground-color:#ebebeb;\n}\n<\/style>\n<div  class='flex_column av-6vkz58-7f8f0f165224c05434384c1a11cadc7a av_two_third  avia-builder-el-1  avia-builder-el-no-sibling  first no_margin flex_column_div'     ><style type=\"text\/css\" data-created_by=\"avia_inline_auto\" id=\"style-css-av-mj1xgfy9-80782d8d704858c07f2ad312c61c87fe\">\n#top .av-special-heading.av-mj1xgfy9-80782d8d704858c07f2ad312c61c87fe{\npadding-bottom:0;\n}\nbody .av-special-heading.av-mj1xgfy9-80782d8d704858c07f2ad312c61c87fe .av-special-heading-tag .heading-char{\nfont-size:25px;\n}\n.av-special-heading.av-mj1xgfy9-80782d8d704858c07f2ad312c61c87fe .av-subheading{\nfont-size:15px;\n}\n<\/style>\n<div  class='av-special-heading av-mj1xgfy9-80782d8d704858c07f2ad312c61c87fe av-special-heading-h4 custom-color-heading blockquote modern-quote  avia-builder-el-2  avia-builder-el-no-sibling  ngo-header'><h4 class='av-special-heading-tag'  itemprop=\"headline\"  >Holisztikus tudatoss\u00e1g \u2013 A jelent\u00e9s, az intu\u00edci\u00f3 \u00e9s a cselekv\u00e9s egys\u00e9gbe rendez\u00e9se<\/h4><div class=\"special-heading-border\"><div class=\"special-heading-inner-border\"><\/div><\/div><\/div><\/div>\n<\/div><\/div><\/main><!-- close content main element --><\/div><\/div><div id='after_section_1'  class='main_color av_default_container_wrap container_wrap fullsize'  ><div class='container av-section-cont-open' ><div class='template-page content  av-content-full alpha units'><div class='post-entry post-entry-type-page post-entry-3859'><div class='entry-content-wrapper clearfix'>\n<div  class='flex_column av-32lzpo-532a35db37033458be2e8d92a9349361 av_one_full  avia-builder-el-3  el_after_av_section  avia-builder-el-no-sibling  first flex_column_div'     ><p>\n<style type=\"text\/css\" data-created_by=\"avia_inline_auto\" id=\"style-css-av-mj1y3fm9-ef85e168b23f4ba8f3b65ae3a944671a\">\n#top .av-special-heading.av-mj1y3fm9-ef85e168b23f4ba8f3b65ae3a944671a{\npadding-bottom:10px;\n}\nbody .av-special-heading.av-mj1y3fm9-ef85e168b23f4ba8f3b65ae3a944671a .av-special-heading-tag .heading-char{\nfont-size:25px;\n}\n.av-special-heading.av-mj1y3fm9-ef85e168b23f4ba8f3b65ae3a944671a .av-subheading{\nfont-size:15px;\n}\n<\/style>\n<div  class='av-special-heading av-mj1y3fm9-ef85e168b23f4ba8f3b65ae3a944671a av-special-heading-h5 blockquote classic-quote classic-quote-left  avia-builder-el-4  el_before_av_textblock  avia-builder-el-first'><h5 class='av-special-heading-tag'  itemprop=\"headline\"  >A holisztikus tudom\u00e1ny arra h\u00edv minket, hogy az \u00e9l\u0151 vil\u00e1g r\u00e9szek\u00e9nt tapasztaljuk meg \u00f6nmagunkat<\/h5><div class=\"special-heading-border\"><div class=\"special-heading-inner-border\"><\/div><\/div><\/div><br \/>\n<section  class='av_textblock_section av-mj1xi580-41c00822e5638027733ce8f3bb0dd625'   itemscope=\"itemscope\" itemtype=\"https:\/\/schema.org\/CreativeWork\" ><div class='avia_textblock'  itemprop=\"text\" ><p><i><span style=\"font-weight: 400;\">A holisztikus tudatoss\u00e1got neh\u00e9z pontosan meghat\u00e1rozni, m\u00e9gis nagyon ismer\u0151s, amikor mindennapjainkban meg\u00e9lj\u00fck. A Green Minds ezen epiz\u00f3dj\u00e1ban Esther Vallado m\u0171sorvezet\u0151 Sebastian Burch oktat\u00f3val \u00e9s holisztikus tudom\u00e1nyokkal foglalkoz\u00f3 szakemberrel besz\u00e9lget err\u0151l a ritk\u00e1n \u00e9rtelmezett \u00f6kokompetenci\u00e1r\u00f3l. Tov\u00e1bb\u00e1 arr\u00f3l, ez a kompetencia mi\u00e9rt \u00e9rdemel \u00f6n\u00e1ll\u00f3 helyet egy fenntarthat\u00f3s\u00e1gi t\u00e9m\u00e1kat \u00e9rint\u0151 besz\u00e9lget\u00e9sekben. Ez az epiz\u00f3d azt j\u00e1rja k\u00f6r\u00fcl, mik\u00e9nt sz\u00f6vi \u00f6ssze a holisztikus tudatoss\u00e1g az intu\u00edci\u00f3t, az \u00e9rzelmeket, a meg\u00e9rt\u00e9st \u00e9s a testben meg\u00e9lt tapasztalatot \u2013 seg\u00edtve benn\u00fcnket abban, hogy ne elszigetelt megfigyel\u0151k\u00e9nt, hanem a vil\u00e1g akt\u00edv r\u00e9sztvev\u0151ik\u00e9nt \u00e9rtelmezz\u00fck a val\u00f3s\u00e1got.<\/span><\/i><\/p>\n<\/div><\/section><br \/>\n<section  class='av_textblock_section av-35wios-c841a59c88abf5b97922ab447f926d10'   itemscope=\"itemscope\" itemtype=\"https:\/\/schema.org\/CreativeWork\" ><div class='avia_textblock'  itemprop=\"text\" ><p><span style=\"font-weight: 400;\">Sebastian a holisztikus tudatoss\u00e1got <\/span>a bels\u0151 \u00e9s a k\u00fcls\u0151 vil\u00e1g tal\u00e1lkoz\u00e1si pontjak\u00e9nt \u00edrja le.<span style=\"font-weight: 400;\"> Nem csup\u00e1n rendszerek meg\u00e9rt\u00e9s\u00e9r\u0151l vagy probl\u00e9m\u00e1k elemz\u00e9s\u00e9r\u0151l van sz\u00f3, hanem egy olyan tudat\u00e1llapot kialak\u00edt\u00e1s\u00e1r\u00f3l, amely \u00e9rz\u00e9keli a k\u00f6rnyezet\u00fcnk val\u00f3s\u00e1g\u00e1t, ami mag\u00e1ba foglalja  kapcsolatainkat \u00e9s t\u00f6rt\u00e9neteinket. A Schumacher College-ban folytatott tanulm\u00e1nyaira t\u00e1maszkodva arra reflekt\u00e1l, hogy a hagyom\u00e1nyos tudom\u00e1ny \u2013 minden ereje ellen\u00e9re \u2013 gyakran el\u00e9ri a hat\u00e1rait, amikor az \u00e9letet mechanikusnak vagy \u00e9lettelennek tekinti. A holisztikus tudatoss\u00e1g ezzel szemben egy <\/span>\u201e\u00e9l\u0151\u201d, anim\u00e1lt vil\u00e1g\u00e9rtelmez\u00e9shez kapcsol vissza benn\u00fcnket \u2013<span style=\"font-weight: 400;\"> olyan megk\u00f6zel\u00edt\u00e9shez, amely nem csup\u00e1n adatokon, hanem b\u00f6lcsess\u00e9gen alapul.<\/span><\/p>\n<\/div><\/section><br \/>\n<section  class='av_textblock_section av-mj1xicv0-7cf83785be297b5b3a7e65e58180b660'   itemscope=\"itemscope\" itemtype=\"https:\/\/schema.org\/CreativeWork\" ><div class='avia_textblock'  itemprop=\"text\" ><p><span style=\"font-weight: 400;\">A <\/span>Egy er\u0151teljes szem\u00e9lyes t\u00f6rt\u00e9net mutatja<span style=\"font-weight: 400;\"> meg ezt a kompetenci\u00e1t saj\u00e1t gyakorlat\u00e1ban. Megismerhetj\u00fck Sebastian \u00e9lm\u00e9nyeit p\u00e1sztork\u00e9nt elt\u00f6lt\u00f6tt \u00e9let\u00e9b\u0151l, amikor egy szeretett kecsk\u00e9t k\u00eds\u00e9rt \u00e9lete utols\u00f3 pillanataiban. Ebben a helyzetben nem elm\u00e9letekre, hanem intu\u00edci\u00f3ra hagyatkozva cselekedett, \u00e9s ez b\u00e9k\u00e9t, kapcsol\u00f3d\u00e1st \u00e9s \u00e9s egy k\u00fcl\u00f6nleges tudat\u00e1llapotot hozott sz\u00e1m\u00e1ra ebben a helyzetbe. Sz\u00e1m\u00e1ra ez a pillanat tette igaz\u00e1n \u00e9rthet\u0151v\u00e9, mi is a holisztikus tudatoss\u00e1g: <\/span>egy testben meg\u00e9lt, kapcsolati tud\u00e1sforma, amely nem m\u00e9rhet\u0151, <span style=\"font-weight: 400;\">m\u00e9gis vitathatatlanul val\u00f3s.<\/span><\/p>\n<\/div><\/section><br \/>\n<section  class='av_textblock_section av-mj1xj2mr-a6612aa40f5705038c4d2edeeb7a230a'   itemscope=\"itemscope\" itemtype=\"https:\/\/schema.org\/CreativeWork\" ><div class='avia_textblock'  itemprop=\"text\" ><p><span style=\"font-weight: 400;\">Az epiz\u00f3d azt is felt\u00e1rja, hogyan kapcsol\u00f3dik a holisztikus tudatoss\u00e1g m\u00e1s<\/span> fenntarthat\u00f3s\u00e1gi kompetenci\u00e1khoz.<span style=\"font-weight: 400;\"> Sebastian szerint az olyan k\u00e9szs\u00e9gek, mint a rendszerszeml\u00e9let, a probl\u00e9makeretez\u00e9s vagy a j\u00f6v\u0151m\u0171velts\u00e9g gyakran a holisztikus tudatoss\u00e1gb\u00f3l bontakoznak ki, m\u00e9gsem ragadj\u00e1k meg annak teljess\u00e9g\u00e9t. M\u00edg ezek az eszk\u00f6z\u00f6k els\u0151sorban racion\u00e1lis folyamatokra \u00e9p\u00fclnek, a holisztikus tudatoss\u00e1g integr\u00e1lja az \u00e9rzelmi bevon\u00f3d\u00e1st, az \u00e9rt\u00e9keket, a k\u00e9pzel\u0151er\u0151t \u00e9s az \u00edt\u00e9l\u0151k\u00e9pess\u00e9get is. Lehet\u0151v\u00e9 teszi, hogy egym\u00e1sba \u00e1gyazott \u201eeg\u00e9szeket\u201d \u00e9rz\u00e9kelj\u00fcnk \u2013 a sejtekt\u0151l az \u00f6kosziszt\u00e9m\u00e1kon \u00e1t a bolyg\u00f3ig \u2013, \u00e9s hogy \u00f6nmagunkat is ezek r\u00e9szek\u00e9nt \u00e9rts\u00fck meg.<\/span><\/p>\n<\/div><\/section><br \/>\n<section  class='av_textblock_section av-mj1xj91v-0198ba5f6787ded954dc2462f8f56ab7'   itemscope=\"itemscope\" itemtype=\"https:\/\/schema.org\/CreativeWork\" ><div class='avia_textblock'  itemprop=\"text\" ><p><span style=\"font-weight: 400;\">Oktat\u00f3k\u00e9nt, ford\u00edt\u00f3k\u00e9nt, f\u00f6lddel foglalkoz\u00f3 gondnokk\u00e9nt, \u00f6nk\u00e9ntesk\u00e9nt \u00e9s sz\u00fcl\u0151k\u00e9nt bet\u00f6lt\u00f6tt szerepeire visszatekintve Sebastian elmondja, hogy a holisztikus tudatoss\u00e1g seg\u00edtett elengednie azt a nyom\u00e1st, hogy \u00e9let\u00e9t egyetlen, koherens t\u00f6rt\u00e9netbe kelljen s\u0171r\u00edtenie. Ehelyett megtanulta tiszteletben tartani a t\u00f6bbes identit\u00e1sokat \u00e9s a p\u00e1rhuzamos t\u00f6rt\u00e9neteket, amelyek mind \u00f6nmagukban is jelent\u00e9ssel b\u00edrnak. Ez az elfogad\u00e1s \u2013 \u00e1ll\u00edtja \u2013 maga is a holisztikus <\/span>\u00f6nismeret egyik form\u00e1ja<span style=\"font-weight: 400;\">.<\/span><\/p>\n<p><span style=\"font-weight: 400;\">Oktat\u00e1si szempontb\u00f3l a besz\u00e9lget\u00e9s kiemeli <\/span>a fej, a k\u00e9z \u00e9s a sz\u00edv egy\u00fcttes tanul\u00e1si folyamatokba val\u00f3 integr\u00e1l\u00e1s\u00e1nak fontoss\u00e1g\u00e1t.<span style=\"font-weight: 400;\">Legyen sz\u00f3 k\u00f6z\u00f6s munk\u00e1r\u00f3l, tantermi tev\u00e9kenys\u00e9gekr\u0151l vagy a j\u00e1t\u00e9k \u00e9s kapcsol\u00f3d\u00e1s inform\u00e1lis pillanatair\u00f3l, a holisztikus tanul\u00e1s akkor sz\u00fcletik meg, amikor a gondolkod\u00e1s, az \u00e9rz\u00e9s \u00e9s a cselekv\u00e9s egys\u00e9gbe ker\u00fcl. Ennek a kompetenci\u00e1nak a m\u00e9r\u00e9se azonban komoly kih\u00edv\u00e1st jelent. Eredm\u00e9nyek \u00e9s indik\u00e1torok helyett Sebastian azt javasolja, hogy a <\/span>\u201espont\u00e1n cselekv\u0151k\u00e9pess\u00e9g\u201d<span style=\"font-weight: 400;\">jeleit keress\u00fck, amikor az emberek hitelesen, kreat\u00edvan \u00e9s felel\u0151sen cselekszenek a k\u00f6z\u00f6ss\u00e9geikben \u00e9s \u2018hely\u00fck\u00f6n \u00e9rzik\u2019 magukat.<\/span><\/p>\n<\/div><\/section><br \/>\n<section  class='av_textblock_section av-mj1xk7y3-e9170c2420bf062ade97a001b4a6336d'   itemscope=\"itemscope\" itemtype=\"https:\/\/schema.org\/CreativeWork\" ><div class='avia_textblock'  itemprop=\"text\" ><p><span style=\"font-weight: 400;\">Az epiz\u00f3d v\u00e9g\u00e9n rem\u00e9nyteli gondolat jelenik meg az \u00f6kom\u0171velts\u00e9gr\u0151l, mint v\u00e1laszr\u00f3l a mai \u00f6kol\u00f3giai \u00e9s t\u00e1rsadalmi v\u00e1ls\u00e1gokra. A holisztikus tudatoss\u00e1g fejleszt\u00e9se \u2013 \u00e9rvel Sebastian \u2013 seg\u00edt t\u00fall\u00e9pni az elszigetel\u0151d\u00e9s \u00e9rz\u00e9s\u00e9n, a felsz\u00ednes narrat\u00edv\u00e1kon \u00e9s a passz\u00edv megfigyel\u00e9sen. Arra h\u00edv, hogy<\/span> \u00fajra belakjuk a F\u00f6ldet mint k\u00f6z\u00f6s otthonunkat \u2013<span style=\"font-weight: 400;\"> egyszerre fizikai bolyg\u00f3k\u00e9nt \u00e9s \u00e9l\u0151 t\u00f6rt\u00e9netk\u00e9nt \u2013, \u00e9s hogy gondoskod\u00e1ssal, b\u00f6lcsess\u00e9ggel \u00e9s felel\u0151ss\u00e9ggel cselekedj\u00fcnk a j\u00f6v\u0151 gener\u00e1ci\u00f3i fel\u00e9.<\/span><\/p>\n<p>Ebben a podcastben sz\u00f3 esik:<\/p>\n<ol>\n<li style=\"font-weight: 400;\" aria-level=\"1\">Mit jelent a holisztikus tudatoss\u00e1g,<span style=\"font-weight: 400;\">\u00e9s mi\u00e9rt mutat t\u00fal a tud\u00e1son \u00e9s a racion\u00e1lis meg\u00e9rt\u00e9sen?<\/span><\/li>\n<li style=\"font-weight: 400;\" aria-level=\"1\"><span style=\"font-weight: 400;\">Hogyan j\u00e1rul hozz\u00e1 az intu\u00edci\u00f3, az \u00e9rzelem \u00e9s a<\/span> <span style=\"font-weight: 400;\">testben meg\u00e9lt tapasztalat a <\/span>fenntarthat\u00f3s\u00e1gi tanul\u00e1shoz?<b> <\/b><\/li>\n<li style=\"font-weight: 400;\" aria-level=\"1\">Mi\u00e9rt k\u00fcl\u00f6n\u00e1ll\u00f3, m\u00e9gis alapvet\u0151 kompetencia<span style=\"font-weight: 400;\"> a holisztikus tudatoss\u00e1g a rendszerszeml\u00e9lethez \u00e9s a j\u00f6v\u0151m\u0171velts\u00e9ghez k\u00e9pest?<\/span><\/li>\n<li style=\"font-weight: 400;\" aria-level=\"1\">Hogyan vonhatj\u00e1k <span style=\"font-weight: 400;\">engage<\/span> <span style=\"font-weight: 400;\">be az oktat\u00f3k a fejet, <\/span>a kezet \u00e9s a sz\u00edvet e <span style=\"font-weight: 400;\">kompetencia fejleszt\u00e9s\u00e9be?<\/span><\/li>\n<li style=\"font-weight: 400;\" aria-level=\"1\">Mi\u00e9rt neh\u00e9z m\u00e9rni a holisztikus tudatoss\u00e1got, \u00e9s hogyan adhatnak m\u00e9gis ir\u00e1nymutat\u00e1st a hiteless\u00e9g, a t\u00f6rt\u00e9netmes\u00e9l\u00e9s \u00e9s a spont\u00e1n cselekv\u00e9s?<\/li>\n<\/ol>\n<p><span style=\"font-weight: 400;\">\u00a0<\/span><\/p>\n<\/div><\/section><br \/>\n<section  class='av_textblock_section av-mj1xkl91-153fff7ea89c3de840c0a024f3dfbea4'   itemscope=\"itemscope\" itemtype=\"https:\/\/schema.org\/CreativeWork\" ><div class='avia_textblock'  itemprop=\"text\" ><p><i><span style=\"font-weight: 400;\">Z\u00e1r\u00e1sk\u00e9nt Sebastian felh\u00edvja a hallgat\u00f3k figyelm\u00e9t is arra, hogy a holisztikus tudatoss\u00e1g nem arr\u00f3l sz\u00f3l, hogy mindent megtegy\u00fcnk vagy \u201eszuperh\u0151s\u00f6kk\u00e9\u201d v\u00e1ljunk, hanem arr\u00f3l, hogy \u00e9rtelmes t\u00f6rt\u00e9neteket \u00e9lj\u00fcnk meg kapcsolatban az emberekkel, a hellyel \u00e9s a bolyg\u00f3val.<\/span><\/i><\/p>\n<p><i><span style=\"font-weight: 400;\">Maradj vel\u00fcnk, \u00e9s fedezd fel t\u00f6bbi podcastunkat az \u00f6kokompetenci\u00e1kr\u00f3l!<\/span><\/i><\/p>\n<p><span style=\"font-weight: 400;\">\u00a0<\/span><\/p>\n<\/div><\/section><\/p><\/div>","protected":false},"excerpt":{"rendered":"","protected":false},"author":17,"featured_media":0,"parent":188,"menu_order":0,"comment_status":"closed","ping_status":"closed","template":"","meta":{"_acf_changed":false,"footnotes":""},"class_list":["post-3859","page","type-page","status-publish","hentry"],"acf":[],"yoast_head":"<!-- This site is optimized with the Yoast SEO plugin v25.6 - https:\/\/yoast.com\/wordpress\/plugins\/seo\/ -->\n<title>Holistic Awareness SUMMARY - The Ecoliteracy Hub<\/title>\n<meta name=\"robots\" content=\"index, follow, max-snippet:-1, max-image-preview:large, max-video-preview:-1\" \/>\n<link rel=\"canonical\" href=\"https:\/\/ecoliteracy.eu\/hu\/resource-library\/podcasts\/holistic-awareness-summary\/\" \/>\n<meta property=\"og:locale\" content=\"hu_HU\" \/>\n<meta property=\"og:type\" content=\"article\" \/>\n<meta property=\"og:title\" content=\"Holistic Awareness SUMMARY - The Ecoliteracy Hub\" \/>\n<meta property=\"og:url\" content=\"https:\/\/ecoliteracy.eu\/hu\/resource-library\/podcasts\/holistic-awareness-summary\/\" \/>\n<meta property=\"og:site_name\" content=\"The Ecoliteracy Hub\" \/>\n<meta property=\"article:modified_time\" content=\"2026-02-24T14:15:15+00:00\" \/>\n<meta name=\"twitter:card\" content=\"summary_large_image\" \/>\n<meta name=\"twitter:label1\" content=\"Becs\u00fclt olvas\u00e1si id\u0151\" \/>\n\t<meta name=\"twitter:data1\" content=\"3 perc\" \/>\n<script type=\"application\/ld+json\" class=\"yoast-schema-graph\">{\"@context\":\"https:\/\/schema.org\",\"@graph\":[{\"@type\":\"WebPage\",\"@id\":\"https:\/\/ecoliteracy.eu\/resource-library\/podcasts\/holistic-awareness-summary\/\",\"url\":\"https:\/\/ecoliteracy.eu\/resource-library\/podcasts\/holistic-awareness-summary\/\",\"name\":\"Holistic Awareness SUMMARY - The Ecoliteracy Hub\",\"isPartOf\":{\"@id\":\"https:\/\/ecoliteracy.eu\/#website\"},\"datePublished\":\"2025-12-17T10:52:10+00:00\",\"dateModified\":\"2026-02-24T14:15:15+00:00\",\"breadcrumb\":{\"@id\":\"https:\/\/ecoliteracy.eu\/resource-library\/podcasts\/holistic-awareness-summary\/#breadcrumb\"},\"inLanguage\":\"hu\",\"potentialAction\":[{\"@type\":\"ReadAction\",\"target\":[\"https:\/\/ecoliteracy.eu\/resource-library\/podcasts\/holistic-awareness-summary\/\"]}]},{\"@type\":\"BreadcrumbList\",\"@id\":\"https:\/\/ecoliteracy.eu\/resource-library\/podcasts\/holistic-awareness-summary\/#breadcrumb\",\"itemListElement\":[{\"@type\":\"ListItem\",\"position\":1,\"name\":\"Home\",\"item\":\"https:\/\/ecoliteracy.eu\/\"},{\"@type\":\"ListItem\",\"position\":2,\"name\":\"Resources\",\"item\":\"https:\/\/ecoliteracy.eu\/resource-library\/\"},{\"@type\":\"ListItem\",\"position\":3,\"name\":\"Podcasts\",\"item\":\"https:\/\/ecoliteracy.eu\/resource-library\/podcasts\/\"},{\"@type\":\"ListItem\",\"position\":4,\"name\":\"Holistic Awareness SUMMARY\"}]},{\"@type\":\"WebSite\",\"@id\":\"https:\/\/ecoliteracy.eu\/#website\",\"url\":\"https:\/\/ecoliteracy.eu\/\",\"name\":\"The Ecoliteracy Hub\",\"description\":\"Empowering Educators for a Sustainable Future\",\"potentialAction\":[{\"@type\":\"SearchAction\",\"target\":{\"@type\":\"EntryPoint\",\"urlTemplate\":\"https:\/\/ecoliteracy.eu\/?s={search_term_string}\"},\"query-input\":{\"@type\":\"PropertyValueSpecification\",\"valueRequired\":true,\"valueName\":\"search_term_string\"}}],\"inLanguage\":\"hu\"}]}<\/script>\n<!-- \/ Yoast SEO plugin. -->","yoast_head_json":{"title":"Holistic Awareness SUMMARY - The Ecoliteracy Hub","robots":{"index":"index","follow":"follow","max-snippet":"max-snippet:-1","max-image-preview":"max-image-preview:large","max-video-preview":"max-video-preview:-1"},"canonical":"https:\/\/ecoliteracy.eu\/hu\/resource-library\/podcasts\/holistic-awareness-summary\/","og_locale":"hu_HU","og_type":"article","og_title":"Holistic Awareness SUMMARY - The Ecoliteracy Hub","og_url":"https:\/\/ecoliteracy.eu\/hu\/resource-library\/podcasts\/holistic-awareness-summary\/","og_site_name":"The Ecoliteracy Hub","article_modified_time":"2026-02-24T14:15:15+00:00","twitter_card":"summary_large_image","twitter_misc":{"Becs\u00fclt olvas\u00e1si id\u0151":"3 perc"},"schema":{"@context":"https:\/\/schema.org","@graph":[{"@type":"WebPage","@id":"https:\/\/ecoliteracy.eu\/resource-library\/podcasts\/holistic-awareness-summary\/","url":"https:\/\/ecoliteracy.eu\/resource-library\/podcasts\/holistic-awareness-summary\/","name":"Holistic Awareness SUMMARY - The Ecoliteracy Hub","isPartOf":{"@id":"https:\/\/ecoliteracy.eu\/#website"},"datePublished":"2025-12-17T10:52:10+00:00","dateModified":"2026-02-24T14:15:15+00:00","breadcrumb":{"@id":"https:\/\/ecoliteracy.eu\/resource-library\/podcasts\/holistic-awareness-summary\/#breadcrumb"},"inLanguage":"hu","potentialAction":[{"@type":"ReadAction","target":["https:\/\/ecoliteracy.eu\/resource-library\/podcasts\/holistic-awareness-summary\/"]}]},{"@type":"BreadcrumbList","@id":"https:\/\/ecoliteracy.eu\/resource-library\/podcasts\/holistic-awareness-summary\/#breadcrumb","itemListElement":[{"@type":"ListItem","position":1,"name":"Home","item":"https:\/\/ecoliteracy.eu\/"},{"@type":"ListItem","position":2,"name":"Resources","item":"https:\/\/ecoliteracy.eu\/resource-library\/"},{"@type":"ListItem","position":3,"name":"Podcasts","item":"https:\/\/ecoliteracy.eu\/resource-library\/podcasts\/"},{"@type":"ListItem","position":4,"name":"Holistic Awareness SUMMARY"}]},{"@type":"WebSite","@id":"https:\/\/ecoliteracy.eu\/#website","url":"https:\/\/ecoliteracy.eu\/","name":"Az Ecoliteracy Hub","description":"Az \u00f6kotudatos oktat\u00e1s erej\u00e9vel a fenntarthat\u00f3 j\u00f6v\u0151\u00e9rt","potentialAction":[{"@type":"SearchAction","target":{"@type":"EntryPoint","urlTemplate":"https:\/\/ecoliteracy.eu\/?s={search_term_string}"},"query-input":{"@type":"PropertyValueSpecification","valueRequired":true,"valueName":"search_term_string"}}],"inLanguage":"hu"}]}},"_hostinger_reach_plugin_has_subscription_block":false,"_hostinger_reach_plugin_is_elementor":false,"_links":{"self":[{"href":"https:\/\/ecoliteracy.eu\/hu\/wp-json\/wp\/v2\/pages\/3859","targetHints":{"allow":["GET"]}}],"collection":[{"href":"https:\/\/ecoliteracy.eu\/hu\/wp-json\/wp\/v2\/pages"}],"about":[{"href":"https:\/\/ecoliteracy.eu\/hu\/wp-json\/wp\/v2\/types\/page"}],"author":[{"embeddable":true,"href":"https:\/\/ecoliteracy.eu\/hu\/wp-json\/wp\/v2\/users\/17"}],"replies":[{"embeddable":true,"href":"https:\/\/ecoliteracy.eu\/hu\/wp-json\/wp\/v2\/comments?post=3859"}],"version-history":[{"count":2,"href":"https:\/\/ecoliteracy.eu\/hu\/wp-json\/wp\/v2\/pages\/3859\/revisions"}],"predecessor-version":[{"id":4028,"href":"https:\/\/ecoliteracy.eu\/hu\/wp-json\/wp\/v2\/pages\/3859\/revisions\/4028"}],"up":[{"embeddable":true,"href":"https:\/\/ecoliteracy.eu\/hu\/wp-json\/wp\/v2\/pages\/188"}],"wp:attachment":[{"href":"https:\/\/ecoliteracy.eu\/hu\/wp-json\/wp\/v2\/media?parent=3859"}],"curies":[{"name":"wp","href":"https:\/\/api.w.org\/{rel}","templated":true}]}}