{"id":3820,"date":"2025-12-17T13:09:15","date_gmt":"2025-12-17T13:09:15","guid":{"rendered":"https:\/\/ecoliteracy.eu\/?page_id=3820"},"modified":"2026-02-24T14:15:45","modified_gmt":"2026-02-24T14:15:45","slug":"exploratory-thinking-podcast-summary","status":"publish","type":"page","link":"https:\/\/ecoliteracy.eu\/hu\/resource-library\/podcasts\/exploratory-thinking-podcast-summary\/","title":{"rendered":"Exploratory Thinking Podcast Summary"},"content":{"rendered":"<div id='av_section_1'  class='avia-section av-9ivm8c-c343d3d3ecf3e27a1b4df201f74c3d59 main_color avia-section-default avia-no-border-styling  avia-builder-el-0  el_before_av_one_full  avia-builder-el-first  avia-bg-style-scroll container_wrap fullsize'  ><div class='container av-section-cont-open' ><main  role=\"main\" itemprop=\"mainContentOfPage\"  class='template-page content  av-content-full alpha units'><div class='post-entry post-entry-type-page post-entry-3820'><div class='entry-content-wrapper clearfix'>\n\n<style type=\"text\/css\" data-created_by=\"avia_inline_auto\" id=\"style-css-av-6vkz58-7f8f0f165224c05434384c1a11cadc7a\">\n.flex_column.av-6vkz58-7f8f0f165224c05434384c1a11cadc7a{\nborder-width:1px;\nborder-color:#ebebeb;\nborder-style:solid;\nborder-radius:25px 0px 25px 0px;\nbackground-color:#ebebeb;\n}\n<\/style>\n<div  class='flex_column av-6vkz58-7f8f0f165224c05434384c1a11cadc7a av_two_third  avia-builder-el-1  avia-builder-el-no-sibling  first no_margin flex_column_div'     ><style type=\"text\/css\" data-created_by=\"avia_inline_auto\" id=\"style-css-av-mj1xgfy9-63886ab15de1b35d0b9f288a2f5291b1\">\n#top .av-special-heading.av-mj1xgfy9-63886ab15de1b35d0b9f288a2f5291b1{\npadding-bottom:0;\n}\nbody .av-special-heading.av-mj1xgfy9-63886ab15de1b35d0b9f288a2f5291b1 .av-special-heading-tag .heading-char{\nfont-size:25px;\n}\n.av-special-heading.av-mj1xgfy9-63886ab15de1b35d0b9f288a2f5291b1 .av-subheading{\nfont-size:15px;\n}\n<\/style>\n<div  class='av-special-heading av-mj1xgfy9-63886ab15de1b35d0b9f288a2f5291b1 av-special-heading-h4 custom-color-heading blockquote modern-quote  avia-builder-el-2  avia-builder-el-no-sibling  ngo-header'><h4 class='av-special-heading-tag'  itemprop=\"headline\"  >Felt\u00e1r\u00f3 gondolkod\u00e1s \u2013 Fel\u00e9leszteni a vel\u00fcnk sz\u00fcletett k\u00edv\u00e1ncsis\u00e1got<\/h4><div class=\"special-heading-border\"><div class=\"special-heading-inner-border\"><\/div><\/div><\/div><\/div>\n<\/div><\/div><\/main><!-- close content main element --><\/div><\/div><div id='after_section_1'  class='main_color av_default_container_wrap container_wrap fullsize'  ><div class='container av-section-cont-open' ><div class='template-page content  av-content-full alpha units'><div class='post-entry post-entry-type-page post-entry-3820'><div class='entry-content-wrapper clearfix'>\n<div  class='flex_column av-32lzpo-532a35db37033458be2e8d92a9349361 av_one_full  avia-builder-el-3  el_after_av_section  avia-builder-el-no-sibling  first flex_column_div'     ><p>\n<style type=\"text\/css\" data-created_by=\"avia_inline_auto\" id=\"style-css-av-mj1y3fm9-38592c85da218d7e9d038aef7d9d32e6\">\n#top .av-special-heading.av-mj1y3fm9-38592c85da218d7e9d038aef7d9d32e6{\npadding-bottom:10px;\n}\nbody .av-special-heading.av-mj1y3fm9-38592c85da218d7e9d038aef7d9d32e6 .av-special-heading-tag .heading-char{\nfont-size:25px;\n}\n.av-special-heading.av-mj1y3fm9-38592c85da218d7e9d038aef7d9d32e6 .av-subheading{\nfont-size:15px;\n}\n<\/style>\n<div  class='av-special-heading av-mj1y3fm9-38592c85da218d7e9d038aef7d9d32e6 av-special-heading-h5 blockquote classic-quote classic-quote-left  avia-builder-el-4  el_before_av_textblock  avia-builder-el-first'><h5 class='av-special-heading-tag'  itemprop=\"headline\"  >Hogyan inspir\u00e1l egy civil\/k\u00f6z\u00f6ss\u00e9gi tudom\u00e1nyi kutat\u00f3 nyitotts\u00e1gra, er\u0151s\u00edti a k\u00e9pzel\u0151er\u0151t \u00e9s promot\u00e1lja az alkalmazkod\u00f3 tanul\u00e1st<\/h5><div class=\"special-heading-border\"><div class=\"special-heading-inner-border\"><\/div><\/div><\/div><br \/>\n<section  class='av_textblock_section av-mj1xi580-41c00822e5638027733ce8f3bb0dd625'   itemscope=\"itemscope\" itemtype=\"https:\/\/schema.org\/CreativeWork\" ><div class='avia_textblock'  itemprop=\"text\" ><p><i><span style=\"font-weight: 400;\">A felt\u00e1r\u00f3 gondolkod\u00e1s tal\u00e1n bonyolultnak hangzik, de V\u00e1s\u00e1rhelyi Zs\u00f3ka evol\u00faci\u00f3biol\u00f3gus \u00e9s k\u00f6z\u00f6ss\u00e9gi tudom\u00e1nyi szakember szerint mindannyian ezzel sz\u00fclet\u00fcnk. Az interj\u00faban arr\u00f3l mes\u00e9l, hogyan seg\u00edthet a k\u00edv\u00e1ncsis\u00e1g abban, hogy meg\u00e9rts\u00fck az \u00f6kol\u00f3giai v\u00e1ltoz\u00e1sokat, kapcsol\u00f3djunk a tudom\u00e1nyhoz \u00e9s jobb j\u00f6v\u0151ket k\u00e9pzelj\u00fcnk el \u2014 m\u00e9g akkor is, ha mindez egy egyszer\u0171, sz\u00fanyogr\u00f3l k\u00e9sz\u00fclt fot\u00f3val kezd\u0151dik.<\/span><\/i><\/p>\n<\/div><\/section><br \/>\n<section  class='av_textblock_section av-35wios-c841a59c88abf5b97922ab447f926d10'   itemscope=\"itemscope\" itemtype=\"https:\/\/schema.org\/CreativeWork\" ><div class='avia_textblock'  itemprop=\"text\" ><p><span style=\"font-weight: 400;\">Sokan egy tudom\u00e1nyos, elm\u00e9leti fogalomra gondolnak, amikor <\/span><i><span style=\"font-weight: 400;\">felft\u00e1r\u00f3 gondolkod\u00e1sr\u00f3l<\/span><\/i><span style=\"font-weight: 400;\">besz\u00e9l\u00fcnk. <\/span>Zs\u00f3ka<span style=\"font-weight: 400;\"> azonban eml\u00e9keztet r\u00e1, hogy ez az \u00f6kokompetencia mindannyiunk term\u00e9szetes r\u00e9sze. \u201eEz az a gyermeki \u00e1llapot, amikor megk\u00e9rdezz\u00fck: <\/span><i><span style=\"font-weight: 400;\">\u201emi\u00e9rt?\u201d<\/span><\/i><span style=\"font-weight: 400;\">\u201d \u2014 mondja. A k\u00edv\u00e1ncsis\u00e1g hajtja azt, hogy megk\u00e9rd\u0151jelezz\u00fck a h\u00e9tk\u00f6znapokat, legyen sz\u00f3 az \u00e9g sz\u00edn\u00e9r\u0151l vagy azokr\u00f3l a szab\u00e1lyokr\u00f3l, amelyeket k\u00f6vetn\u00fcnk kell. Zs\u00f3ka szerint a felfedez\u00e9s egyszerre fizikai \u00e9s kognit\u00edv folyamat: \u00e9rz\u00e9kszerveinkkel tapasztalunk, majd \u00e9rtelmet adunk annak, amit l\u00e1tunk.<\/span><\/p>\n<\/div><\/section><br \/>\n<section  class='av_textblock_section av-mj1xicv0-7cf83785be297b5b3a7e65e58180b660'   itemscope=\"itemscope\" itemtype=\"https:\/\/schema.org\/CreativeWork\" ><div class='avia_textblock'  itemprop=\"text\" ><p><span style=\"font-weight: 400;\">Gyerekk\u00e9nt ez a nyitotts\u00e1g k\u00fcl\u00f6n\u00f6sen er\u0151s. Zs\u00f3ka mag\u00e1t is olyan di\u00e1knak \u00edrja le, aki gyakran keresett alternat\u00edv megold\u00e1sokat, \u00e9s megk\u00e9rd\u0151jelezte az utas\u00edt\u00e1sokat, ha azok nem voltak logikusak. Ez a hozz\u00e1\u00e1ll\u00e1s nem rendbont\u00e1s \u2014 hanem annak korai jele, hogy k\u00e9pes vagy elk\u00e9pzelni m\u00e1s lehet\u0151s\u00e9geket. Ez pedig szorosan kapcsol\u00f3dik az Ecoliteracy Hub <\/span><i><span style=\"font-weight: 400;\">\u201eFenntarthat\u00f3 j\u00f6v\u0151k elk\u00e9pzel\u00e9se\u201d<\/span><\/i><span style=\"font-weight: 400;\"> nev\u0171 kompetenciater\u00fclet\u00e9hez. A felfedez\u0151 gondolkod\u00e1s seg\u00edt t\u00f6bbf\u00e9le utat m\u00e9rlegelni, nyitottnak maradni bizonytalans\u00e1g idej\u00e9n \u00e9s eligazodni egy gyorsan v\u00e1ltoz\u00f3 vil\u00e1gban.<\/span><\/p>\n<\/div><\/section><br \/>\n<section  class='av_textblock_section av-mj1xj2mr-a6612aa40f5705038c4d2edeeb7a230a'   itemscope=\"itemscope\" itemtype=\"https:\/\/schema.org\/CreativeWork\" ><div class='avia_textblock'  itemprop=\"text\" ><p><span style=\"font-weight: 400;\">Szakmai munk\u00e1ja \u00e9l\u0151 p\u00e9ld\u00e1ja ennek a kompetenci\u00e1nak. A <\/span>Mosquito Monitor<span style=\"font-weight: 400;\">nev\u0171 magyar k\u00f6z\u00f6ss\u00e9gi tudom\u00e1nyos projektben dolgozik, amely az invaz\u00edv sz\u00fanyogfajokat vizsg\u00e1lja. A tudom\u00e1nyos c\u00e9l a fajok terjed\u00e9s\u00e9nek felt\u00e9rk\u00e9pez\u00e9se \u00e9s az \u00f6kol\u00f3giai kock\u00e1zatok elemz\u00e9se, de a projektnek van egy m\u00e1sik, kev\u00e9sb\u00e9 m\u00e9rhet\u0151 hat\u00e1sa is: fel\u00e9breszti az emberek k\u00edv\u00e1ncsis\u00e1g\u00e1t. A legt\u00f6bb \u00f6nk\u00e9ntes mind\u00f6ssze egyetlen alkalommal k\u00fcld be fot\u00f3t. \u201eDe m\u00e1r ez az egy pillanat is el\u00e9g, hogy meg\u00e1lljanak \u00e9s elgondolkodjanak\u201d \u2014 mondja Zs\u00f3ka. Hirtelen azon kezdenek t\u00f6prengeni, milyen fajokat l\u00e1tnak, milyen mint\u00e1zatok l\u00e9teznek, vagy milyen hat\u00e1sa van mindennek az \u00f6kosziszt\u00e9m\u00e1ra \u2014 olyan k\u00e9rd\u00e9seken, amelyek kor\u00e1bban soha nem jutottak esz\u00fckbe. A kreat\u00edv kommunik\u00e1ci\u00f3s eszk\u00f6z\u00f6k, a m\u00e9diakamp\u00e1nyokt\u00f3l a rajzp\u00e1ly\u00e1zatokig, alacsony bel\u00e9p\u00e9si k\u00fcsz\u00f6b\u00f6t teremtenek, \u00e9s megh\u00edvj\u00e1k az embereket az els\u0151 felfedez\u0151 l\u00e9p\u00e9s megt\u00e9tel\u00e9re.<\/span><\/p>\n<\/div><\/section><br \/>\n<section  class='av_textblock_section av-mj1xj91v-0198ba5f6787ded954dc2462f8f56ab7'   itemscope=\"itemscope\" itemtype=\"https:\/\/schema.org\/CreativeWork\" ><div class='avia_textblock'  itemprop=\"text\" ><p><span style=\"font-weight: 400;\">Zs\u00f3ka szerint a felt\u00e1r\u00f3 gondolkod\u00e1s k\u00fcl\u00f6n\u00f6sen fontos a mai inform\u00e1ci\u00f3val t\u00falterhelt vil\u00e1gban. A folyamatos v\u00e1ltoz\u00e1s k\u00f6zepette sz\u00fcks\u00e9g\u00fcnk van kreativit\u00e1sra, rugalmass\u00e1gra \u00e9s arra a k\u00e9pess\u00e9gre, hogy felismerj\u00fck, mi az, ami t\u00e9nyleg \u00e9rdemes a figyelm\u00fcnkre. Ugyanakkor arra is figyelmeztet, hogy az \u00faj impulzusok keres\u00e9se k\u00f6nnyen t\u00fal sokk\u00e1 v\u00e1lhat. A val\u00f3di felfedez\u0151 gondolkod\u00e1s nem v\u00e9gtelen b\u00f6ng\u00e9sz\u00e9s: lelassul\u00e1st, kapcsol\u00f3d\u00e1st \u00e9s fokozatos meg\u00e9rt\u00e9st ig\u00e9nyel.<\/p>\n<p><\/span><\/p>\n<p><span style=\"font-weight: 400;\">Tan\u00e1rk\u00e9nt \u2014 legyen sz\u00f3 egyetemi kurzusr\u00f3l vagy k\u00f6z\u00e9piskolai \u00f3r\u00e1r\u00f3l \u2014 Zs\u00f3ka mindig arra t\u00f6rekszik, hogy meger\u0151s\u00edtse a tanul\u00f3kat. Ahelyett, hogy arra v\u00e1rn\u00e1nak, hogy a tud\u00e1s lassan \u201cbesz\u00edv\u00f3djon\u201d, arra h\u00edvja a di\u00e1kokat, hogy k\u00e9rdezzenek, d\u00f6ntsenek \u00e9s akt\u00edvan fedezz\u00e9k fel a tananyagot. Legyen sz\u00f3 statisztik\u00e1r\u00f3l, emberi evol\u00faci\u00f3r\u00f3l vagy \u00f6kol\u00f3gi\u00e1r\u00f3l, a megk\u00f6zel\u00edt\u00e9se ugyanaz: teremts teret a k\u00edv\u00e1ncsis\u00e1gnak, \u00e9s add a tanul\u00f3k kez\u00e9be a gondolkod\u00e1si folyamat ir\u00e1ny\u00edt\u00e1s\u00e1t.<\/p>\n<p><\/span><\/p>\n<p><span style=\"font-weight: 400;\">A felt\u00e1r\u00f3 gondolkod\u00e1s \u2014 z\u00e1rja \u2014 nem ritka tehets\u00e9g, hanem univerz\u00e1lis, \u00e9lethosszig fejleszthet\u0151 kompetencia. \u201eMindannyiunkban ott van. A k\u00e9rd\u00e9s csak az, hogy gondozzuk-e.\u201d\nA k\u00f6z\u00f6ss\u00e9gi tudom\u00e1ny, a lelkes\u00edt\u0151 kommunik\u00e1ci\u00f3 \u00e9s az empowering pedag\u00f3gia mind azt mutatj\u00e1k, hogyan \u00e9leszthet\u0151 \u00fajra \u2014 \u00e9s hogyan seg\u00edthet abban, hogy t\u00f6bb ember kapcsol\u00f3djon az \u00e9l\u0151vil\u00e1ghoz.<\/span><\/p>\n<p><span style=\"font-weight: 400;\">\u00a0<\/span><\/p>\n<\/div><\/section><br \/>\n<section  class='av_textblock_section av-mj1xk7y3-e9170c2420bf062ade97a001b4a6336d'   itemscope=\"itemscope\" itemtype=\"https:\/\/schema.org\/CreativeWork\" ><div class='avia_textblock'  itemprop=\"text\" ><p>Ebben a podcastben sz\u00f3 esik:<\/p>\n<ol>\n<li style=\"font-weight: 400;\" aria-level=\"1\">Mit is jelent val\u00f3j\u00e1ban a felt\u00e1r\u00f3 gondolkod\u00e1s<span style=\"font-weight: 400;\"> \u2014 \u00e9s mi\u00e9rt a gyermekkori k\u00edv\u00e1ncsis\u00e1g ezen \u00f6kokompetencia alapja.<\/span><\/li>\n<li style=\"font-weight: 400;\" aria-level=\"1\">Hogyan t\u00e1mogatja az \u00f6kom\u0171velts\u00e9get,<span style=\"font-weight: 400;\">k\u00fcl\u00f6n\u00f6sen a fenntarthat\u00f3 j\u00f6v\u0151k elk\u00e9pzel\u00e9s\u00e9t \u00e9s a bizonytalans\u00e1g kezel\u00e9s\u00e9t.<\/span><\/li>\n<li style=\"font-weight: 400;\" aria-level=\"1\">Hogyan \u00e9breszt k\u00edv\u00e1ncsis\u00e1got a k\u00f6z\u00f6ss\u00e9gi tudom\u00e1ny,<span style=\"font-weight: 400;\">Zs\u00f3ka Mosquito Monitor-projektj\u00e9n kereszt\u00fcl, kreat\u00edv bevon\u00e1si m\u00f3dszerekkel.<\/span><\/li>\n<li style=\"font-weight: 400;\" aria-level=\"1\">Mi\u00e9rt l\u00e9tfontoss\u00e1g\u00fa a felfedez\u0151 gondolkod\u00e1s a gyorsan v\u00e1ltoz\u00f3 vil\u00e1gban,<span style=\"font-weight: 400;\">\u00e9s hogyan k\u00fcl\u00f6nb\u00f6ztethet\u0151 meg a val\u00f3di megismer\u00e9s a t\u00falzott inform\u00e1ci\u00f3hajszol\u00e1st\u00f3l.<\/span><\/li>\n<li style=\"font-weight: 400;\" aria-level=\"1\">Gyakorlati tippek tan\u00e1roknak<span style=\"font-weight: 400;\"> arra, hogyan er\u0151s\u00edtsd a felfedez\u0151 gondolkod\u00e1st: hogyan adj teret a k\u00e9rd\u00e9seknek, a d\u00f6nt\u00e9seknek \u00e9s az akt\u00edv felfedez\u00e9snek.<\/span><\/li>\n<\/ol>\n<p><span style=\"font-weight: 400;\">\u00a0<\/span><\/p>\n<\/div><\/section><br \/>\n<section  class='av_textblock_section av-mj1xkl91-153fff7ea89c3de840c0a024f3dfbea4'   itemscope=\"itemscope\" itemtype=\"https:\/\/schema.org\/CreativeWork\" ><div class='avia_textblock'  itemprop=\"text\" ><p><i><span style=\"font-weight: 400;\">A v\u00e9g\u00e9re egy eml\u00e9keztet\u0151: a felt\u00e1r\u00f3 gondolkod\u00e1s nem olyan k\u00e9szs\u00e9g, amit egyszer megszerz\u00fcnk \u2014 hanem olyan, amit eg\u00e9sz \u00e9let\u00fcnkben t\u00e1pl\u00e1lunk.<\/span><\/i><\/p>\n<p><i><span style=\"font-weight: 400;\">Maradj vel\u00fcnk, \u00e9s fedezd fel t\u00f6bbi podcastunkat az \u00f6kokompetenci\u00e1kr\u00f3l!<\/span><\/i><\/p>\n<p><span style=\"font-weight: 400;\">\u00a0<\/span><\/p>\n<\/div><\/section><\/p><\/div>","protected":false},"excerpt":{"rendered":"","protected":false},"author":17,"featured_media":0,"parent":188,"menu_order":0,"comment_status":"closed","ping_status":"closed","template":"","meta":{"_acf_changed":false,"footnotes":""},"class_list":["post-3820","page","type-page","status-publish","hentry"],"acf":[],"yoast_head":"<!-- This site is optimized with the Yoast SEO plugin v25.6 - https:\/\/yoast.com\/wordpress\/plugins\/seo\/ -->\n<title>Exploratory Thinking Podcast Summary - The Ecoliteracy Hub<\/title>\n<meta name=\"robots\" content=\"index, follow, max-snippet:-1, max-image-preview:large, max-video-preview:-1\" \/>\n<link rel=\"canonical\" href=\"https:\/\/ecoliteracy.eu\/hu\/resource-library\/podcasts\/exploratory-thinking-podcast-summary\/\" \/>\n<meta property=\"og:locale\" content=\"hu_HU\" \/>\n<meta property=\"og:type\" content=\"article\" \/>\n<meta property=\"og:title\" content=\"Exploratory Thinking Podcast Summary - The Ecoliteracy Hub\" \/>\n<meta property=\"og:url\" content=\"https:\/\/ecoliteracy.eu\/hu\/resource-library\/podcasts\/exploratory-thinking-podcast-summary\/\" \/>\n<meta property=\"og:site_name\" content=\"The Ecoliteracy Hub\" \/>\n<meta property=\"article:modified_time\" content=\"2026-02-24T14:15:45+00:00\" \/>\n<meta name=\"twitter:card\" content=\"summary_large_image\" \/>\n<meta name=\"twitter:label1\" content=\"Becs\u00fclt olvas\u00e1si id\u0151\" \/>\n\t<meta name=\"twitter:data1\" content=\"3 perc\" \/>\n<script type=\"application\/ld+json\" class=\"yoast-schema-graph\">{\"@context\":\"https:\/\/schema.org\",\"@graph\":[{\"@type\":\"WebPage\",\"@id\":\"https:\/\/ecoliteracy.eu\/resource-library\/podcasts\/exploratory-thinking-podcast-summary\/\",\"url\":\"https:\/\/ecoliteracy.eu\/resource-library\/podcasts\/exploratory-thinking-podcast-summary\/\",\"name\":\"Exploratory Thinking Podcast Summary - The Ecoliteracy Hub\",\"isPartOf\":{\"@id\":\"https:\/\/ecoliteracy.eu\/#website\"},\"datePublished\":\"2025-12-17T13:09:15+00:00\",\"dateModified\":\"2026-02-24T14:15:45+00:00\",\"breadcrumb\":{\"@id\":\"https:\/\/ecoliteracy.eu\/resource-library\/podcasts\/exploratory-thinking-podcast-summary\/#breadcrumb\"},\"inLanguage\":\"hu\",\"potentialAction\":[{\"@type\":\"ReadAction\",\"target\":[\"https:\/\/ecoliteracy.eu\/resource-library\/podcasts\/exploratory-thinking-podcast-summary\/\"]}]},{\"@type\":\"BreadcrumbList\",\"@id\":\"https:\/\/ecoliteracy.eu\/resource-library\/podcasts\/exploratory-thinking-podcast-summary\/#breadcrumb\",\"itemListElement\":[{\"@type\":\"ListItem\",\"position\":1,\"name\":\"Home\",\"item\":\"https:\/\/ecoliteracy.eu\/\"},{\"@type\":\"ListItem\",\"position\":2,\"name\":\"Resources\",\"item\":\"https:\/\/ecoliteracy.eu\/resource-library\/\"},{\"@type\":\"ListItem\",\"position\":3,\"name\":\"Podcasts\",\"item\":\"https:\/\/ecoliteracy.eu\/resource-library\/podcasts\/\"},{\"@type\":\"ListItem\",\"position\":4,\"name\":\"Exploratory Thinking Podcast Summary\"}]},{\"@type\":\"WebSite\",\"@id\":\"https:\/\/ecoliteracy.eu\/#website\",\"url\":\"https:\/\/ecoliteracy.eu\/\",\"name\":\"The Ecoliteracy Hub\",\"description\":\"Empowering Educators for a Sustainable Future\",\"potentialAction\":[{\"@type\":\"SearchAction\",\"target\":{\"@type\":\"EntryPoint\",\"urlTemplate\":\"https:\/\/ecoliteracy.eu\/?s={search_term_string}\"},\"query-input\":{\"@type\":\"PropertyValueSpecification\",\"valueRequired\":true,\"valueName\":\"search_term_string\"}}],\"inLanguage\":\"hu\"}]}<\/script>\n<!-- \/ Yoast SEO plugin. -->","yoast_head_json":{"title":"Exploratory Thinking Podcast Summary - The Ecoliteracy Hub","robots":{"index":"index","follow":"follow","max-snippet":"max-snippet:-1","max-image-preview":"max-image-preview:large","max-video-preview":"max-video-preview:-1"},"canonical":"https:\/\/ecoliteracy.eu\/hu\/resource-library\/podcasts\/exploratory-thinking-podcast-summary\/","og_locale":"hu_HU","og_type":"article","og_title":"Exploratory Thinking Podcast Summary - The Ecoliteracy Hub","og_url":"https:\/\/ecoliteracy.eu\/hu\/resource-library\/podcasts\/exploratory-thinking-podcast-summary\/","og_site_name":"The Ecoliteracy Hub","article_modified_time":"2026-02-24T14:15:45+00:00","twitter_card":"summary_large_image","twitter_misc":{"Becs\u00fclt olvas\u00e1si id\u0151":"3 perc"},"schema":{"@context":"https:\/\/schema.org","@graph":[{"@type":"WebPage","@id":"https:\/\/ecoliteracy.eu\/resource-library\/podcasts\/exploratory-thinking-podcast-summary\/","url":"https:\/\/ecoliteracy.eu\/resource-library\/podcasts\/exploratory-thinking-podcast-summary\/","name":"Exploratory Thinking Podcast Summary - The Ecoliteracy Hub","isPartOf":{"@id":"https:\/\/ecoliteracy.eu\/#website"},"datePublished":"2025-12-17T13:09:15+00:00","dateModified":"2026-02-24T14:15:45+00:00","breadcrumb":{"@id":"https:\/\/ecoliteracy.eu\/resource-library\/podcasts\/exploratory-thinking-podcast-summary\/#breadcrumb"},"inLanguage":"hu","potentialAction":[{"@type":"ReadAction","target":["https:\/\/ecoliteracy.eu\/resource-library\/podcasts\/exploratory-thinking-podcast-summary\/"]}]},{"@type":"BreadcrumbList","@id":"https:\/\/ecoliteracy.eu\/resource-library\/podcasts\/exploratory-thinking-podcast-summary\/#breadcrumb","itemListElement":[{"@type":"ListItem","position":1,"name":"Home","item":"https:\/\/ecoliteracy.eu\/"},{"@type":"ListItem","position":2,"name":"Resources","item":"https:\/\/ecoliteracy.eu\/resource-library\/"},{"@type":"ListItem","position":3,"name":"Podcasts","item":"https:\/\/ecoliteracy.eu\/resource-library\/podcasts\/"},{"@type":"ListItem","position":4,"name":"Exploratory Thinking Podcast Summary"}]},{"@type":"WebSite","@id":"https:\/\/ecoliteracy.eu\/#website","url":"https:\/\/ecoliteracy.eu\/","name":"Az Ecoliteracy Hub","description":"Az \u00f6kotudatos oktat\u00e1s erej\u00e9vel a fenntarthat\u00f3 j\u00f6v\u0151\u00e9rt","potentialAction":[{"@type":"SearchAction","target":{"@type":"EntryPoint","urlTemplate":"https:\/\/ecoliteracy.eu\/?s={search_term_string}"},"query-input":{"@type":"PropertyValueSpecification","valueRequired":true,"valueName":"search_term_string"}}],"inLanguage":"hu"}]}},"_hostinger_reach_plugin_has_subscription_block":false,"_hostinger_reach_plugin_is_elementor":false,"_links":{"self":[{"href":"https:\/\/ecoliteracy.eu\/hu\/wp-json\/wp\/v2\/pages\/3820","targetHints":{"allow":["GET"]}}],"collection":[{"href":"https:\/\/ecoliteracy.eu\/hu\/wp-json\/wp\/v2\/pages"}],"about":[{"href":"https:\/\/ecoliteracy.eu\/hu\/wp-json\/wp\/v2\/types\/page"}],"author":[{"embeddable":true,"href":"https:\/\/ecoliteracy.eu\/hu\/wp-json\/wp\/v2\/users\/17"}],"replies":[{"embeddable":true,"href":"https:\/\/ecoliteracy.eu\/hu\/wp-json\/wp\/v2\/comments?post=3820"}],"version-history":[{"count":6,"href":"https:\/\/ecoliteracy.eu\/hu\/wp-json\/wp\/v2\/pages\/3820\/revisions"}],"predecessor-version":[{"id":4029,"href":"https:\/\/ecoliteracy.eu\/hu\/wp-json\/wp\/v2\/pages\/3820\/revisions\/4029"}],"up":[{"embeddable":true,"href":"https:\/\/ecoliteracy.eu\/hu\/wp-json\/wp\/v2\/pages\/188"}],"wp:attachment":[{"href":"https:\/\/ecoliteracy.eu\/hu\/wp-json\/wp\/v2\/media?parent=3820"}],"curies":[{"name":"wp","href":"https:\/\/api.w.org\/{rel}","templated":true}]}}