{"id":3403,"date":"2025-11-13T12:50:37","date_gmt":"2025-11-13T12:50:37","guid":{"rendered":"https:\/\/ecoliteracy.eu\/?page_id=3403"},"modified":"2026-02-24T13:56:48","modified_gmt":"2026-02-24T13:56:48","slug":"our-supporters","status":"publish","type":"page","link":"https:\/\/ecoliteracy.eu\/hu\/join-the-community\/our-supporters\/","title":{"rendered":"T\u00e1mogat\u00f3ink"},"content":{"rendered":"<div id='av_section_1'  class='avia-section av-7s3vln-5597068db6cccbfc3a21dc3070ddaf4a main_color avia-section-default avia-no-border-styling  avia-builder-el-0  el_before_av_heading  avia-builder-el-first  avia-bg-style-scroll container_wrap fullsize'  ><div class='container av-section-cont-open' ><main  role=\"main\" itemprop=\"mainContentOfPage\"  class='template-page content  av-content-full alpha units'><div class='post-entry post-entry-type-page post-entry-3403'><div class='entry-content-wrapper clearfix'>\n\n<style type=\"text\/css\" data-created_by=\"avia_inline_auto\" id=\"style-css-av-5nqlu3-e624977b8a3e3f1d42f7609b43b91210\">\n.flex_column.av-5nqlu3-e624977b8a3e3f1d42f7609b43b91210{\nborder-width:1px;\nborder-color:#6e4469;\nborder-style:solid;\nborder-radius:25px 0px 25px 0px;\nbackground-color:#6e4469;\n}\n<\/style>\n<div  class='flex_column av-5nqlu3-e624977b8a3e3f1d42f7609b43b91210 av_two_third  avia-builder-el-1  el_before_av_one_third  avia-builder-el-first  first no_margin flex_column_div'     ><p>\n<style type=\"text\/css\" data-created_by=\"avia_inline_auto\" id=\"style-css-av-mix2pt29-5c7e87608d85bb650809ba2996d8b8bc\">\n#top .av-special-heading.av-mix2pt29-5c7e87608d85bb650809ba2996d8b8bc{\nmargin:40px 0 0 0px;\npadding-bottom:10px;\ncolor:#fabb04;\n}\nbody .av-special-heading.av-mix2pt29-5c7e87608d85bb650809ba2996d8b8bc .av-special-heading-tag .heading-char{\nfont-size:25px;\n}\n#top #wrap_all .av-special-heading.av-mix2pt29-5c7e87608d85bb650809ba2996d8b8bc .av-special-heading-tag{\npadding:0px 0px 0px 0px;\n}\n.av-special-heading.av-mix2pt29-5c7e87608d85bb650809ba2996d8b8bc .special-heading-inner-border{\nborder-color:#fabb04;\n}\n.av-special-heading.av-mix2pt29-5c7e87608d85bb650809ba2996d8b8bc .av-subheading{\nfont-size:15px;\n}\n\n@media only screen and (min-width: 990px){ \n#top #wrap_all .av-special-heading.av-mix2pt29-5c7e87608d85bb650809ba2996d8b8bc .av-special-heading-tag{\npadding:0 0 0 100px;\n}\n}\n<\/style>\n<div  class='av-special-heading av-mix2pt29-5c7e87608d85bb650809ba2996d8b8bc av-special-heading-h4 custom-color-heading blockquote modern-quote  avia-builder-el-2  el_before_av_textblock  avia-builder-el-first  community-heading-left'><h4 class='av-special-heading-tag'  itemprop=\"headline\"  >T\u00c1MOGAT\u00d3INK<\/h4><div class=\"special-heading-border\"><div class=\"special-heading-inner-border\"><\/div><\/div><\/div><br \/>\n\n<style type=\"text\/css\" data-created_by=\"avia_inline_auto\" id=\"style-css-av-mix2plbb-97bb45b6ec0d39db80001152230f2a84\">\n#top .av_textblock_section.av-mix2plbb-97bb45b6ec0d39db80001152230f2a84 .avia_textblock{\ncolor:#ffffff;\ntext-align:left;\n}\n<\/style>\n<section  class='av_textblock_section av-mix2plbb-97bb45b6ec0d39db80001152230f2a84'   itemscope=\"itemscope\" itemtype=\"https:\/\/schema.org\/CreativeWork\" ><div class='avia_textblock community-text-block-left av_inherit_color'  itemprop=\"text\" ><p>Ha hiszel abban, hogy az oktat\u00e1s form\u00e1lja az \u00f6kol\u00f3giai m\u0171velts\u00e9get, j\u00f3 helyen j\u00e1rsz. Az itt bemutatott emberek \u00e9s szervezetek mellett\u00fcnk \u00e1llnak \u2013 olyan t\u00e1mogat\u00f3k, akik osztj\u00e1k az \u00e9rt\u00e9keinket \u00e9s er\u0151s\u00edtik a tudatoss\u00e1got. Egy\u00fctt form\u00e1lunk egy fenntarthat\u00f3bb jelent \u00e9s j\u00f6v\u0151t.<\/p>\n<\/div><\/section><\/p><\/div>\n<style type=\"text\/css\" data-created_by=\"avia_inline_auto\" id=\"style-css-av-4snkcb-eef531eeac06f7e4e0bae67a15341d90\">\n.flex_column.av-4snkcb-eef531eeac06f7e4e0bae67a15341d90{\nz-index:8000;\npadding:0px 0px 0px 0px;\n}\n<\/style>\n<div  class='flex_column av-4snkcb-eef531eeac06f7e4e0bae67a15341d90 av_one_third  avia-builder-el-4  el_after_av_two_third  avia-builder-el-last  community-image-right-block no_margin flex_column_div av-custom-positioned av-zero-column-padding'     ><style type=\"text\/css\" data-created_by=\"avia_inline_auto\" id=\"style-css-av-200nyj-96bd81f61aa4cbc7601d5d30ddc58823\">\n.avia-image-container.av-200nyj-96bd81f61aa4cbc7601d5d30ddc58823{\nz-index:9999;\n}\n.avia-image-container.av-200nyj-96bd81f61aa4cbc7601d5d30ddc58823 img.avia_image{\nbox-shadow:none;\n}\n.avia-image-container.av-200nyj-96bd81f61aa4cbc7601d5d30ddc58823 .av-image-caption-overlay-center{\ncolor:#ffffff;\n}\n<\/style>\n<div  class='avia-image-container av-200nyj-96bd81f61aa4cbc7601d5d30ddc58823 av-styling- avia-align-left  avia-builder-el-5  avia-builder-el-no-sibling  community-image-right av-custom-positioned'   itemprop=\"image\" itemscope=\"itemscope\" itemtype=\"https:\/\/schema.org\/ImageObject\" ><div class=\"avia-image-container-inner\"><div class=\"avia-image-overlay-wrap\"><img decoding=\"async\" fetchpriority=\"high\" class='wp-image-2521 avia-img-lazy-loading-not-2521 avia_image' src=\"https:\/\/ecoliteracy.eu\/wp-content\/uploads\/supporter-1.jpg\" alt='' title='supporter'  height=\"639\" width=\"890\"  itemprop=\"thumbnailUrl\" srcset=\"https:\/\/ecoliteracy.eu\/wp-content\/uploads\/supporter-1.jpg 890w, https:\/\/ecoliteracy.eu\/wp-content\/uploads\/supporter-1-300x215.jpg 300w, https:\/\/ecoliteracy.eu\/wp-content\/uploads\/supporter-1-768x551.jpg 768w, https:\/\/ecoliteracy.eu\/wp-content\/uploads\/supporter-1-705x506.jpg 705w\" sizes=\"(max-width: 890px) 100vw, 890px\" \/><\/div><\/div><\/div><\/div>\n<\/div><\/div><\/main><!-- close content main element --><\/div><\/div><div id='after_section_1'  class='main_color av_default_container_wrap container_wrap fullsize'  ><div class='container av-section-cont-open' ><div class='template-page content  av-content-full alpha units'><div class='post-entry post-entry-type-page post-entry-3403'><div class='entry-content-wrapper clearfix'>\n\n<style type=\"text\/css\" data-created_by=\"avia_inline_auto\" id=\"style-css-av-mhxhidsx-19ba76f195f42e0403ce35e0a3d3fc6e\">\n#top .av-special-heading.av-mhxhidsx-19ba76f195f42e0403ce35e0a3d3fc6e{\npadding-bottom:10px;\nfont-size:26px;\n}\nbody .av-special-heading.av-mhxhidsx-19ba76f195f42e0403ce35e0a3d3fc6e .av-special-heading-tag .heading-char{\nfont-size:25px;\n}\n#top #wrap_all .av-special-heading.av-mhxhidsx-19ba76f195f42e0403ce35e0a3d3fc6e .av-special-heading-tag{\nfont-size:26px;\n}\n.av-special-heading.av-mhxhidsx-19ba76f195f42e0403ce35e0a3d3fc6e .av-subheading{\nfont-size:15px;\n}\n\n@media only screen and (min-width: 480px) and (max-width: 767px){ \n#top #wrap_all .av-special-heading.av-mhxhidsx-19ba76f195f42e0403ce35e0a3d3fc6e .av-special-heading-tag{\nfont-size:0.8em;\n}\n}\n\n@media only screen and (max-width: 479px){ \n#top #wrap_all .av-special-heading.av-mhxhidsx-19ba76f195f42e0403ce35e0a3d3fc6e .av-special-heading-tag{\nfont-size:0.8em;\n}\n}\n<\/style>\n<div  class='av-special-heading av-mhxhidsx-19ba76f195f42e0403ce35e0a3d3fc6e av-special-heading-h3 blockquote classic-quote classic-quote-left  avia-builder-el-6  el_after_av_section  el_before_av_textblock  avia-builder-el-first  av-inherit-size'><h3 class='av-special-heading-tag'  itemprop=\"headline\"  >T\u00e1mogat\u00f3ink<\/h3><div class=\"special-heading-border\"><div class=\"special-heading-inner-border\"><\/div><\/div><\/div>\n<section  class='av_textblock_section av-mhxhh7k9-db275ee5fce7f29f2e77979614f616ed'   itemscope=\"itemscope\" itemtype=\"https:\/\/schema.org\/CreativeWork\" ><div class='avia_textblock'  itemprop=\"text\" ><p><span style=\"font-weight: 400;\">Ezen a list\u00e1n olyan mag\u00e1nszem\u00e9lyeket \u00e9s szervezeteket tal\u00e1lsz, akik sz\u00e1m\u00e1ra fontos a k\u00f6rnyezeti tudatoss\u00e1g \u00e9s az \u00f6kol\u00f3giai m\u0171velts\u00e9g, \u00e9s akik itt jelennek meg, hogy kifejezz\u00e9k t\u00e1mogat\u00e1sukat e c\u00e9l \u2013 az \u00f6kom\u0171velts\u00e9g fejleszt\u00e9se \u00e9s terjeszt\u00e9se \u2013 ir\u00e1nt.<\/span><\/p>\n<p><span style=\"font-weight: 400;\">Az Ecoliteracy Hubot h\u00e1romf\u00e9lek\u00e9ppen lehet t\u00e1mogatni:<\/span><\/p>\n<ul>\n<li><span style=\"font-weight: 400;\">T\u00e1mogathatsz minket azzal, hogy seg\u00edtesz terjeszteni a tev\u00e9kenys\u00e9geink h\u00edr\u00e9t. P\u00e9ld\u00e1ul hivatkozhatsz r\u00e1 egy konferenci\u00e1n, vagy aj\u00e1nlhatod pedag\u00f3gusoknak \u00e9s tr\u00e9nereknek a szakmai anyagainkat.<\/span><\/li>\n<li><span style=\"font-weight: 400;\">Emellett sok m\u00e1s m\u00f3dja is van a hozz\u00e1j\u00e1rul\u00e1snak. Ehhez egyszer\u0171 prom\u00f3ci\u00f3s anyagokat is tudunk biztos\u00edtani (matric\u00e1k, vasalhat\u00f3 textillog\u00f3k, kit\u0171z\u0151k, molin\u00f3k).<\/span><\/li>\n<li><span style=\"font-weight: 400;\">2026-t\u00f3l pedig p\u00e9nz\u00fcgyi adom\u00e1nyokkal is lehets\u00e9ges lesz t\u00e1mogatni ennek a szakmai k\u00f6z\u00f6ss\u00e9gnek a munk\u00e1j\u00e1t \u00e9s hossz\u00fa t\u00e1v\u00fa fennmarad\u00e1s\u00e1t.<\/span><\/li>\n<\/ul>\n<p><span style=\"font-weight: 400;\">Ha m\u00e1sfajta t\u00e1mogat\u00e1si vagy partners\u00e9gi form\u00e1t is el tudsz k\u00e9pzelni, k\u00e9rj\u00fck, vedd fel vel\u00fcnk a kapcsolatot, hogy megbesz\u00e9lhess\u00fck a lehet\u0151s\u00e9geket.<\/span><\/p>\n<\/div><\/section>\n<div  class='avia-button-wrap av-mlqml8n3-a553579a3c9aaab7e210b8b2bfcd3b09-wrap avia-button-center  avia-builder-el-8  el_after_av_textblock  el_before_av_textblock  blue-rounded-button'>\n<style type=\"text\/css\" data-created_by=\"avia_inline_auto\" id=\"style-css-av-mlqml8n3-a553579a3c9aaab7e210b8b2bfcd3b09\">\n#top #wrap_all .avia-button.av-mlqml8n3-a553579a3c9aaab7e210b8b2bfcd3b09{\nborder-radius:15px 15px 15px 15px;\ntransition:all 0.4s ease-in-out;\n}\n#top #wrap_all.avia-button.av-mlqml8n3-a553579a3c9aaab7e210b8b2bfcd3b09:hover .avia_button_background{\nborder-radius:15px 15px 15px 15px;\n}\n<\/style>\n<a href='https:\/\/ecoliteracy.eu\/wp-content\/uploads\/Social-media-posts-kit.zip'  class='avia-button av-mlqml8n3-a553579a3c9aaab7e210b8b2bfcd3b09 av-download-btn noLightbox avia-icon_select-no avia-size-large avia-position-center avia-color-theme-color' download=\"The Ecoliteracy Hub dissemination materials\"  aria-label=\"Download dissemination materials\"><span class='avia_iconbox_title' >Download dissemination materials<\/span><\/a><\/div>\n\n<style type=\"text\/css\" data-created_by=\"avia_inline_auto\" id=\"style-css-av-mhxgbq2h-c6633c00ace58f1c5bedc28379bc909c\">\n#top .av_textblock_section.av-mhxgbq2h-c6633c00ace58f1c5bedc28379bc909c .avia_textblock{\ntext-align:right;\n}\n<\/style>\n<section  class='av_textblock_section av-mhxgbq2h-c6633c00ace58f1c5bedc28379bc909c'   itemscope=\"itemscope\" itemtype=\"https:\/\/schema.org\/CreativeWork\" ><div class='avia_textblock'  itemprop=\"text\" ><p><strong style=\"color: #be8fb8;\">DISSZEMIN\u00c1CI\u00d3<\/strong><\/p>\n<\/div><\/section>\n<section  class='av_textblock_section av-mm0o4rre-1090f0aa5e6dec2e0e8f8d852fbb9157'   itemscope=\"itemscope\" itemtype=\"https:\/\/schema.org\/CreativeWork\" ><div class='avia_textblock'  itemprop=\"text\" ><div class=\"supporters-grid\"><div class=\"supporter-card\"><div style=\"width:100%; display:flex; justify-content:center; position:relative; padding-bottom:20px;\"><div style=\"position: absolute; top: 0; transform: translateY(-50%); z-index: 2; width:100px; height:100px; border:5px solid #be8fb8; border-radius:50%; overflow:hidden; background:#fff;\"><img decoding=\"async\" loading=\"lazy\" width=\"251\" height=\"300\" src=\"https:\/\/ecoliteracy.eu\/wp-content\/uploads\/RGB_logo_small-01-251x300.jpg\" class=\"wp-image-3323 avia-img-lazy-loading-3323 attachment-medium size-medium wp-post-image\" alt=\"\" style=\"width:100%; height:100%; display:block; object-fit:cover; border-radius:50%;\" srcset=\"https:\/\/ecoliteracy.eu\/wp-content\/uploads\/RGB_logo_small-01-251x300.jpg 251w, https:\/\/ecoliteracy.eu\/wp-content\/uploads\/RGB_logo_small-01.jpg 495w\" sizes=\"auto, (max-width: 251px) 100vw, 251px\" \/><\/div><\/div><h3 style=\"font-family: Poppins, sans-serif; font-size: 27px; padding-top: 40px; text-align: center;\">Kati G\u00e1l<\/h3><h3 style=\"font-family: Poppins, sans-serif; font-size:27px; text-align: center;\">Treeco Card csapat<\/h3><p>Fantasztikusnak tartom, hogy ez a hatalmas mennyis\u00e9g\u0171 oktat\u00e1si anyag b\u00e1rki sz\u00e1m\u00e1ra ingyenesen el\u00e9rhet\u0151, lehet\u0151v\u00e9 t\u00e9ve az \u00f6nfejleszt\u00e9st az \u00f6kol\u00f3giai m\u0171velts\u00e9g ter\u00fclet\u00e9n. Szeretn\u00e9m el\u0151seg\u00edteni, hogy min\u00e9l t\u00f6bb emberhez eljusson, hogy \u0151k a saj\u00e1t munk\u00e1jukban m\u00e9g t\u00f6bb embernek adhass\u00e1k tov\u00e1bb ezt a szeml\u00e9letet.<\/p><p><a href=\"https:\/\/www.treecocard.com\/\" target=\"_blank\">Weboldal<\/a><\/p><\/div><div class=\"supporter-card\"><div style=\"width:100%; display:flex; justify-content:center; position:relative; padding-bottom:20px;\"><div style=\"\t\t\t\t\twidth:30px;\t\t\t\t\theight:30px;\t\t\t\t\tbackground:#be8fb8;\t\t\t\t\tposition: absolute;\t\t\t\t\ttop: 0;\t\t\t\t\ttransform: translateY(-50%);\t\t\t\t\tz-index: 2;\t\t\t\t\tborder-radius: 50%;\t\t\t\t\t\">\n\t\t\t\t<\/div><\/div><h3 style=\"font-family: Poppins, sans-serif; font-size: 27px; padding-top: 40px; text-align: center;\">T\u00fcnde Udvarnoki<\/h3><\/div><div class=\"supporter-card\"><div style=\"width:100%; display:flex; justify-content:center; position:relative; padding-bottom:20px;\"><div style=\"position: absolute; top: 0; transform: translateY(-50%); z-index: 2; width:100px; height:100px; border:5px solid #be8fb8; border-radius:50%; overflow:hidden; background:#fff;\"><img decoding=\"async\" loading=\"lazy\" width=\"300\" height=\"300\" src=\"https:\/\/ecoliteracy.eu\/wp-content\/uploads\/SEQ_-transparent-1-2-300x300.png\" class=\"wp-image-2746 avia-img-lazy-loading-2746 attachment-medium size-medium wp-post-image\" alt=\"\" style=\"width:100%; height:100%; display:block; object-fit:cover; border-radius:50%;\" srcset=\"https:\/\/ecoliteracy.eu\/wp-content\/uploads\/SEQ_-transparent-1-2-300x300.png 300w, https:\/\/ecoliteracy.eu\/wp-content\/uploads\/SEQ_-transparent-1-2-1030x1030.png 1030w, https:\/\/ecoliteracy.eu\/wp-content\/uploads\/SEQ_-transparent-1-2-80x80.png 80w, https:\/\/ecoliteracy.eu\/wp-content\/uploads\/SEQ_-transparent-1-2-768x768.png 768w, https:\/\/ecoliteracy.eu\/wp-content\/uploads\/SEQ_-transparent-1-2-36x36.png 36w, https:\/\/ecoliteracy.eu\/wp-content\/uploads\/SEQ_-transparent-1-2-180x180.png 180w, https:\/\/ecoliteracy.eu\/wp-content\/uploads\/SEQ_-transparent-1-2-705x705.png 705w, https:\/\/ecoliteracy.eu\/wp-content\/uploads\/SEQ_-transparent-1-2.png 1080w\" sizes=\"auto, (max-width: 300px) 100vw, 300px\" \/><\/div><\/div><h3 style=\"font-family: Poppins, sans-serif; font-size: 27px; padding-top: 40px; text-align: center;\">\u00c1gnes Kulcs\u00e1r<\/h3><h3 style=\"font-family: Poppins, sans-serif; font-size:27px; text-align: center;\">Slovak Eco Quality<\/h3><\/div><\/div>\n<\/div><\/section>","protected":false},"excerpt":{"rendered":"","protected":false},"author":1,"featured_media":0,"parent":182,"menu_order":0,"comment_status":"closed","ping_status":"closed","template":"","meta":{"_acf_changed":false,"footnotes":""},"class_list":["post-3403","page","type-page","status-publish","hentry"],"acf":[],"yoast_head":"<!-- This site is optimized with the Yoast SEO plugin v25.6 - https:\/\/yoast.com\/wordpress\/plugins\/seo\/ -->\n<title>Our supporters - The Ecoliteracy Hub<\/title>\n<meta name=\"robots\" content=\"index, follow, max-snippet:-1, max-image-preview:large, max-video-preview:-1\" \/>\n<link rel=\"canonical\" href=\"https:\/\/ecoliteracy.eu\/hu\/join-the-community\/our-supporters\/\" \/>\n<meta property=\"og:locale\" content=\"hu_HU\" \/>\n<meta property=\"og:type\" content=\"article\" \/>\n<meta property=\"og:title\" content=\"Our supporters - The Ecoliteracy Hub\" \/>\n<meta property=\"og:url\" content=\"https:\/\/ecoliteracy.eu\/hu\/join-the-community\/our-supporters\/\" \/>\n<meta property=\"og:site_name\" content=\"The Ecoliteracy Hub\" \/>\n<meta property=\"article:modified_time\" content=\"2026-02-24T13:56:48+00:00\" \/>\n<meta name=\"twitter:card\" content=\"summary_large_image\" \/>\n<meta name=\"twitter:label1\" content=\"Becs\u00fclt olvas\u00e1si id\u0151\" \/>\n\t<meta name=\"twitter:data1\" content=\"2 perc\" \/>\n<script type=\"application\/ld+json\" class=\"yoast-schema-graph\">{\"@context\":\"https:\/\/schema.org\",\"@graph\":[{\"@type\":\"WebPage\",\"@id\":\"https:\/\/ecoliteracy.eu\/join-the-community\/our-supporters\/\",\"url\":\"https:\/\/ecoliteracy.eu\/join-the-community\/our-supporters\/\",\"name\":\"Our supporters - The Ecoliteracy Hub\",\"isPartOf\":{\"@id\":\"https:\/\/ecoliteracy.eu\/#website\"},\"datePublished\":\"2025-11-13T12:50:37+00:00\",\"dateModified\":\"2026-02-24T13:56:48+00:00\",\"breadcrumb\":{\"@id\":\"https:\/\/ecoliteracy.eu\/join-the-community\/our-supporters\/#breadcrumb\"},\"inLanguage\":\"hu\",\"potentialAction\":[{\"@type\":\"ReadAction\",\"target\":[\"https:\/\/ecoliteracy.eu\/join-the-community\/our-supporters\/\"]}]},{\"@type\":\"BreadcrumbList\",\"@id\":\"https:\/\/ecoliteracy.eu\/join-the-community\/our-supporters\/#breadcrumb\",\"itemListElement\":[{\"@type\":\"ListItem\",\"position\":1,\"name\":\"Home\",\"item\":\"https:\/\/ecoliteracy.eu\/\"},{\"@type\":\"ListItem\",\"position\":2,\"name\":\"Join the community\",\"item\":\"https:\/\/ecoliteracy.eu\/join-the-community\/\"},{\"@type\":\"ListItem\",\"position\":3,\"name\":\"Our supporters\"}]},{\"@type\":\"WebSite\",\"@id\":\"https:\/\/ecoliteracy.eu\/#website\",\"url\":\"https:\/\/ecoliteracy.eu\/\",\"name\":\"The Ecoliteracy Hub\",\"description\":\"Empowering Educators for a Sustainable Future\",\"potentialAction\":[{\"@type\":\"SearchAction\",\"target\":{\"@type\":\"EntryPoint\",\"urlTemplate\":\"https:\/\/ecoliteracy.eu\/?s={search_term_string}\"},\"query-input\":{\"@type\":\"PropertyValueSpecification\",\"valueRequired\":true,\"valueName\":\"search_term_string\"}}],\"inLanguage\":\"hu\"}]}<\/script>\n<!-- \/ Yoast SEO plugin. -->","yoast_head_json":{"title":"Our supporters - The Ecoliteracy Hub","robots":{"index":"index","follow":"follow","max-snippet":"max-snippet:-1","max-image-preview":"max-image-preview:large","max-video-preview":"max-video-preview:-1"},"canonical":"https:\/\/ecoliteracy.eu\/hu\/join-the-community\/our-supporters\/","og_locale":"hu_HU","og_type":"article","og_title":"Our supporters - The Ecoliteracy Hub","og_url":"https:\/\/ecoliteracy.eu\/hu\/join-the-community\/our-supporters\/","og_site_name":"The Ecoliteracy Hub","article_modified_time":"2026-02-24T13:56:48+00:00","twitter_card":"summary_large_image","twitter_misc":{"Becs\u00fclt olvas\u00e1si id\u0151":"2 perc"},"schema":{"@context":"https:\/\/schema.org","@graph":[{"@type":"WebPage","@id":"https:\/\/ecoliteracy.eu\/join-the-community\/our-supporters\/","url":"https:\/\/ecoliteracy.eu\/join-the-community\/our-supporters\/","name":"Our supporters - The Ecoliteracy Hub","isPartOf":{"@id":"https:\/\/ecoliteracy.eu\/#website"},"datePublished":"2025-11-13T12:50:37+00:00","dateModified":"2026-02-24T13:56:48+00:00","breadcrumb":{"@id":"https:\/\/ecoliteracy.eu\/join-the-community\/our-supporters\/#breadcrumb"},"inLanguage":"hu","potentialAction":[{"@type":"ReadAction","target":["https:\/\/ecoliteracy.eu\/join-the-community\/our-supporters\/"]}]},{"@type":"BreadcrumbList","@id":"https:\/\/ecoliteracy.eu\/join-the-community\/our-supporters\/#breadcrumb","itemListElement":[{"@type":"ListItem","position":1,"name":"Home","item":"https:\/\/ecoliteracy.eu\/"},{"@type":"ListItem","position":2,"name":"Join the community","item":"https:\/\/ecoliteracy.eu\/join-the-community\/"},{"@type":"ListItem","position":3,"name":"Our supporters"}]},{"@type":"WebSite","@id":"https:\/\/ecoliteracy.eu\/#website","url":"https:\/\/ecoliteracy.eu\/","name":"Az Ecoliteracy Hub","description":"Az \u00f6kotudatos oktat\u00e1s erej\u00e9vel a fenntarthat\u00f3 j\u00f6v\u0151\u00e9rt","potentialAction":[{"@type":"SearchAction","target":{"@type":"EntryPoint","urlTemplate":"https:\/\/ecoliteracy.eu\/?s={search_term_string}"},"query-input":{"@type":"PropertyValueSpecification","valueRequired":true,"valueName":"search_term_string"}}],"inLanguage":"hu"}]}},"_hostinger_reach_plugin_has_subscription_block":false,"_hostinger_reach_plugin_is_elementor":false,"_links":{"self":[{"href":"https:\/\/ecoliteracy.eu\/hu\/wp-json\/wp\/v2\/pages\/3403","targetHints":{"allow":["GET"]}}],"collection":[{"href":"https:\/\/ecoliteracy.eu\/hu\/wp-json\/wp\/v2\/pages"}],"about":[{"href":"https:\/\/ecoliteracy.eu\/hu\/wp-json\/wp\/v2\/types\/page"}],"author":[{"embeddable":true,"href":"https:\/\/ecoliteracy.eu\/hu\/wp-json\/wp\/v2\/users\/1"}],"replies":[{"embeddable":true,"href":"https:\/\/ecoliteracy.eu\/hu\/wp-json\/wp\/v2\/comments?post=3403"}],"version-history":[{"count":29,"href":"https:\/\/ecoliteracy.eu\/hu\/wp-json\/wp\/v2\/pages\/3403\/revisions"}],"predecessor-version":[{"id":4225,"href":"https:\/\/ecoliteracy.eu\/hu\/wp-json\/wp\/v2\/pages\/3403\/revisions\/4225"}],"up":[{"embeddable":true,"href":"https:\/\/ecoliteracy.eu\/hu\/wp-json\/wp\/v2\/pages\/182"}],"wp:attachment":[{"href":"https:\/\/ecoliteracy.eu\/hu\/wp-json\/wp\/v2\/media?parent=3403"}],"curies":[{"name":"wp","href":"https:\/\/api.w.org\/{rel}","templated":true}]}}