{"id":1020,"date":"2025-05-07T08:41:51","date_gmt":"2025-05-07T08:41:51","guid":{"rendered":"https:\/\/ecoliteracy.eu\/?page_id=1020"},"modified":"2025-11-19T11:42:25","modified_gmt":"2025-11-19T11:42:25","slug":"become-an-eco-trainer","status":"publish","type":"page","link":"https:\/\/ecoliteracy.eu\/hu\/join-the-community\/become-an-eco-trainer\/","title":{"rendered":"Become an eco-trainer"},"content":{"rendered":"<div id='av_section_1'  class='avia-section av-hias2k-df2e235c4754cb02fa617cc776ca52e6 main_color avia-section-default avia-no-border-styling  avia-builder-el-0  el_before_av_section  avia-builder-el-first  avia-bg-style-scroll container_wrap fullsize'  ><div class='container av-section-cont-open' ><main  role=\"main\" itemprop=\"mainContentOfPage\"  class='template-page content  av-content-full alpha units'><div class='post-entry post-entry-type-page post-entry-1020'><div class='entry-content-wrapper clearfix'>\n\n<style type=\"text\/css\" data-created_by=\"avia_inline_auto\" id=\"style-css-av-maved1jf-abf73af1a4810ddd245b9e282dd0ce0d\">\n.flex_column.av-maved1jf-abf73af1a4810ddd245b9e282dd0ce0d{\nborder-width:1px;\nborder-color:#0d4b56;\nborder-style:solid;\nborder-radius:25px 0px 25px 0px;\nbackground-color:#0d4b56;\n}\n<\/style>\n<div  class='flex_column av-maved1jf-abf73af1a4810ddd245b9e282dd0ce0d av_two_third  avia-builder-el-1  el_before_av_one_third  avia-builder-el-first  first no_margin flex_column_div'     ><p>\n<style type=\"text\/css\" data-created_by=\"avia_inline_auto\" id=\"style-css-av-mavecv7l-bb74bc88a8c5e50abdf22f292c18e38c\">\n#top .av-special-heading.av-mavecv7l-bb74bc88a8c5e50abdf22f292c18e38c{\nmargin:40px 0 0 0px;\npadding-bottom:10px;\ncolor:#fabb04;\n}\nbody .av-special-heading.av-mavecv7l-bb74bc88a8c5e50abdf22f292c18e38c .av-special-heading-tag .heading-char{\nfont-size:25px;\n}\n#top #wrap_all .av-special-heading.av-mavecv7l-bb74bc88a8c5e50abdf22f292c18e38c .av-special-heading-tag{\npadding:0px 0px 0px 0px;\n}\n.av-special-heading.av-mavecv7l-bb74bc88a8c5e50abdf22f292c18e38c .special-heading-inner-border{\nborder-color:#fabb04;\n}\n.av-special-heading.av-mavecv7l-bb74bc88a8c5e50abdf22f292c18e38c .av-subheading{\nfont-size:15px;\n}\n\n@media only screen and (min-width: 990px){ \n#top #wrap_all .av-special-heading.av-mavecv7l-bb74bc88a8c5e50abdf22f292c18e38c .av-special-heading-tag{\npadding:0 0 0 100px;\n}\n}\n<\/style>\n<div  class='av-special-heading av-mavecv7l-bb74bc88a8c5e50abdf22f292c18e38c av-special-heading-h4 custom-color-heading blockquote modern-quote  avia-builder-el-2  el_before_av_textblock  avia-builder-el-first  community-heading-left'><h4 class='av-special-heading-tag'  itemprop=\"headline\"  >V\u00c1LJ \u00f6kotr\u00e9nerr\u00e9<\/h4><div class=\"special-heading-border\"><div class=\"special-heading-inner-border\"><\/div><\/div><\/div><br \/>\n\n<style type=\"text\/css\" data-created_by=\"avia_inline_auto\" id=\"style-css-av-gcfkt8-71b45a00e7e09cfe6b8e1c69ba7587cc\">\n#top .av_textblock_section.av-gcfkt8-71b45a00e7e09cfe6b8e1c69ba7587cc .avia_textblock{\ncolor:#ffffff;\ntext-align:left;\n}\n<\/style>\n<section  class='av_textblock_section av-gcfkt8-71b45a00e7e09cfe6b8e1c69ba7587cc'   itemscope=\"itemscope\" itemtype=\"https:\/\/schema.org\/CreativeWork\" ><div class='avia_textblock community-text-block-left av_inherit_color'  itemprop=\"text\" ><p><span style=\"font-weight: 400;\">Az \u00f6kotr\u00e9ner olyan szakember, aki egy\u00e9neket vagy csoportokat seg\u00edt \u00f6kom\u0171velts\u00e9g\u00fck fejleszt\u00e9s\u00e9ben.\nAz Ecoliteracy Hub k\u00fcl\u00f6nb\u00f6z\u0151 h\u00e1tter\u0171 \u00f6kotr\u00e9nereket fog \u00f6ssze, akik az \u00f6ko-kompetenci\u00e1k fejleszt\u00e9s\u00e9re \u00e9p\u00edtve k\u00edn\u00e1lj\u00e1k facilit\u00e1tori szolg\u00e1ltat\u00e1saikat.<\/span><\/p>\n<\/div><\/section><\/p><\/div>\n<style type=\"text\/css\" data-created_by=\"avia_inline_auto\" id=\"style-css-av-esgeik-9e75e81819794ff362dd515cdf51d7b9\">\n.flex_column.av-esgeik-9e75e81819794ff362dd515cdf51d7b9{\nz-index:8000;\npadding:0px 0px 0px 0px;\n}\n<\/style>\n<div  class='flex_column av-esgeik-9e75e81819794ff362dd515cdf51d7b9 av_one_third  avia-builder-el-4  el_after_av_two_third  avia-builder-el-last  community-image-right-block no_margin flex_column_div av-custom-positioned av-zero-column-padding'     ><style type=\"text\/css\" data-created_by=\"avia_inline_auto\" id=\"style-css-av-c1snv0-2b5560f0261b915aa1025c945f59a9f3\">\n.avia-image-container.av-c1snv0-2b5560f0261b915aa1025c945f59a9f3{\nz-index:9999;\n}\n.avia-image-container.av-c1snv0-2b5560f0261b915aa1025c945f59a9f3 img.avia_image{\nbox-shadow:none;\n}\n.avia-image-container.av-c1snv0-2b5560f0261b915aa1025c945f59a9f3 .av-image-caption-overlay-center{\ncolor:#ffffff;\n}\n<\/style>\n<div  class='avia-image-container av-c1snv0-2b5560f0261b915aa1025c945f59a9f3 av-styling- avia-align-left  avia-builder-el-5  avia-builder-el-no-sibling  community-image-right av-custom-positioned'   itemprop=\"image\" itemscope=\"itemscope\" itemtype=\"https:\/\/schema.org\/ImageObject\" ><div class=\"avia-image-container-inner\"><div class=\"avia-image-overlay-wrap\"><img decoding=\"async\" fetchpriority=\"high\" class='wp-image-2524 avia-img-lazy-loading-not-2524 avia_image' src=\"https:\/\/ecoliteracy.eu\/wp-content\/uploads\/eco-2-1.jpg\" alt='' title='eco-2'  height=\"633\" width=\"890\"  itemprop=\"thumbnailUrl\" srcset=\"https:\/\/ecoliteracy.eu\/wp-content\/uploads\/eco-2-1.jpg 890w, https:\/\/ecoliteracy.eu\/wp-content\/uploads\/eco-2-1-300x213.jpg 300w, https:\/\/ecoliteracy.eu\/wp-content\/uploads\/eco-2-1-768x546.jpg 768w, https:\/\/ecoliteracy.eu\/wp-content\/uploads\/eco-2-1-260x185.jpg 260w, https:\/\/ecoliteracy.eu\/wp-content\/uploads\/eco-2-1-705x501.jpg 705w\" sizes=\"(max-width: 890px) 100vw, 890px\" \/><\/div><\/div><\/div><\/div>\n\n<\/div><\/div><\/main><!-- close content main element --><\/div><\/div><div id='av_section_2'  class='avia-section av-mave5hlt-d2d0e8f733d1dd8fa94ff9f3d364cfd0 main_color avia-section-default avia-no-border-styling  avia-builder-el-6  el_after_av_section  avia-builder-el-last  avia-bg-style-scroll container_wrap fullsize'  ><div class='container av-section-cont-open' ><div class='template-page content  av-content-full alpha units'><div class='post-entry post-entry-type-page post-entry-1020'><div class='entry-content-wrapper clearfix'>\n\n<style type=\"text\/css\" data-created_by=\"avia_inline_auto\" id=\"style-css-av-mavd4g8m-74f0746f1097948a47552bcb1a73b9c4\">\n#top .av-special-heading.av-mavd4g8m-74f0746f1097948a47552bcb1a73b9c4{\npadding-bottom:10px;\nfont-size:30px;\n}\nbody .av-special-heading.av-mavd4g8m-74f0746f1097948a47552bcb1a73b9c4 .av-special-heading-tag .heading-char{\nfont-size:25px;\n}\n#top #wrap_all .av-special-heading.av-mavd4g8m-74f0746f1097948a47552bcb1a73b9c4 .av-special-heading-tag{\nfont-size:30px;\n}\n.av-special-heading.av-mavd4g8m-74f0746f1097948a47552bcb1a73b9c4 .av-subheading{\nfont-size:15px;\n}\n\n@media only screen and (min-width: 480px) and (max-width: 767px){ \n#top #wrap_all .av-special-heading.av-mavd4g8m-74f0746f1097948a47552bcb1a73b9c4 .av-special-heading-tag{\nfont-size:0.8em;\n}\n}\n\n@media only screen and (max-width: 479px){ \n#top #wrap_all .av-special-heading.av-mavd4g8m-74f0746f1097948a47552bcb1a73b9c4 .av-special-heading-tag{\nfont-size:0.8em;\n}\n}\n<\/style>\n<div  class='av-special-heading av-mavd4g8m-74f0746f1097948a47552bcb1a73b9c4 av-special-heading-h3 blockquote classic-quote classic-quote-left  avia-builder-el-7  el_before_av_textblock  avia-builder-el-first  av-inherit-size'><h3 class='av-special-heading-tag'  itemprop=\"headline\"  >Hogyan lehet valaki \u00f6kotr\u00e9ner?<\/h3><div class=\"special-heading-border\"><div class=\"special-heading-inner-border\"><\/div><\/div><\/div>\n<section  class='av_textblock_section av-273o7w-2af7878e624a3812c742998f4192c762'   itemscope=\"itemscope\" itemtype=\"https:\/\/schema.org\/CreativeWork\" ><div class='avia_textblock'  itemprop=\"text\" ><p><span style=\"font-weight: 400;\">Az Ecoliteracy Hub \u00f6kotr\u00e9neri k\u00e9pz\u00e9si programja pillanatnyilag z\u00e1rva van (2025 okt\u00f3beri \u00e1llapot szerint).\nItt megtekintheted az aktu\u00e1lis \u00f6kotr\u00e9nerek adatlapjait.\nJelenleg 18 \u00f6kotr\u00e9ner vesz r\u00e9szt a Szatyor Egyes\u00fclet \u00e9s az Asociaci\u00f3n Biodiversa egy\u00fcttm\u0171k\u00f6d\u00e9s\u00e9ben megval\u00f3sul\u00f3, hossz\u00fa t\u00e1v\u00fa <a href=\"https:\/\/ecoliteracy.eu\/hu\/eco-trainers\/\">\u00f6kotr\u00e9neri k\u00e9pz\u00e9si  programunkban.<\/a>K\u00f6vesd h\u00edreinket \u00e9s LinkedIn-csoportunkat, hogy id\u0151ben \u00e9rtes\u00fclj a j\u00f6v\u0151beli felh\u00edv\u00e1sokr\u00f3l \u00e9s friss\u00edt\u00e9sekr\u0151l!<\/span><\/p>\n<\/div><\/section>","protected":false},"excerpt":{"rendered":"","protected":false},"author":1,"featured_media":0,"parent":182,"menu_order":0,"comment_status":"closed","ping_status":"closed","template":"","meta":{"_acf_changed":false,"footnotes":""},"class_list":["post-1020","page","type-page","status-publish","hentry"],"acf":[],"yoast_head":"<!-- This site is optimized with the Yoast SEO plugin v25.6 - https:\/\/yoast.com\/wordpress\/plugins\/seo\/ -->\n<title>Become an eco-trainer - The Ecoliteracy Hub<\/title>\n<meta name=\"robots\" content=\"index, follow, max-snippet:-1, max-image-preview:large, max-video-preview:-1\" \/>\n<link rel=\"canonical\" href=\"https:\/\/ecoliteracy.eu\/hu\/join-the-community\/become-an-eco-trainer\/\" \/>\n<meta property=\"og:locale\" content=\"hu_HU\" \/>\n<meta property=\"og:type\" content=\"article\" \/>\n<meta property=\"og:title\" content=\"Become an eco-trainer - The Ecoliteracy Hub\" \/>\n<meta property=\"og:url\" content=\"https:\/\/ecoliteracy.eu\/hu\/join-the-community\/become-an-eco-trainer\/\" \/>\n<meta property=\"og:site_name\" content=\"The Ecoliteracy Hub\" \/>\n<meta property=\"article:modified_time\" content=\"2025-11-19T11:42:25+00:00\" \/>\n<meta name=\"twitter:card\" content=\"summary_large_image\" \/>\n<meta name=\"twitter:label1\" content=\"Becs\u00fclt olvas\u00e1si id\u0151\" \/>\n\t<meta name=\"twitter:data1\" content=\"3 perc\" \/>\n<script type=\"application\/ld+json\" class=\"yoast-schema-graph\">{\"@context\":\"https:\/\/schema.org\",\"@graph\":[{\"@type\":\"WebPage\",\"@id\":\"https:\/\/ecoliteracy.eu\/join-the-community\/become-an-eco-trainer\/\",\"url\":\"https:\/\/ecoliteracy.eu\/join-the-community\/become-an-eco-trainer\/\",\"name\":\"Become an eco-trainer - The Ecoliteracy Hub\",\"isPartOf\":{\"@id\":\"https:\/\/ecoliteracy.eu\/#website\"},\"datePublished\":\"2025-05-07T08:41:51+00:00\",\"dateModified\":\"2025-11-19T11:42:25+00:00\",\"breadcrumb\":{\"@id\":\"https:\/\/ecoliteracy.eu\/join-the-community\/become-an-eco-trainer\/#breadcrumb\"},\"inLanguage\":\"hu\",\"potentialAction\":[{\"@type\":\"ReadAction\",\"target\":[\"https:\/\/ecoliteracy.eu\/join-the-community\/become-an-eco-trainer\/\"]}]},{\"@type\":\"BreadcrumbList\",\"@id\":\"https:\/\/ecoliteracy.eu\/join-the-community\/become-an-eco-trainer\/#breadcrumb\",\"itemListElement\":[{\"@type\":\"ListItem\",\"position\":1,\"name\":\"Home\",\"item\":\"https:\/\/ecoliteracy.eu\/\"},{\"@type\":\"ListItem\",\"position\":2,\"name\":\"Join the community\",\"item\":\"https:\/\/ecoliteracy.eu\/join-the-community\/\"},{\"@type\":\"ListItem\",\"position\":3,\"name\":\"Become an eco-trainer\"}]},{\"@type\":\"WebSite\",\"@id\":\"https:\/\/ecoliteracy.eu\/#website\",\"url\":\"https:\/\/ecoliteracy.eu\/\",\"name\":\"The Ecoliteracy Hub\",\"description\":\"Empowering Educators for a Sustainable Future\",\"potentialAction\":[{\"@type\":\"SearchAction\",\"target\":{\"@type\":\"EntryPoint\",\"urlTemplate\":\"https:\/\/ecoliteracy.eu\/?s={search_term_string}\"},\"query-input\":{\"@type\":\"PropertyValueSpecification\",\"valueRequired\":true,\"valueName\":\"search_term_string\"}}],\"inLanguage\":\"hu\"}]}<\/script>\n<!-- \/ Yoast SEO plugin. -->","yoast_head_json":{"title":"Become an eco-trainer - The Ecoliteracy Hub","robots":{"index":"index","follow":"follow","max-snippet":"max-snippet:-1","max-image-preview":"max-image-preview:large","max-video-preview":"max-video-preview:-1"},"canonical":"https:\/\/ecoliteracy.eu\/hu\/join-the-community\/become-an-eco-trainer\/","og_locale":"hu_HU","og_type":"article","og_title":"Become an eco-trainer - The Ecoliteracy Hub","og_url":"https:\/\/ecoliteracy.eu\/hu\/join-the-community\/become-an-eco-trainer\/","og_site_name":"The Ecoliteracy Hub","article_modified_time":"2025-11-19T11:42:25+00:00","twitter_card":"summary_large_image","twitter_misc":{"Becs\u00fclt olvas\u00e1si id\u0151":"3 perc"},"schema":{"@context":"https:\/\/schema.org","@graph":[{"@type":"WebPage","@id":"https:\/\/ecoliteracy.eu\/join-the-community\/become-an-eco-trainer\/","url":"https:\/\/ecoliteracy.eu\/join-the-community\/become-an-eco-trainer\/","name":"Become an eco-trainer - The Ecoliteracy Hub","isPartOf":{"@id":"https:\/\/ecoliteracy.eu\/#website"},"datePublished":"2025-05-07T08:41:51+00:00","dateModified":"2025-11-19T11:42:25+00:00","breadcrumb":{"@id":"https:\/\/ecoliteracy.eu\/join-the-community\/become-an-eco-trainer\/#breadcrumb"},"inLanguage":"hu","potentialAction":[{"@type":"ReadAction","target":["https:\/\/ecoliteracy.eu\/join-the-community\/become-an-eco-trainer\/"]}]},{"@type":"BreadcrumbList","@id":"https:\/\/ecoliteracy.eu\/join-the-community\/become-an-eco-trainer\/#breadcrumb","itemListElement":[{"@type":"ListItem","position":1,"name":"Home","item":"https:\/\/ecoliteracy.eu\/"},{"@type":"ListItem","position":2,"name":"Join the community","item":"https:\/\/ecoliteracy.eu\/join-the-community\/"},{"@type":"ListItem","position":3,"name":"Become an eco-trainer"}]},{"@type":"WebSite","@id":"https:\/\/ecoliteracy.eu\/#website","url":"https:\/\/ecoliteracy.eu\/","name":"Az Ecoliteracy Hub","description":"Az \u00f6kotudatos oktat\u00e1s erej\u00e9vel a fenntarthat\u00f3 j\u00f6v\u0151\u00e9rt","potentialAction":[{"@type":"SearchAction","target":{"@type":"EntryPoint","urlTemplate":"https:\/\/ecoliteracy.eu\/?s={search_term_string}"},"query-input":{"@type":"PropertyValueSpecification","valueRequired":true,"valueName":"search_term_string"}}],"inLanguage":"hu"}]}},"_hostinger_reach_plugin_has_subscription_block":false,"_hostinger_reach_plugin_is_elementor":false,"_links":{"self":[{"href":"https:\/\/ecoliteracy.eu\/hu\/wp-json\/wp\/v2\/pages\/1020","targetHints":{"allow":["GET"]}}],"collection":[{"href":"https:\/\/ecoliteracy.eu\/hu\/wp-json\/wp\/v2\/pages"}],"about":[{"href":"https:\/\/ecoliteracy.eu\/hu\/wp-json\/wp\/v2\/types\/page"}],"author":[{"embeddable":true,"href":"https:\/\/ecoliteracy.eu\/hu\/wp-json\/wp\/v2\/users\/1"}],"replies":[{"embeddable":true,"href":"https:\/\/ecoliteracy.eu\/hu\/wp-json\/wp\/v2\/comments?post=1020"}],"version-history":[{"count":31,"href":"https:\/\/ecoliteracy.eu\/hu\/wp-json\/wp\/v2\/pages\/1020\/revisions"}],"predecessor-version":[{"id":3515,"href":"https:\/\/ecoliteracy.eu\/hu\/wp-json\/wp\/v2\/pages\/1020\/revisions\/3515"}],"up":[{"embeddable":true,"href":"https:\/\/ecoliteracy.eu\/hu\/wp-json\/wp\/v2\/pages\/182"}],"wp:attachment":[{"href":"https:\/\/ecoliteracy.eu\/hu\/wp-json\/wp\/v2\/media?parent=1020"}],"curies":[{"name":"wp","href":"https:\/\/api.w.org\/{rel}","templated":true}]}}