{"id":3951,"date":"2025-12-30T12:09:47","date_gmt":"2025-12-30T12:09:47","guid":{"rendered":"https:\/\/ecoliteracy.eu\/?page_id=3951"},"modified":"2026-02-24T14:18:53","modified_gmt":"2026-02-24T14:18:53","slug":"futures-literacy-podcast-summary","status":"publish","type":"page","link":"https:\/\/ecoliteracy.eu\/es\/resource-library\/podcasts\/futures-literacy-podcast-summary\/","title":{"rendered":"Futures Literacy Summary"},"content":{"rendered":"<div id='av_section_1'  class='avia-section av-9ivm8c-c343d3d3ecf3e27a1b4df201f74c3d59 main_color avia-section-default avia-no-border-styling  avia-builder-el-0  el_before_av_one_full  avia-builder-el-first  avia-bg-style-scroll container_wrap fullsize'  ><div class='container av-section-cont-open' ><main  role=\"main\" itemprop=\"mainContentOfPage\"  class='template-page content  av-content-full alpha units'><div class='post-entry post-entry-type-page post-entry-3951'><div class='entry-content-wrapper clearfix'>\n\n<style type=\"text\/css\" data-created_by=\"avia_inline_auto\" id=\"style-css-av-6vkz58-7f8f0f165224c05434384c1a11cadc7a\">\n.flex_column.av-6vkz58-7f8f0f165224c05434384c1a11cadc7a{\nborder-width:1px;\nborder-color:#ebebeb;\nborder-style:solid;\nborder-radius:25px 0px 25px 0px;\nbackground-color:#ebebeb;\n}\n<\/style>\n<div  class='flex_column av-6vkz58-7f8f0f165224c05434384c1a11cadc7a av_two_third  avia-builder-el-1  avia-builder-el-no-sibling  first no_margin flex_column_div'     ><style type=\"text\/css\" data-created_by=\"avia_inline_auto\" id=\"style-css-av-mj1xgfy9-9e921d8b8f159a83fe8235b53af7e1d6\">\n#top .av-special-heading.av-mj1xgfy9-9e921d8b8f159a83fe8235b53af7e1d6{\npadding-bottom:0;\n}\nbody .av-special-heading.av-mj1xgfy9-9e921d8b8f159a83fe8235b53af7e1d6 .av-special-heading-tag .heading-char{\nfont-size:25px;\n}\n.av-special-heading.av-mj1xgfy9-9e921d8b8f159a83fe8235b53af7e1d6 .av-subheading{\nfont-size:15px;\n}\n<\/style>\n<div  class='av-special-heading av-mj1xgfy9-9e921d8b8f159a83fe8235b53af7e1d6 av-special-heading-h4 custom-color-heading blockquote modern-quote  avia-builder-el-2  avia-builder-el-no-sibling  ngo-header'><h4 class='av-special-heading-tag'  itemprop=\"headline\"  >Capacidad de proyecciones de futuro \u2014 Imaginar posibilidades, desarrollar actuaci\u00f3n y actuar con esperanza<\/h4><div class=\"special-heading-border\"><div class=\"special-heading-inner-border\"><\/div><\/div><\/div><\/div>\n<\/div><\/div><\/main><!-- close content main element --><\/div><\/div><div id='after_section_1'  class='main_color av_default_container_wrap container_wrap fullsize'  ><div class='container av-section-cont-open' ><div class='template-page content  av-content-full alpha units'><div class='post-entry post-entry-type-page post-entry-3951'><div class='entry-content-wrapper clearfix'>\n<div  class='flex_column av-32lzpo-532a35db37033458be2e8d92a9349361 av_one_full  avia-builder-el-3  el_after_av_section  avia-builder-el-no-sibling  first flex_column_div'     ><p><section  class='av_textblock_section av-mj1xi580-41c00822e5638027733ce8f3bb0dd625'   itemscope=\"itemscope\" itemtype=\"https:\/\/schema.org\/CreativeWork\" ><div class='avia_textblock'  itemprop=\"text\" ><p><span style=\"font-weight: 400;\">\u00bfC\u00f3mo puede pensar en el futuro ayudarnos a vivir y actuar de manera m\u00e1s sostenible en el presente? En este episodio de Green Minds, la presentadora Esther Vallado conversa con Anita Silva sobre la <\/span><i>capacidad de proyecciones de futuro<\/i><span style=\"font-weight: 400;\"> como una <\/span>eco-competencia<span style=\"font-weight: 400;\"> for navigating <\/span>esencial para navegar la incertidumbre, la complejidad y el cambio.<\/p>\n<p><span style=\"font-weight: 400;\">Anita define la <\/span><i>capacidad de proyecciones de futuro<\/i><span style=\"font-weight: 400;\"> como la habilidad de considerar <\/span>futuros posibles <span style=\"font-weight: 400;\">al tomar decisiones hoy. En lugar de centrarse en predicciones o pron\u00f3sticos, esta competencia nos invita a usar la imaginaci\u00f3n <\/span>como herramienta para moldear la realidad.<span style=\"font-weight: 400;\"> Ayuda a las personas a alejarse del pensamiento basado en el miedo o en escenarios apocal\u00edpticos y a orientar sus elecciones hacia acciones intencionales, <\/span>\u00e9ticas y fundamentadas en la esperanza<span style=\"font-weight: 400;\">.<\/span><\/p>\n<p><span style=\"font-weight: 400;\">Bas\u00e1ndose en su experiencia en creatividad, innovaci\u00f3n y clowning, Anita destaca la <\/span>importancia de mantenerse presente, observadora y receptiva a lo que sucede a nuestro alrededor.<span style=\"font-weight: 400;\"> Para ella, la capacidad de proyecciones de futuro est\u00e1 profundamente conectada con la <\/span>adaptabilidad<span style=\"font-weight: 400;\"> de <\/span>y la capacidad de respuesta:<span style=\"font-weight: 400;\"> la habilidad de permanecer con la incertidumbre sin apresurarse a buscar respuestas f\u00e1ciles. Esta cualidad, sugiere, es crucial tanto para el aprendizaje en sostenibilidad como para la resiliencia personal.<\/span><\/p>\n<\/div><\/section><br \/>\n<section  class='av_textblock_section av-mjsjn3m7-ab68dd732a3b4348b1ea7c162ea86694'   itemscope=\"itemscope\" itemtype=\"https:\/\/schema.org\/CreativeWork\" ><div class='avia_textblock'  itemprop=\"text\" ><p><span style=\"font-weight: 400;\">El episodio explora la capacidad de proyecciones de futuro como una <\/span>competencia transversal <span style=\"font-weight: 400;\">que activa muchas otras dentro de los marcos de sostenibilidad. Al ayudar a las personas a imaginar alternativas, fomenta la capacidad de actuaci\u00f3n \u2014 <\/span>proyecciones de futuro activa la capacidad de<span style=\"font-weight: 400;\"> por peque\u00f1as que sean, importan. La capacidad de proyecciones de futuro permite que las personas act\u00faen incluso sin certeza, confiando en que el aprendizaje, el ajuste y la correcci\u00f3n de rumbo son parte del proceso.<\/span><\/p>\n<p><span style=\"font-weight: 400;\">Anita reflexiona sobre c\u00f3mo esta competencia se manifiesta en sus m\u00faltiples papeles: como formadora, facilitadora, consultora, escritora y madre. Adoptar m\u00faltiples identidades, explica, ofrece flexibilidad y ayuda a las personas a enfrentar la incertidumbre con mayor confianza. <\/span>En lugar de buscar respuestas fijas, prefiere crear espacios de aprendizaje seguros pero desafiantes, llenos de preguntas,<span style=\"font-weight: 400;\"> di\u00e1logo y exploraci\u00f3n, <\/span>espacios donde la<span style=\"font-weight: 400;\"> incomodidad no se evita, <\/span>sino que se <span style=\"font-weight: 400;\">sostiene colectivamente.<\/span><\/p>\n<p><span style=\"font-weight: 400;\">Desde una perspectiva educativa, la conversaci\u00f3n explora la capacidad de proyecciones de futuro a trav\u00e9s del enfoque de cabeza, manos y coraz\u00f3n. <\/span>El conocimiento implica comprender que los futuros son plurales,<span style=\"font-weight: 400;\">moldeados por narrativas, valores y decisiones. Las habilidades incluyen facilitar conversaciones equilibradas sobre posibilidades dif\u00edciles mientras se mantiene viva la esperanza. <\/span>Actitudes como la humildad, la valent\u00eda, la alegr\u00eda y la comodidad ante la incertidumbre son esenciales<span style=\"font-weight: 400;\"> para relacionarse de manera significativa con el futuro.<\/span><\/p>\n<p><span style=\"font-weight: 400;\">Medir la capacidad de proyecciones de futuro, se\u00f1ala Anita, no es algo sencillo. <\/span>Algunas se\u00f1ales de progreso incluyen que los<span style=\"font-weight: 400;\"> aprendices se sientan m\u00e1s c\u00f3modos con la incertidumbre, desaceleren los procesos de toma <\/span>de decisiones, consideren alternativas \u00e9ticas a las<span style=\"font-weight: 400;\">narrativas dominantes y act\u00faen sin esperar una claridad perfecta. A menudo, estos cambios surgen mucho tiempo despu\u00e9s de que termina una formaci\u00f3n, recordando a los educadores que el <\/span>aprendizaje contin\u00faa m\u00e1s all\u00e1 del aula.<span style=\"font-weight: 400;\">.<\/span><\/p>\n<p><span style=\"font-weight: 400;\">El episodio tambi\u00e9n aborda los desaf\u00edos. En tiempos cada vez m\u00e1s complejos e inciertos, las personas suelen buscar explicaciones simples y verdades absolutas. La capacidad de proyecciones de futuro nos pide resistir este impulso y, en su lugar, cultivar<\/span> pensamiento sist\u00e9mico,<span style=\"font-weight: 400;\">imaginaci\u00f3n y apertura. Anita enfatiza la importancia del <\/span>juego, la narraci\u00f3n<b>,<\/b><span style=\"font-weight: 400;\"> el humor y la alegr\u00eda para reducir la resistencia y crear espacio para conversaciones esperanzadoras sobre el futuro.<\/span><\/p>\n<p><span style=\"font-weight: 400;\">El episodio concluye con una poderosa reflexi\u00f3n sobre la <\/span>ecoalfabetizaci\u00f3n<span style=\"font-weight: 400;\"> y la responsabilidad hacia las generaciones futuras. Convertirse en ecoalfabetizado, sugiere Anita, nos ayuda a ser <\/span>\u201cmejores antepasados\u201d <span style=\"font-weight: 400;\">, pasando de una mentalidad extractivista hacia el cuidado, la regeneraci\u00f3n y el bienestar comunitario. <\/span>Al redefinir el \u00e9xito y abrazar la <span style=\"font-weight: 400;\">imaginaci\u00f3n, la capacidad de proyecciones de futuro se convierte en un camino hacia futuros en los que tanto las personas como el planeta puedan prosperar.<\/span><\/p>\n<\/div><\/section><br \/>\n<section  class='av_textblock_section av-mjsjnr1l-b1c61297851ce54ab8c09d4e2a0dceab'   itemscope=\"itemscope\" itemtype=\"https:\/\/schema.org\/CreativeWork\" ><div class='avia_textblock'  itemprop=\"text\" ><p><span style=\"font-weight: 400;\">En este podcast, puedes escuchar sobre:<\/span><\/p>\n<ol>\n<li style=\"font-weight: 400;\" aria-level=\"1\"><span style=\"font-weight: 400;\">Qu\u00e9 significa la<\/span> capacidad de proyecciones de futuro <span style=\"font-weight: 400;\">y por qu\u00e9 los futuros son plurales<\/span><\/li>\n<li style=\"font-weight: 400;\" aria-level=\"1\"><span style=\"font-weight: 400;\">C\u00f3mo la imaginaci\u00f3n apoya el aprendizaje para la sostenibilidad<\/span><\/li>\n<li style=\"font-weight: 400;\" aria-level=\"1\"><span style=\"font-weight: 400;\">Por qu\u00e9 la capacidad de <\/span>proyecciones de futuro activa la capacidad de<span style=\"font-weight: 400;\"> actuaci\u00f3n y otras eco-competencias<\/span><\/li>\n<li style=\"font-weight: 400;\" aria-level=\"1\"><span style=\"font-weight: 400;\">C\u00f3mo los educadores pueden trabajar con la <\/span>incertidumbre<span style=\"font-weight: 400;\"> y la incomodidad<\/span><\/li>\n<li style=\"font-weight: 400;\" aria-level=\"1\"><span style=\"font-weight: 400;\">C\u00f3mo<\/span> el juego, la narraci\u00f3n y la<span style=\"font-weight: 400;\"> alegr\u00eda fomentan futuros esperanzadores<\/span><\/li>\n<\/ol>\n<p><i><span style=\"font-weight: 400;\">Cerramos con un recordatorio: la capacidad de proyecciones de futuro no consiste en predecir lo que ocurrir\u00e1, sino en elegir, juntos, qu\u00e9 tipo de futuro queremos ayudar a crear.<\/span><\/i><\/p>\n<\/div><\/section><\/p><\/div>","protected":false},"excerpt":{"rendered":"","protected":false},"author":17,"featured_media":0,"parent":188,"menu_order":0,"comment_status":"closed","ping_status":"closed","template":"","meta":{"_acf_changed":false,"footnotes":""},"class_list":["post-3951","page","type-page","status-publish","hentry"],"acf":[],"yoast_head":"<!-- This site is optimized with the Yoast SEO plugin v25.6 - https:\/\/yoast.com\/wordpress\/plugins\/seo\/ -->\n<title>Futures Literacy Summary - The Ecoliteracy Hub<\/title>\n<meta name=\"robots\" content=\"index, follow, max-snippet:-1, max-image-preview:large, max-video-preview:-1\" \/>\n<link rel=\"canonical\" href=\"https:\/\/ecoliteracy.eu\/es\/resource-library\/podcasts\/futures-literacy-podcast-summary\/\" \/>\n<meta property=\"og:locale\" content=\"es_ES\" \/>\n<meta property=\"og:type\" content=\"article\" \/>\n<meta property=\"og:title\" content=\"Futures Literacy Summary - The Ecoliteracy Hub\" \/>\n<meta property=\"og:url\" content=\"https:\/\/ecoliteracy.eu\/es\/resource-library\/podcasts\/futures-literacy-podcast-summary\/\" \/>\n<meta property=\"og:site_name\" content=\"The Ecoliteracy Hub\" \/>\n<meta property=\"article:modified_time\" content=\"2026-02-24T14:18:53+00:00\" \/>\n<meta name=\"twitter:card\" content=\"summary_large_image\" \/>\n<meta name=\"twitter:label1\" content=\"Tiempo de lectura\" \/>\n\t<meta name=\"twitter:data1\" content=\"3 minutos\" \/>\n<script type=\"application\/ld+json\" class=\"yoast-schema-graph\">{\"@context\":\"https:\/\/schema.org\",\"@graph\":[{\"@type\":\"WebPage\",\"@id\":\"https:\/\/ecoliteracy.eu\/resource-library\/podcasts\/futures-literacy-podcast-summary\/\",\"url\":\"https:\/\/ecoliteracy.eu\/resource-library\/podcasts\/futures-literacy-podcast-summary\/\",\"name\":\"Futures Literacy Summary - The Ecoliteracy Hub\",\"isPartOf\":{\"@id\":\"https:\/\/ecoliteracy.eu\/#website\"},\"datePublished\":\"2025-12-30T12:09:47+00:00\",\"dateModified\":\"2026-02-24T14:18:53+00:00\",\"breadcrumb\":{\"@id\":\"https:\/\/ecoliteracy.eu\/resource-library\/podcasts\/futures-literacy-podcast-summary\/#breadcrumb\"},\"inLanguage\":\"es\",\"potentialAction\":[{\"@type\":\"ReadAction\",\"target\":[\"https:\/\/ecoliteracy.eu\/resource-library\/podcasts\/futures-literacy-podcast-summary\/\"]}]},{\"@type\":\"BreadcrumbList\",\"@id\":\"https:\/\/ecoliteracy.eu\/resource-library\/podcasts\/futures-literacy-podcast-summary\/#breadcrumb\",\"itemListElement\":[{\"@type\":\"ListItem\",\"position\":1,\"name\":\"Home\",\"item\":\"https:\/\/ecoliteracy.eu\/\"},{\"@type\":\"ListItem\",\"position\":2,\"name\":\"Resources\",\"item\":\"https:\/\/ecoliteracy.eu\/resource-library\/\"},{\"@type\":\"ListItem\",\"position\":3,\"name\":\"Podcasts\",\"item\":\"https:\/\/ecoliteracy.eu\/resource-library\/podcasts\/\"},{\"@type\":\"ListItem\",\"position\":4,\"name\":\"Futures Literacy Summary\"}]},{\"@type\":\"WebSite\",\"@id\":\"https:\/\/ecoliteracy.eu\/#website\",\"url\":\"https:\/\/ecoliteracy.eu\/\",\"name\":\"The Ecoliteracy Hub\",\"description\":\"Empowering Educators for a Sustainable Future\",\"potentialAction\":[{\"@type\":\"SearchAction\",\"target\":{\"@type\":\"EntryPoint\",\"urlTemplate\":\"https:\/\/ecoliteracy.eu\/?s={search_term_string}\"},\"query-input\":{\"@type\":\"PropertyValueSpecification\",\"valueRequired\":true,\"valueName\":\"search_term_string\"}}],\"inLanguage\":\"es\"}]}<\/script>\n<!-- \/ Yoast SEO plugin. -->","yoast_head_json":{"title":"Futures Literacy Summary - The Ecoliteracy Hub","robots":{"index":"index","follow":"follow","max-snippet":"max-snippet:-1","max-image-preview":"max-image-preview:large","max-video-preview":"max-video-preview:-1"},"canonical":"https:\/\/ecoliteracy.eu\/es\/resource-library\/podcasts\/futures-literacy-podcast-summary\/","og_locale":"es_ES","og_type":"article","og_title":"Futures Literacy Summary - The Ecoliteracy Hub","og_url":"https:\/\/ecoliteracy.eu\/es\/resource-library\/podcasts\/futures-literacy-podcast-summary\/","og_site_name":"The Ecoliteracy Hub","article_modified_time":"2026-02-24T14:18:53+00:00","twitter_card":"summary_large_image","twitter_misc":{"Tiempo de lectura":"3 minutos"},"schema":{"@context":"https:\/\/schema.org","@graph":[{"@type":"WebPage","@id":"https:\/\/ecoliteracy.eu\/resource-library\/podcasts\/futures-literacy-podcast-summary\/","url":"https:\/\/ecoliteracy.eu\/resource-library\/podcasts\/futures-literacy-podcast-summary\/","name":"Futures Literacy Summary - The Ecoliteracy Hub","isPartOf":{"@id":"https:\/\/ecoliteracy.eu\/#website"},"datePublished":"2025-12-30T12:09:47+00:00","dateModified":"2026-02-24T14:18:53+00:00","breadcrumb":{"@id":"https:\/\/ecoliteracy.eu\/resource-library\/podcasts\/futures-literacy-podcast-summary\/#breadcrumb"},"inLanguage":"es","potentialAction":[{"@type":"ReadAction","target":["https:\/\/ecoliteracy.eu\/resource-library\/podcasts\/futures-literacy-podcast-summary\/"]}]},{"@type":"BreadcrumbList","@id":"https:\/\/ecoliteracy.eu\/resource-library\/podcasts\/futures-literacy-podcast-summary\/#breadcrumb","itemListElement":[{"@type":"ListItem","position":1,"name":"Home","item":"https:\/\/ecoliteracy.eu\/"},{"@type":"ListItem","position":2,"name":"Resources","item":"https:\/\/ecoliteracy.eu\/resource-library\/"},{"@type":"ListItem","position":3,"name":"Podcasts","item":"https:\/\/ecoliteracy.eu\/resource-library\/podcasts\/"},{"@type":"ListItem","position":4,"name":"Futures Literacy Summary"}]},{"@type":"WebSite","@id":"https:\/\/ecoliteracy.eu\/#website","url":"https:\/\/ecoliteracy.eu\/","name":"The Ecoliteracy Hub","description":"Capacitando educadores para un futuro sostenible","potentialAction":[{"@type":"SearchAction","target":{"@type":"EntryPoint","urlTemplate":"https:\/\/ecoliteracy.eu\/?s={search_term_string}"},"query-input":{"@type":"PropertyValueSpecification","valueRequired":true,"valueName":"search_term_string"}}],"inLanguage":"es"}]}},"_hostinger_reach_plugin_has_subscription_block":false,"_hostinger_reach_plugin_is_elementor":false,"_links":{"self":[{"href":"https:\/\/ecoliteracy.eu\/es\/wp-json\/wp\/v2\/pages\/3951","targetHints":{"allow":["GET"]}}],"collection":[{"href":"https:\/\/ecoliteracy.eu\/es\/wp-json\/wp\/v2\/pages"}],"about":[{"href":"https:\/\/ecoliteracy.eu\/es\/wp-json\/wp\/v2\/types\/page"}],"author":[{"embeddable":true,"href":"https:\/\/ecoliteracy.eu\/es\/wp-json\/wp\/v2\/users\/17"}],"replies":[{"embeddable":true,"href":"https:\/\/ecoliteracy.eu\/es\/wp-json\/wp\/v2\/comments?post=3951"}],"version-history":[{"count":2,"href":"https:\/\/ecoliteracy.eu\/es\/wp-json\/wp\/v2\/pages\/3951\/revisions"}],"predecessor-version":[{"id":4038,"href":"https:\/\/ecoliteracy.eu\/es\/wp-json\/wp\/v2\/pages\/3951\/revisions\/4038"}],"up":[{"embeddable":true,"href":"https:\/\/ecoliteracy.eu\/es\/wp-json\/wp\/v2\/pages\/188"}],"wp:attachment":[{"href":"https:\/\/ecoliteracy.eu\/es\/wp-json\/wp\/v2\/media?parent=3951"}],"curies":[{"name":"wp","href":"https:\/\/api.w.org\/{rel}","templated":true}]}}