{"id":3942,"date":"2025-12-30T11:55:10","date_gmt":"2025-12-30T11:55:10","guid":{"rendered":"https:\/\/ecoliteracy.eu\/?page_id=3942"},"modified":"2026-02-24T14:19:57","modified_gmt":"2026-02-24T14:19:57","slug":"promoting-nature-summary","status":"publish","type":"page","link":"https:\/\/ecoliteracy.eu\/es\/resource-library\/podcasts\/promoting-nature-summary\/","title":{"rendered":"Promoting nature Summary"},"content":{"rendered":"<div id='av_section_1'  class='avia-section av-9ivm8c-c343d3d3ecf3e27a1b4df201f74c3d59 main_color avia-section-default avia-no-border-styling  avia-builder-el-0  el_before_av_one_full  avia-builder-el-first  avia-bg-style-scroll container_wrap fullsize'  ><div class='container av-section-cont-open' ><main  role=\"main\" itemprop=\"mainContentOfPage\"  class='template-page content  av-content-full alpha units'><div class='post-entry post-entry-type-page post-entry-3942'><div class='entry-content-wrapper clearfix'>\n\n<style type=\"text\/css\" data-created_by=\"avia_inline_auto\" id=\"style-css-av-6vkz58-7f8f0f165224c05434384c1a11cadc7a\">\n.flex_column.av-6vkz58-7f8f0f165224c05434384c1a11cadc7a{\nborder-width:1px;\nborder-color:#ebebeb;\nborder-style:solid;\nborder-radius:25px 0px 25px 0px;\nbackground-color:#ebebeb;\n}\n<\/style>\n<div  class='flex_column av-6vkz58-7f8f0f165224c05434384c1a11cadc7a av_two_third  avia-builder-el-1  avia-builder-el-no-sibling  first no_margin flex_column_div'     ><style type=\"text\/css\" data-created_by=\"avia_inline_auto\" id=\"style-css-av-mj1xgfy9-53b64f5e42cbd2dbb83edc76f3046f2d\">\n#top .av-special-heading.av-mj1xgfy9-53b64f5e42cbd2dbb83edc76f3046f2d{\npadding-bottom:0;\n}\nbody .av-special-heading.av-mj1xgfy9-53b64f5e42cbd2dbb83edc76f3046f2d .av-special-heading-tag .heading-char{\nfont-size:25px;\n}\n.av-special-heading.av-mj1xgfy9-53b64f5e42cbd2dbb83edc76f3046f2d .av-subheading{\nfont-size:15px;\n}\n<\/style>\n<div  class='av-special-heading av-mj1xgfy9-53b64f5e42cbd2dbb83edc76f3046f2d av-special-heading-h4 custom-color-heading blockquote modern-quote  avia-builder-el-2  avia-builder-el-no-sibling  ngo-header'><h4 class='av-special-heading-tag'  itemprop=\"headline\"  >Una conversaci\u00f3n con Dagna Gmitrovic<\/h4><div class=\"special-heading-border\"><div class=\"special-heading-inner-border\"><\/div><\/div><\/div><\/div>\n<\/div><\/div><\/main><!-- close content main element --><\/div><\/div><div id='after_section_1'  class='main_color av_default_container_wrap container_wrap fullsize'  ><div class='container av-section-cont-open' ><div class='template-page content  av-content-full alpha units'><div class='post-entry post-entry-type-page post-entry-3942'><div class='entry-content-wrapper clearfix'>\n<div  class='flex_column av-32lzpo-532a35db37033458be2e8d92a9349361 av_one_full  avia-builder-el-3  el_after_av_section  avia-builder-el-no-sibling  first flex_column_div'     ><p><section  class='av_textblock_section av-mj1xi580-41c00822e5638027733ce8f3bb0dd625'   itemscope=\"itemscope\" itemtype=\"https:\/\/schema.org\/CreativeWork\" ><div class='avia_textblock'  itemprop=\"text\" ><p><span style=\"font-weight: 400;\">En este episodio de nuestra serie de podcasts sobre ecoalfabetizaci\u00f3n, la presentadora <\/span>Kriszta V\u00e1s\u00e1rhelyi<span style=\"font-weight: 400;\"> conversa con <\/span>Dagna Gmitrowitz<span style=\"font-weight: 400;\">, gu\u00eda de terapia forestal, arteterapeuta y facilitadora que trabaja en el desarrollo individual y comunitario. Su di\u00e1logo explora lo que realmente significa la eco-competencia <\/span><i><span style=\"font-weight: 400;\">Promoci\u00f3n de la naturaleza<\/span><\/i><span style=\"font-weight: 400;\"> y c\u00f3mo reconectarse con el mundo vivo puede transformar la forma en que nos vemos a nosotros mismos y a los dem\u00e1s.<\/span><\/p>\n<\/div><\/section><br \/>\n\n<style type=\"text\/css\" data-created_by=\"avia_inline_auto\" id=\"style-css-av-mj1y3fm9-b608df37abba9e0d30bb47d25d391074\">\n#top .av-special-heading.av-mj1y3fm9-b608df37abba9e0d30bb47d25d391074{\npadding-bottom:10px;\n}\nbody .av-special-heading.av-mj1y3fm9-b608df37abba9e0d30bb47d25d391074 .av-special-heading-tag .heading-char{\nfont-size:25px;\n}\n.av-special-heading.av-mj1y3fm9-b608df37abba9e0d30bb47d25d391074 .av-subheading{\nfont-size:15px;\n}\n<\/style>\n<div  class='av-special-heading av-mj1y3fm9-b608df37abba9e0d30bb47d25d391074 av-special-heading-h5 blockquote classic-quote classic-quote-left  avia-builder-el-5  el_after_av_textblock  el_before_av_textblock'><h5 class='av-special-heading-tag'  itemprop=\"headline\"  >Promoci\u00f3n de la Naturaleza como el retorno a quienes somos<\/h5><div class=\"special-heading-border\"><div class=\"special-heading-inner-border\"><\/div><\/div><\/div><br \/>\n<section  class='av_textblock_section av-35wios-c841a59c88abf5b97922ab447f926d10'   itemscope=\"itemscope\" itemtype=\"https:\/\/schema.org\/CreativeWork\" ><div class='avia_textblock'  itemprop=\"text\" ><p><span style=\"font-weight: 400;\">Para Dagna, <\/span><i><span style=\"font-weight: 400;\">promover la naturaleza<\/span><\/i><span style=\"font-weight: 400;\"> no consiste en campa\u00f1as de concienciaci\u00f3n ni en describir ecosistemas. <\/span>Se trata de estar con la naturaleza y recordar que<span style=\"font-weight: 400;\"> somos inseparables de ella. La vida moderna, explica, ha adormecido a muchos en el \u201csue\u00f1o del crecimiento infinito\u201d, donde la identidad se construye en torno a papeles, posesiones y productividad. Esta desconexi\u00f3n debilita nuestra percepci\u00f3n sensorial y nos aleja del momento presente. Reconstruir una relaci\u00f3n consciente con la naturaleza nos ayuda a volver a nuestras ra\u00edces, a nuestro bienestar y a nuestro verdadero yo.<\/span><\/p>\n<\/div><\/section><br \/>\n\n<style type=\"text\/css\" data-created_by=\"avia_inline_auto\" id=\"style-css-av-mjsizl9a-fb163cfc942532895e33da16880be6e2\">\n#top .av-special-heading.av-mjsizl9a-fb163cfc942532895e33da16880be6e2{\npadding-bottom:10px;\n}\nbody .av-special-heading.av-mjsizl9a-fb163cfc942532895e33da16880be6e2 .av-special-heading-tag .heading-char{\nfont-size:25px;\n}\n.av-special-heading.av-mjsizl9a-fb163cfc942532895e33da16880be6e2 .av-subheading{\nfont-size:15px;\n}\n<\/style>\n<div  class='av-special-heading av-mjsizl9a-fb163cfc942532895e33da16880be6e2 av-special-heading-h5 blockquote classic-quote classic-quote-left  avia-builder-el-7  el_after_av_textblock  el_before_av_textblock'><h5 class='av-special-heading-tag'  itemprop=\"headline\"  >Abriendo puertas a trav\u00e9s de proyectos y pr\u00e1ctica<\/h5><div class=\"special-heading-border\"><div class=\"special-heading-inner-border\"><\/div><\/div><\/div><br \/>\n<section  class='av_textblock_section av-mj1xicv0-7cf83785be297b5b3a7e65e58180b660'   itemscope=\"itemscope\" itemtype=\"https:\/\/schema.org\/CreativeWork\" ><div class='avia_textblock'  itemprop=\"text\" ><p><span style=\"font-weight: 400;\">Gran parte del trabajo de Dagna se centra en crear v\u00edas de acceso a la naturaleza para personas con oportunidades limitadas de conectarse con ella. Describe el proyecto <\/span>Bosque accesible,<span style=\"font-weight: 400;\"> que apoya a grupos vulnerables y poco considerados \u2014refugiados, personas mayores, personas con discapacidad o quienes est\u00e1n inmersos en la sobrecarga digital\u2014 para reconectarse con el mundo natural a trav\u00e9s de pr\u00e1cticas sencillas e inclusivas. Tambi\u00e9n presenta <\/span>y Plantando historias<span style=\"font-weight: 400;\">un proyecto que muestra c\u00f3mo incluso cuidar una sola planta de interior puede despertar sensibilidad, atenci\u00f3n y alegr\u00eda en personas que no pueden pasar tiempo al aire libre.<\/span><\/p>\n<\/div><\/section><br \/>\n\n<style type=\"text\/css\" data-created_by=\"avia_inline_auto\" id=\"style-css-av-mjsj09gd-475da073ee1d98f5a25150b15d928484\">\n#top .av-special-heading.av-mjsj09gd-475da073ee1d98f5a25150b15d928484{\npadding-bottom:10px;\n}\nbody .av-special-heading.av-mjsj09gd-475da073ee1d98f5a25150b15d928484 .av-special-heading-tag .heading-char{\nfont-size:25px;\n}\n.av-special-heading.av-mjsj09gd-475da073ee1d98f5a25150b15d928484 .av-subheading{\nfont-size:15px;\n}\n<\/style>\n<div  class='av-special-heading av-mjsj09gd-475da073ee1d98f5a25150b15d928484 av-special-heading-h5 blockquote classic-quote classic-quote-left  avia-builder-el-9  el_after_av_textblock  el_before_av_textblock'><h5 class='av-special-heading-tag'  itemprop=\"headline\"  >Peque\u00f1os actos que despiertan la conexi\u00f3n<\/h5><div class=\"special-heading-border\"><div class=\"special-heading-inner-border\"><\/div><\/div><\/div><br \/>\n<section  class='av_textblock_section av-mj1xj2mr-a6612aa40f5705038c4d2edeeb7a230a'   itemscope=\"itemscope\" itemtype=\"https:\/\/schema.org\/CreativeWork\" ><div class='avia_textblock'  itemprop=\"text\" ><p><span style=\"font-weight: 400;\">Dagna ofrece formas bellamente simples de acercarse a la naturaleza. En interiores, sugiere sentarse junto a una planta de interior como un ser vivo: tocar sus hojas, notar su forma, observar c\u00f3mo responde a la luz. En exteriores, recomienda elegir un camino desconocido en un parque o bosque para agudizar los sentidos y cambiar la percepci\u00f3n. Estas peque\u00f1as pr\u00e1cticas fomentan la curiosidad y recuerdan que la naturaleza est\u00e1 en todas partes, no solo en zonas silvestres.\u00a0<\/span><\/p>\n<\/div><\/section><br \/>\n\n<style type=\"text\/css\" data-created_by=\"avia_inline_auto\" id=\"style-css-av-mjsj0szq-6962665ac083604b838cc35220f2d3a2\">\n#top .av-special-heading.av-mjsj0szq-6962665ac083604b838cc35220f2d3a2{\npadding-bottom:10px;\n}\nbody .av-special-heading.av-mjsj0szq-6962665ac083604b838cc35220f2d3a2 .av-special-heading-tag .heading-char{\nfont-size:25px;\n}\n.av-special-heading.av-mjsj0szq-6962665ac083604b838cc35220f2d3a2 .av-subheading{\nfont-size:15px;\n}\n<\/style>\n<div  class='av-special-heading av-mjsj0szq-6962665ac083604b838cc35220f2d3a2 av-special-heading-h5 blockquote classic-quote classic-quote-left  avia-builder-el-11  el_after_av_textblock  el_before_av_textblock'><h5 class='av-special-heading-tag'  itemprop=\"headline\"  >C\u00f3mo las personas cambian a trav\u00e9s de la conexi\u00f3n con la Naturaleza<\/h5><div class=\"special-heading-border\"><div class=\"special-heading-inner-border\"><\/div><\/div><\/div><br \/>\n<section  class='av_textblock_section av-mj1xj91v-0198ba5f6787ded954dc2462f8f56ab7'   itemscope=\"itemscope\" itemtype=\"https:\/\/schema.org\/CreativeWork\" ><div class='avia_textblock'  itemprop=\"text\" ><p><span style=\"font-weight: 400;\">A lo largo de a\u00f1os guiando paseos de ba\u00f1os de bosque, Dagna ha observado transformaciones profundas. Los participantes suelen comenzar charlando y en tensi\u00f3n, pero terminan en silencio, con arraigo y tranquilidad. Su respiraci\u00f3n se vuelve m\u00e1s lenta, su postura se suaviza y emerge un sentimiento de pertenencia. Esta sinton\u00eda m\u00e1s profunda se traslada a la vida cotidiana: las personas perciben conductas da\u00f1inas, sienten mayor empat\u00eda por el mundo natural y toman decisiones m\u00e1s conscientes, ya sea al aire libre o con sus propias plantas de interior. Estos cambios muestran que reconectarse con la naturaleza no solo nutre el bienestar, sino que tambi\u00e9n transforma actitudes y acciones.<\/span><\/p>\n<p><span style=\"font-weight: 400;\">\u00a0<\/span><\/p>\n<\/div><\/section><br \/>\n\n<style type=\"text\/css\" data-created_by=\"avia_inline_auto\" id=\"style-css-av-mjsj1k91-b7d4c36dea68da2715f5506ba74c91ba\">\n#top .av-special-heading.av-mjsj1k91-b7d4c36dea68da2715f5506ba74c91ba{\npadding-bottom:10px;\n}\nbody .av-special-heading.av-mjsj1k91-b7d4c36dea68da2715f5506ba74c91ba .av-special-heading-tag .heading-char{\nfont-size:25px;\n}\n.av-special-heading.av-mjsj1k91-b7d4c36dea68da2715f5506ba74c91ba .av-subheading{\nfont-size:15px;\n}\n<\/style>\n<div  class='av-special-heading av-mjsj1k91-b7d4c36dea68da2715f5506ba74c91ba av-special-heading-h5 blockquote classic-quote classic-quote-left  avia-builder-el-13  el_after_av_textblock  el_before_av_textblock'><h5 class='av-special-heading-tag'  itemprop=\"headline\"  >Desaf\u00edos y el camino a seguir<\/h5><div class=\"special-heading-border\"><div class=\"special-heading-inner-border\"><\/div><\/div><\/div><br \/>\n<section  class='av_textblock_section av-mj1xk7y3-e9170c2420bf062ade97a001b4a6336d'   itemscope=\"itemscope\" itemtype=\"https:\/\/schema.org\/CreativeWork\" ><div class='avia_textblock'  itemprop=\"text\" ><p><span style=\"font-weight: 400;\">Promover la naturaleza no est\u00e1 exento de desaf\u00edos. Las estructuras institucionales, las normas culturales y los miedos \u2014especialmente los relacionados con el cambio clim\u00e1tico o los desastres naturales\u2014 pueden dificultar que las personas se reconecten. Dagna enfatiza la importancia del apoyo cuidadoso, la investigaci\u00f3n y el esfuerzo colectivo para reconstruir la confianza en la naturaleza y crear v\u00edas seguras que permitan a las personas volver a relacionarse con el mundo vivo.<\/span><\/p>\n<p><span style=\"font-weight: 400;\">\u00a0<\/span><\/p>\n<\/div><\/section><br \/>\n\n<style type=\"text\/css\" data-created_by=\"avia_inline_auto\" id=\"style-css-av-mjsj2jac-7e7379c49e6f219dced5011893514cd4\">\n#top .av-special-heading.av-mjsj2jac-7e7379c49e6f219dced5011893514cd4{\npadding-bottom:10px;\n}\nbody .av-special-heading.av-mjsj2jac-7e7379c49e6f219dced5011893514cd4 .av-special-heading-tag .heading-char{\nfont-size:25px;\n}\n.av-special-heading.av-mjsj2jac-7e7379c49e6f219dced5011893514cd4 .av-subheading{\nfont-size:15px;\n}\n<\/style>\n<div  class='av-special-heading av-mjsj2jac-7e7379c49e6f219dced5011893514cd4 av-special-heading-h5 blockquote classic-quote classic-quote-left  avia-builder-el-15  el_after_av_textblock  el_before_av_textblock'><h5 class='av-special-heading-tag'  itemprop=\"headline\"  >Un sue\u00f1o que ya vive<\/h5><div class=\"special-heading-border\"><div class=\"special-heading-inner-border\"><\/div><\/div><\/div><br \/>\n<section  class='av_textblock_section av-mj1xkl91-153fff7ea89c3de840c0a024f3dfbea4'   itemscope=\"itemscope\" itemtype=\"https:\/\/schema.org\/CreativeWork\" ><div class='avia_textblock'  itemprop=\"text\" ><p><span style=\"font-weight: 400;\">Cuando se le pregunta sobre su sue\u00f1o de un mundo m\u00e1s ecoalfabetizado, Dagna responde con sencillez: <\/span>el sue\u00f1o ya est\u00e1 aqu\u00ed.<span style=\"font-weight: 400;\">Cada momento de amabilidad, atenci\u00f3n o conexi\u00f3n \u2014hacia plantas, personas o lugares\u2014 contribuye a construir una sociedad regenerativa y alineada con la naturaleza. El futuro que ella imagina comienza en el presente, con peque\u00f1os actos cotidianos que nos abren de nuevo a la vida.<\/span><\/p>\n<p><span style=\"font-weight: 400;\">\u00a0<\/span><\/p>\n<\/div><\/section><\/p><\/div>","protected":false},"excerpt":{"rendered":"","protected":false},"author":17,"featured_media":0,"parent":188,"menu_order":0,"comment_status":"closed","ping_status":"closed","template":"","meta":{"_acf_changed":false,"footnotes":""},"class_list":["post-3942","page","type-page","status-publish","hentry"],"acf":[],"yoast_head":"<!-- This site is optimized with the Yoast SEO plugin v25.6 - https:\/\/yoast.com\/wordpress\/plugins\/seo\/ -->\n<title>Promoting nature Summary - The Ecoliteracy Hub<\/title>\n<meta name=\"robots\" content=\"index, follow, max-snippet:-1, max-image-preview:large, max-video-preview:-1\" \/>\n<link rel=\"canonical\" href=\"https:\/\/ecoliteracy.eu\/es\/resource-library\/podcasts\/promoting-nature-summary\/\" \/>\n<meta property=\"og:locale\" content=\"es_ES\" \/>\n<meta property=\"og:type\" content=\"article\" \/>\n<meta property=\"og:title\" content=\"Promoting nature Summary - The Ecoliteracy Hub\" \/>\n<meta property=\"og:url\" content=\"https:\/\/ecoliteracy.eu\/es\/resource-library\/podcasts\/promoting-nature-summary\/\" \/>\n<meta property=\"og:site_name\" content=\"The Ecoliteracy Hub\" \/>\n<meta property=\"article:modified_time\" content=\"2026-02-24T14:19:57+00:00\" \/>\n<meta name=\"twitter:card\" content=\"summary_large_image\" \/>\n<meta name=\"twitter:label1\" content=\"Tiempo de lectura\" \/>\n\t<meta name=\"twitter:data1\" content=\"3 minutos\" \/>\n<script type=\"application\/ld+json\" class=\"yoast-schema-graph\">{\"@context\":\"https:\/\/schema.org\",\"@graph\":[{\"@type\":\"WebPage\",\"@id\":\"https:\/\/ecoliteracy.eu\/resource-library\/podcasts\/promoting-nature-summary\/\",\"url\":\"https:\/\/ecoliteracy.eu\/resource-library\/podcasts\/promoting-nature-summary\/\",\"name\":\"Promoting nature Summary - The Ecoliteracy Hub\",\"isPartOf\":{\"@id\":\"https:\/\/ecoliteracy.eu\/#website\"},\"datePublished\":\"2025-12-30T11:55:10+00:00\",\"dateModified\":\"2026-02-24T14:19:57+00:00\",\"breadcrumb\":{\"@id\":\"https:\/\/ecoliteracy.eu\/resource-library\/podcasts\/promoting-nature-summary\/#breadcrumb\"},\"inLanguage\":\"es\",\"potentialAction\":[{\"@type\":\"ReadAction\",\"target\":[\"https:\/\/ecoliteracy.eu\/resource-library\/podcasts\/promoting-nature-summary\/\"]}]},{\"@type\":\"BreadcrumbList\",\"@id\":\"https:\/\/ecoliteracy.eu\/resource-library\/podcasts\/promoting-nature-summary\/#breadcrumb\",\"itemListElement\":[{\"@type\":\"ListItem\",\"position\":1,\"name\":\"Home\",\"item\":\"https:\/\/ecoliteracy.eu\/\"},{\"@type\":\"ListItem\",\"position\":2,\"name\":\"Resources\",\"item\":\"https:\/\/ecoliteracy.eu\/resource-library\/\"},{\"@type\":\"ListItem\",\"position\":3,\"name\":\"Podcasts\",\"item\":\"https:\/\/ecoliteracy.eu\/resource-library\/podcasts\/\"},{\"@type\":\"ListItem\",\"position\":4,\"name\":\"Promoting nature Summary\"}]},{\"@type\":\"WebSite\",\"@id\":\"https:\/\/ecoliteracy.eu\/#website\",\"url\":\"https:\/\/ecoliteracy.eu\/\",\"name\":\"The Ecoliteracy Hub\",\"description\":\"Empowering Educators for a Sustainable Future\",\"potentialAction\":[{\"@type\":\"SearchAction\",\"target\":{\"@type\":\"EntryPoint\",\"urlTemplate\":\"https:\/\/ecoliteracy.eu\/?s={search_term_string}\"},\"query-input\":{\"@type\":\"PropertyValueSpecification\",\"valueRequired\":true,\"valueName\":\"search_term_string\"}}],\"inLanguage\":\"es\"}]}<\/script>\n<!-- \/ Yoast SEO plugin. -->","yoast_head_json":{"title":"Promoting nature Summary - The Ecoliteracy Hub","robots":{"index":"index","follow":"follow","max-snippet":"max-snippet:-1","max-image-preview":"max-image-preview:large","max-video-preview":"max-video-preview:-1"},"canonical":"https:\/\/ecoliteracy.eu\/es\/resource-library\/podcasts\/promoting-nature-summary\/","og_locale":"es_ES","og_type":"article","og_title":"Promoting nature Summary - The Ecoliteracy Hub","og_url":"https:\/\/ecoliteracy.eu\/es\/resource-library\/podcasts\/promoting-nature-summary\/","og_site_name":"The Ecoliteracy Hub","article_modified_time":"2026-02-24T14:19:57+00:00","twitter_card":"summary_large_image","twitter_misc":{"Tiempo de lectura":"3 minutos"},"schema":{"@context":"https:\/\/schema.org","@graph":[{"@type":"WebPage","@id":"https:\/\/ecoliteracy.eu\/resource-library\/podcasts\/promoting-nature-summary\/","url":"https:\/\/ecoliteracy.eu\/resource-library\/podcasts\/promoting-nature-summary\/","name":"Promoting nature Summary - The Ecoliteracy Hub","isPartOf":{"@id":"https:\/\/ecoliteracy.eu\/#website"},"datePublished":"2025-12-30T11:55:10+00:00","dateModified":"2026-02-24T14:19:57+00:00","breadcrumb":{"@id":"https:\/\/ecoliteracy.eu\/resource-library\/podcasts\/promoting-nature-summary\/#breadcrumb"},"inLanguage":"es","potentialAction":[{"@type":"ReadAction","target":["https:\/\/ecoliteracy.eu\/resource-library\/podcasts\/promoting-nature-summary\/"]}]},{"@type":"BreadcrumbList","@id":"https:\/\/ecoliteracy.eu\/resource-library\/podcasts\/promoting-nature-summary\/#breadcrumb","itemListElement":[{"@type":"ListItem","position":1,"name":"Home","item":"https:\/\/ecoliteracy.eu\/"},{"@type":"ListItem","position":2,"name":"Resources","item":"https:\/\/ecoliteracy.eu\/resource-library\/"},{"@type":"ListItem","position":3,"name":"Podcasts","item":"https:\/\/ecoliteracy.eu\/resource-library\/podcasts\/"},{"@type":"ListItem","position":4,"name":"Promoting nature Summary"}]},{"@type":"WebSite","@id":"https:\/\/ecoliteracy.eu\/#website","url":"https:\/\/ecoliteracy.eu\/","name":"The Ecoliteracy Hub","description":"Capacitando educadores para un futuro sostenible","potentialAction":[{"@type":"SearchAction","target":{"@type":"EntryPoint","urlTemplate":"https:\/\/ecoliteracy.eu\/?s={search_term_string}"},"query-input":{"@type":"PropertyValueSpecification","valueRequired":true,"valueName":"search_term_string"}}],"inLanguage":"es"}]}},"_hostinger_reach_plugin_has_subscription_block":false,"_hostinger_reach_plugin_is_elementor":false,"_links":{"self":[{"href":"https:\/\/ecoliteracy.eu\/es\/wp-json\/wp\/v2\/pages\/3942","targetHints":{"allow":["GET"]}}],"collection":[{"href":"https:\/\/ecoliteracy.eu\/es\/wp-json\/wp\/v2\/pages"}],"about":[{"href":"https:\/\/ecoliteracy.eu\/es\/wp-json\/wp\/v2\/types\/page"}],"author":[{"embeddable":true,"href":"https:\/\/ecoliteracy.eu\/es\/wp-json\/wp\/v2\/users\/17"}],"replies":[{"embeddable":true,"href":"https:\/\/ecoliteracy.eu\/es\/wp-json\/wp\/v2\/comments?post=3942"}],"version-history":[{"count":2,"href":"https:\/\/ecoliteracy.eu\/es\/wp-json\/wp\/v2\/pages\/3942\/revisions"}],"predecessor-version":[{"id":4036,"href":"https:\/\/ecoliteracy.eu\/es\/wp-json\/wp\/v2\/pages\/3942\/revisions\/4036"}],"up":[{"embeddable":true,"href":"https:\/\/ecoliteracy.eu\/es\/wp-json\/wp\/v2\/pages\/188"}],"wp:attachment":[{"href":"https:\/\/ecoliteracy.eu\/es\/wp-json\/wp\/v2\/media?parent=3942"}],"curies":[{"name":"wp","href":"https:\/\/api.w.org\/{rel}","templated":true}]}}