{"id":3934,"date":"2025-12-30T11:22:51","date_gmt":"2025-12-30T11:22:51","guid":{"rendered":"https:\/\/ecoliteracy.eu\/?page_id=3934"},"modified":"2026-02-24T14:18:07","modified_gmt":"2026-02-24T14:18:07","slug":"supporting-fairness-summary","status":"publish","type":"page","link":"https:\/\/ecoliteracy.eu\/es\/resource-library\/podcasts\/supporting-fairness-summary\/","title":{"rendered":"Supporting Fairness Summary"},"content":{"rendered":"<div id='av_section_1'  class='avia-section av-9ivm8c-c343d3d3ecf3e27a1b4df201f74c3d59 main_color avia-section-default avia-no-border-styling  avia-builder-el-0  el_before_av_one_full  avia-builder-el-first  avia-bg-style-scroll container_wrap fullsize'  ><div class='container av-section-cont-open' ><main  role=\"main\" itemprop=\"mainContentOfPage\"  class='template-page content  av-content-full alpha units'><div class='post-entry post-entry-type-page post-entry-3934'><div class='entry-content-wrapper clearfix'>\n\n<style type=\"text\/css\" data-created_by=\"avia_inline_auto\" id=\"style-css-av-6vkz58-7f8f0f165224c05434384c1a11cadc7a\">\n.flex_column.av-6vkz58-7f8f0f165224c05434384c1a11cadc7a{\nborder-width:1px;\nborder-color:#ebebeb;\nborder-style:solid;\nborder-radius:25px 0px 25px 0px;\nbackground-color:#ebebeb;\n}\n<\/style>\n<div  class='flex_column av-6vkz58-7f8f0f165224c05434384c1a11cadc7a av_two_third  avia-builder-el-1  avia-builder-el-no-sibling  first no_margin flex_column_div'     ><style type=\"text\/css\" data-created_by=\"avia_inline_auto\" id=\"style-css-av-mj1xgfy9-dd2534dafb9c63e3c908d106dc82a8b7\">\n#top .av-special-heading.av-mj1xgfy9-dd2534dafb9c63e3c908d106dc82a8b7{\npadding-bottom:0;\n}\nbody .av-special-heading.av-mj1xgfy9-dd2534dafb9c63e3c908d106dc82a8b7 .av-special-heading-tag .heading-char{\nfont-size:25px;\n}\n.av-special-heading.av-mj1xgfy9-dd2534dafb9c63e3c908d106dc82a8b7 .av-subheading{\nfont-size:15px;\n}\n<\/style>\n<div  class='av-special-heading av-mj1xgfy9-dd2534dafb9c63e3c908d106dc82a8b7 av-special-heading-h4 custom-color-heading blockquote modern-quote  avia-builder-el-2  avia-builder-el-no-sibling  ngo-header'><h4 class='av-special-heading-tag'  itemprop=\"headline\"  >Respaldo a la ecuanimidad \u2014 Integrar equidad, inclusi\u00f3n y justicia en la sostenibilidad<\/h4><div class=\"special-heading-border\"><div class=\"special-heading-inner-border\"><\/div><\/div><\/div><\/div>\n<\/div><\/div><\/main><!-- close content main element --><\/div><\/div><div id='after_section_1'  class='main_color av_default_container_wrap container_wrap fullsize'  ><div class='container av-section-cont-open' ><div class='template-page content  av-content-full alpha units'><div class='post-entry post-entry-type-page post-entry-3934'><div class='entry-content-wrapper clearfix'>\n<div  class='flex_column av-32lzpo-532a35db37033458be2e8d92a9349361 av_one_full  avia-builder-el-3  el_after_av_section  avia-builder-el-no-sibling  first flex_column_div'     ><p><section  class='av_textblock_section av-mj1xi580-41c00822e5638027733ce8f3bb0dd625'   itemscope=\"itemscope\" itemtype=\"https:\/\/schema.org\/CreativeWork\" ><div class='avia_textblock'  itemprop=\"text\" ><p><span style=\"font-weight: 400;\">La ecuanimidad es fundamental para la sostenibilidad. En este episodio de Green Minds, Esther Vallado conversa con Henrique Gon\u00e7alves sobre la eco-competencia de Respaldo a la ecuanimidad: la capacidad de promover justicia, equidad y participaci\u00f3n inclusiva en iniciativas de sostenibilidad y aprendizaje comunitario.<\/span><\/p>\n<\/div><\/section><br \/>\n<section  class='av_textblock_section av-35wios-c841a59c88abf5b97922ab447f926d10'   itemscope=\"itemscope\" itemtype=\"https:\/\/schema.org\/CreativeWork\" ><div class='avia_textblock'  itemprop=\"text\" ><p><span style=\"font-weight: 400;\">Henrique explica que respaldar la ecuanimidad implica reconocer obst\u00e1culos estructurales \u2014 <\/span>como la discriminaci\u00f3n, las barreras socioecon\u00f3micas o el acceso desigual a oportunidades\u2014<span style=\"font-weight: 400;\"> y garantizar que las comunidades marginadas participen en las acciones ambientales. Bas\u00e1ndose en su trabajo en programas juveniles, proyectos Erasmus+ e iniciativas de justicia clim\u00e1tica, Henrique ilustra c\u00f3mo la equidad vincula las preocupaciones ecol\u00f3gicas <\/span>con la justicia social,<span style=\"font-weight: 400;\"> asegurando que las soluciones beneficien a todos los participantes y amplifiquen la voz de quienes se ven m\u00e1s afectados por la degradaci\u00f3n ambiental.<\/span><\/p>\n<\/div><\/section><br \/>\n<section  class='av_textblock_section av-mj1xicv0-7cf83785be297b5b3a7e65e58180b660'   itemscope=\"itemscope\" itemtype=\"https:\/\/schema.org\/CreativeWork\" ><div class='avia_textblock'  itemprop=\"text\" ><p><span style=\"font-weight: 400;\">Una poderosa historia personal destaca esta competencia: las primeras experiencias de Henrique en los movimientos clim\u00e1ticos revelaron una falta de diversidad, <\/span>lo que le llev\u00f3 a reflexionar sobre la importancia de garantizar que todas las voces sean escuchadas.<span style=\"font-weight: 400;\">Esta visi\u00f3n informa su trabajo, desde el dise\u00f1o de proyectos hasta la facilitaci\u00f3n de grupos de inter\u00e9s diversos, pasando por la creaci\u00f3n de grupos asesores que incluyen a personas con experiencias vividas de exclusi\u00f3n en la co-creaci\u00f3n de actividades y la toma de decisiones.<\/span><\/p>\n<\/div><\/section><br \/>\n<section  class='av_textblock_section av-mj1xj2mr-a6612aa40f5705038c4d2edeeb7a230a'   itemscope=\"itemscope\" itemtype=\"https:\/\/schema.org\/CreativeWork\" ><div class='avia_textblock'  itemprop=\"text\" ><p><span style=\"font-weight: 400;\">Henrique desglosa el Respaldo a la equidad en tres dimensiones: <\/span>conocimiento, habilidades y actitudes, aline\u00e1ndose con el modelo de cabeza, manos y coraz\u00f3n de la educaci\u00f3n transformadora.<span style=\"font-weight: 400;\"> El conocimiento incluye comprender la justicia ambiental y la interseccionalidad; <\/span>las habilidades abarcan el dise\u00f1o de actividades<span style=\"font-weight: 400;\"> inclusivas, la facilitaci\u00f3n del di\u00e1logo y la adaptaci\u00f3n de m\u00e9todos <\/span>skills<span style=\"font-weight: 400;\"> a participantes diversos; <\/span>las actitudes comprenden empat\u00eda,<span style=\"font-weight: 400;\"> curiosidad, compromiso con la equidad y conciencia de los propios sesgos y privilegios.<\/span><\/p>\n<\/div><\/section><br \/>\n<section  class='av_textblock_section av-mj1xj91v-0198ba5f6787ded954dc2462f8f56ab7'   itemscope=\"itemscope\" itemtype=\"https:\/\/schema.org\/CreativeWork\" ><div class='avia_textblock'  itemprop=\"text\" ><p><span style=\"font-weight: 400;\">El episodio tambi\u00e9n enfatiza m\u00e9todos de <\/span>aprendizaje no formal y creativo que fomentan la equidad,<span style=\"font-weight: 400;\"> incluyendo ejercicios de simulaci\u00f3n, juegos de rol y teatro, los cuales ayudan a los participantes a experimentar diferentes perspectivas y desarrollar empat\u00eda. <\/span>Herramientas como el Inclusi\u00f3metro y el Mapa<span style=\"font-weight: 400;\"> de <\/span>Inclusi\u00f3n y Diversidad brindan<span style=\"font-weight: 400;\"> orientaci\u00f3n pr\u00e1ctica para organizaciones y formadores, apoyando la medici\u00f3n del progreso y garantizando programas inclusivos y accesibles.<\/span><\/p>\n<p><span style=\"font-weight: 400;\">Henrique analiza los desaf\u00edos <\/span>que enfrentan las organizaciones,<span style=\"font-weight: 400;\"> como la financiaci\u00f3n limitada, las pr\u00e1cticas de inclusi\u00f3n inconsistentes y la necesidad de colaboraci\u00f3n entre los sectores ecol\u00f3gico y social. Destaca la importancia de la co-creaci\u00f3n, la divulgaci\u00f3n activa y la vinculaci\u00f3n de la inclusi\u00f3n con las iniciativas de sostenibilidad para construir procesos m\u00e1s justos y democr\u00e1ticos.<\/span><\/p>\n<p><span style=\"font-weight: 400;\">La conversaci\u00f3n concluye con una reflexi\u00f3n sobre la propia ecoalfabetizaci\u00f3n. Henrique enfatiza que la sostenibilidad solo es transformadora cuando la <\/span>equidad, la justicia y la democracia<span style=\"font-weight: 400;\"> est\u00e1n integradas en la transici\u00f3n ecol\u00f3gica. El Respaldo a la equidad permite que los aprendices y las comunidades participen de manera significativa, creando soluciones que sean justas, inclusivas y resilientes. Para educadores, formadores y trabajadores juveniles, fomentar esta competencia es esencial para capacitar a las futuras generaciones a actuar de manera sostenible, al tiempo que se apoya la cohesi\u00f3n social y la renovaci\u00f3n democr\u00e1tica.<\/span><\/p>\n<p><span style=\"font-weight: 400;\">En este podcast, puedes aprender:<\/span><\/p>\n<ol>\n<li style=\"font-weight: 400;\" aria-level=\"1\">Qu\u00e9 significa el Respaldo a la equidad<span style=\"font-weight: 400;\"> y por qu\u00e9 es esencial para la ecoalfabetizaci\u00f3n<\/span><\/li>\n<li style=\"font-weight: 400;\" aria-level=\"1\">C\u00f3mo integrar conocimientos, habilidades y actitudes <span style=\"font-weight: 400;\">en la pr\u00e1ctica de sostenibilidad inclusiva<\/span><\/li>\n<li style=\"font-weight: 400;\" aria-level=\"1\">Estrategias y herramientas pr\u00e1cticas<span style=\"font-weight: 400;\"> para educadores, formadores y l\u00edderes comunitarios<\/span><\/li>\n<li style=\"font-weight: 400;\" aria-level=\"1\"><span style=\"font-weight: 400;\">C\u00f3mo fomentar <\/span>la participaci\u00f3n, la co-creaci\u00f3n y la toma de decisiones equitativa<\/li>\n<li style=\"font-weight: 400;\" aria-level=\"1\">Desaf\u00edos en el desarrollo<span style=\"font-weight: 400;\"> de esta competencia y maneras de superarlos<\/span><\/li>\n<\/ol>\n<p><i><span style=\"font-weight: 400;\">Cultivar el Respaldo a la equidad asegura que la sostenibilidad no se trate solo de ecolog\u00eda, sino tambi\u00e9n de crear un futuro justo, equitativo e inclusivo para las personas y el planeta.<\/span><\/i><\/p>\n<p><span style=\"font-weight: 400;\">\u00a0<\/span><\/p>\n<\/div><\/section><\/p><\/div>","protected":false},"excerpt":{"rendered":"","protected":false},"author":17,"featured_media":0,"parent":188,"menu_order":0,"comment_status":"closed","ping_status":"closed","template":"","meta":{"_acf_changed":false,"footnotes":""},"class_list":["post-3934","page","type-page","status-publish","hentry"],"acf":[],"yoast_head":"<!-- This site is optimized with the Yoast SEO plugin v25.6 - https:\/\/yoast.com\/wordpress\/plugins\/seo\/ -->\n<title>Supporting Fairness Summary - The Ecoliteracy Hub<\/title>\n<meta name=\"robots\" content=\"index, follow, max-snippet:-1, max-image-preview:large, max-video-preview:-1\" \/>\n<link rel=\"canonical\" href=\"https:\/\/ecoliteracy.eu\/es\/resource-library\/podcasts\/supporting-fairness-summary\/\" \/>\n<meta property=\"og:locale\" content=\"es_ES\" \/>\n<meta property=\"og:type\" content=\"article\" \/>\n<meta property=\"og:title\" content=\"Supporting Fairness Summary - The Ecoliteracy Hub\" \/>\n<meta property=\"og:url\" content=\"https:\/\/ecoliteracy.eu\/es\/resource-library\/podcasts\/supporting-fairness-summary\/\" \/>\n<meta property=\"og:site_name\" content=\"The Ecoliteracy Hub\" \/>\n<meta property=\"article:modified_time\" content=\"2026-02-24T14:18:07+00:00\" \/>\n<meta name=\"twitter:card\" content=\"summary_large_image\" \/>\n<meta name=\"twitter:label1\" content=\"Tiempo de lectura\" \/>\n\t<meta name=\"twitter:data1\" content=\"3 minutos\" \/>\n<script type=\"application\/ld+json\" class=\"yoast-schema-graph\">{\"@context\":\"https:\/\/schema.org\",\"@graph\":[{\"@type\":\"WebPage\",\"@id\":\"https:\/\/ecoliteracy.eu\/resource-library\/podcasts\/supporting-fairness-summary\/\",\"url\":\"https:\/\/ecoliteracy.eu\/resource-library\/podcasts\/supporting-fairness-summary\/\",\"name\":\"Supporting Fairness Summary - The Ecoliteracy Hub\",\"isPartOf\":{\"@id\":\"https:\/\/ecoliteracy.eu\/#website\"},\"datePublished\":\"2025-12-30T11:22:51+00:00\",\"dateModified\":\"2026-02-24T14:18:07+00:00\",\"breadcrumb\":{\"@id\":\"https:\/\/ecoliteracy.eu\/resource-library\/podcasts\/supporting-fairness-summary\/#breadcrumb\"},\"inLanguage\":\"es\",\"potentialAction\":[{\"@type\":\"ReadAction\",\"target\":[\"https:\/\/ecoliteracy.eu\/resource-library\/podcasts\/supporting-fairness-summary\/\"]}]},{\"@type\":\"BreadcrumbList\",\"@id\":\"https:\/\/ecoliteracy.eu\/resource-library\/podcasts\/supporting-fairness-summary\/#breadcrumb\",\"itemListElement\":[{\"@type\":\"ListItem\",\"position\":1,\"name\":\"Home\",\"item\":\"https:\/\/ecoliteracy.eu\/\"},{\"@type\":\"ListItem\",\"position\":2,\"name\":\"Resources\",\"item\":\"https:\/\/ecoliteracy.eu\/resource-library\/\"},{\"@type\":\"ListItem\",\"position\":3,\"name\":\"Podcasts\",\"item\":\"https:\/\/ecoliteracy.eu\/resource-library\/podcasts\/\"},{\"@type\":\"ListItem\",\"position\":4,\"name\":\"Supporting Fairness Summary\"}]},{\"@type\":\"WebSite\",\"@id\":\"https:\/\/ecoliteracy.eu\/#website\",\"url\":\"https:\/\/ecoliteracy.eu\/\",\"name\":\"The Ecoliteracy Hub\",\"description\":\"Empowering Educators for a Sustainable Future\",\"potentialAction\":[{\"@type\":\"SearchAction\",\"target\":{\"@type\":\"EntryPoint\",\"urlTemplate\":\"https:\/\/ecoliteracy.eu\/?s={search_term_string}\"},\"query-input\":{\"@type\":\"PropertyValueSpecification\",\"valueRequired\":true,\"valueName\":\"search_term_string\"}}],\"inLanguage\":\"es\"}]}<\/script>\n<!-- \/ Yoast SEO plugin. -->","yoast_head_json":{"title":"Supporting Fairness Summary - The Ecoliteracy Hub","robots":{"index":"index","follow":"follow","max-snippet":"max-snippet:-1","max-image-preview":"max-image-preview:large","max-video-preview":"max-video-preview:-1"},"canonical":"https:\/\/ecoliteracy.eu\/es\/resource-library\/podcasts\/supporting-fairness-summary\/","og_locale":"es_ES","og_type":"article","og_title":"Supporting Fairness Summary - The Ecoliteracy Hub","og_url":"https:\/\/ecoliteracy.eu\/es\/resource-library\/podcasts\/supporting-fairness-summary\/","og_site_name":"The Ecoliteracy Hub","article_modified_time":"2026-02-24T14:18:07+00:00","twitter_card":"summary_large_image","twitter_misc":{"Tiempo de lectura":"3 minutos"},"schema":{"@context":"https:\/\/schema.org","@graph":[{"@type":"WebPage","@id":"https:\/\/ecoliteracy.eu\/resource-library\/podcasts\/supporting-fairness-summary\/","url":"https:\/\/ecoliteracy.eu\/resource-library\/podcasts\/supporting-fairness-summary\/","name":"Supporting Fairness Summary - The Ecoliteracy Hub","isPartOf":{"@id":"https:\/\/ecoliteracy.eu\/#website"},"datePublished":"2025-12-30T11:22:51+00:00","dateModified":"2026-02-24T14:18:07+00:00","breadcrumb":{"@id":"https:\/\/ecoliteracy.eu\/resource-library\/podcasts\/supporting-fairness-summary\/#breadcrumb"},"inLanguage":"es","potentialAction":[{"@type":"ReadAction","target":["https:\/\/ecoliteracy.eu\/resource-library\/podcasts\/supporting-fairness-summary\/"]}]},{"@type":"BreadcrumbList","@id":"https:\/\/ecoliteracy.eu\/resource-library\/podcasts\/supporting-fairness-summary\/#breadcrumb","itemListElement":[{"@type":"ListItem","position":1,"name":"Home","item":"https:\/\/ecoliteracy.eu\/"},{"@type":"ListItem","position":2,"name":"Resources","item":"https:\/\/ecoliteracy.eu\/resource-library\/"},{"@type":"ListItem","position":3,"name":"Podcasts","item":"https:\/\/ecoliteracy.eu\/resource-library\/podcasts\/"},{"@type":"ListItem","position":4,"name":"Supporting Fairness Summary"}]},{"@type":"WebSite","@id":"https:\/\/ecoliteracy.eu\/#website","url":"https:\/\/ecoliteracy.eu\/","name":"The Ecoliteracy Hub","description":"Capacitando educadores para un futuro sostenible","potentialAction":[{"@type":"SearchAction","target":{"@type":"EntryPoint","urlTemplate":"https:\/\/ecoliteracy.eu\/?s={search_term_string}"},"query-input":{"@type":"PropertyValueSpecification","valueRequired":true,"valueName":"search_term_string"}}],"inLanguage":"es"}]}},"_hostinger_reach_plugin_has_subscription_block":false,"_hostinger_reach_plugin_is_elementor":false,"_links":{"self":[{"href":"https:\/\/ecoliteracy.eu\/es\/wp-json\/wp\/v2\/pages\/3934","targetHints":{"allow":["GET"]}}],"collection":[{"href":"https:\/\/ecoliteracy.eu\/es\/wp-json\/wp\/v2\/pages"}],"about":[{"href":"https:\/\/ecoliteracy.eu\/es\/wp-json\/wp\/v2\/types\/page"}],"author":[{"embeddable":true,"href":"https:\/\/ecoliteracy.eu\/es\/wp-json\/wp\/v2\/users\/17"}],"replies":[{"embeddable":true,"href":"https:\/\/ecoliteracy.eu\/es\/wp-json\/wp\/v2\/comments?post=3934"}],"version-history":[{"count":3,"href":"https:\/\/ecoliteracy.eu\/es\/wp-json\/wp\/v2\/pages\/3934\/revisions"}],"predecessor-version":[{"id":4034,"href":"https:\/\/ecoliteracy.eu\/es\/wp-json\/wp\/v2\/pages\/3934\/revisions\/4034"}],"up":[{"embeddable":true,"href":"https:\/\/ecoliteracy.eu\/es\/wp-json\/wp\/v2\/pages\/188"}],"wp:attachment":[{"href":"https:\/\/ecoliteracy.eu\/es\/wp-json\/wp\/v2\/media?parent=3934"}],"curies":[{"name":"wp","href":"https:\/\/api.w.org\/{rel}","templated":true}]}}