{"id":3868,"date":"2025-12-17T13:09:57","date_gmt":"2025-12-17T13:09:57","guid":{"rendered":"https:\/\/ecoliteracy.eu\/?page_id=3868"},"modified":"2026-02-24T14:16:24","modified_gmt":"2026-02-24T14:16:24","slug":"rethinking-growth-summary","status":"publish","type":"page","link":"https:\/\/ecoliteracy.eu\/es\/resource-library\/podcasts\/rethinking-growth-summary\/","title":{"rendered":"Rethinking Growth Summary"},"content":{"rendered":"<div id='av_section_1'  class='avia-section av-9ivm8c-c343d3d3ecf3e27a1b4df201f74c3d59 main_color avia-section-default avia-no-border-styling  avia-builder-el-0  el_before_av_one_full  avia-builder-el-first  avia-bg-style-scroll container_wrap fullsize'  ><div class='container av-section-cont-open' ><main  role=\"main\" itemprop=\"mainContentOfPage\"  class='template-page content  av-content-full alpha units'><div class='post-entry post-entry-type-page post-entry-3868'><div class='entry-content-wrapper clearfix'>\n\n<style type=\"text\/css\" data-created_by=\"avia_inline_auto\" id=\"style-css-av-6vkz58-7f8f0f165224c05434384c1a11cadc7a\">\n.flex_column.av-6vkz58-7f8f0f165224c05434384c1a11cadc7a{\nborder-width:1px;\nborder-color:#ebebeb;\nborder-style:solid;\nborder-radius:25px 0px 25px 0px;\nbackground-color:#ebebeb;\n}\n<\/style>\n<div  class='flex_column av-6vkz58-7f8f0f165224c05434384c1a11cadc7a av_two_third  avia-builder-el-1  avia-builder-el-no-sibling  first no_margin flex_column_div'     ><style type=\"text\/css\" data-created_by=\"avia_inline_auto\" id=\"style-css-av-mj1xgfy9-6586afc458ef8848b157378aee110ca5\">\n#top .av-special-heading.av-mj1xgfy9-6586afc458ef8848b157378aee110ca5{\npadding-bottom:0;\n}\nbody .av-special-heading.av-mj1xgfy9-6586afc458ef8848b157378aee110ca5 .av-special-heading-tag .heading-char{\nfont-size:25px;\n}\n.av-special-heading.av-mj1xgfy9-6586afc458ef8848b157378aee110ca5 .av-subheading{\nfont-size:15px;\n}\n<\/style>\n<div  class='av-special-heading av-mj1xgfy9-6586afc458ef8848b157378aee110ca5 av-special-heading-h4 custom-color-heading blockquote modern-quote  avia-builder-el-2  avia-builder-el-no-sibling  ngo-header'><h4 class='av-special-heading-tag'  itemprop=\"headline\"  >Replanteandonos el crecimiento: una conversaci\u00f3n con Logan Strenchock<\/h4><div class=\"special-heading-border\"><div class=\"special-heading-inner-border\"><\/div><\/div><\/div><\/div>\n<\/div><\/div><\/main><!-- close content main element --><\/div><\/div><div id='after_section_1'  class='main_color av_default_container_wrap container_wrap fullsize'  ><div class='container av-section-cont-open' ><div class='template-page content  av-content-full alpha units'><div class='post-entry post-entry-type-page post-entry-3868'><div class='entry-content-wrapper clearfix'>\n<div  class='flex_column av-32lzpo-532a35db37033458be2e8d92a9349361 av_one_full  avia-builder-el-3  el_after_av_section  avia-builder-el-no-sibling  first flex_column_div'     ><p><section  class='av_textblock_section av-mj1xi580-41c00822e5638027733ce8f3bb0dd625'   itemscope=\"itemscope\" itemtype=\"https:\/\/schema.org\/CreativeWork\" ><div class='avia_textblock'  itemprop=\"text\" ><p>The Ecoliteracy Hub<span style=\"font-weight: 400;\"> ha lanzado un nuevo episodio de Green Minds: viajes hacia la ecoalfabetizaci\u00f3n, que presenta una conversaci\u00f3n con Logan Strenchock, un practicante de la sostenibilidad comunitaria desde hace muchos a\u00f1os y una de las voces m\u00e1s activas de Hungr\u00eda en <\/span>el movimiento del decrecimiento.<span style=\"font-weight: 400;\">.<\/span><\/p>\n<\/div><\/section><br \/>\n<section  class='av_textblock_section av-35wios-c841a59c88abf5b97922ab447f926d10'   itemscope=\"itemscope\" itemtype=\"https:\/\/schema.org\/CreativeWork\" ><div class='avia_textblock'  itemprop=\"text\" ><p><span style=\"font-weight: 400;\">Logan, que vive en Hungr\u00eda desde 2012, trabaja con Zs\u00e1mboki Biokert, cofund\u00f3 Cargonomia y es actual responsable de medio ambiente y sostenibilidad en la Universidad Central Europea. Su formaci\u00f3n en ingenier\u00eda y ciencias ambientales finalmente lo llev\u00f3 a alejarse de la teor\u00eda acad\u00e9mica y dedicarse al trabajo pr\u00e1ctico en granjas agroecol\u00f3gicas e iniciativas comunitarias. Como \u00e9l mismo dice, quer\u00eda \u201censuciarse las manos\u201d<\/span> y participar directamente en la transformaci\u00f3n de los sistemas alimentarios locales<span style=\"font-weight: 400;\">.<\/span><\/p>\n<\/div><\/section><br \/>\n<section  class='av_textblock_section av-mj1xicv0-7cf83785be297b5b3a7e65e58180b660'   itemscope=\"itemscope\" itemtype=\"https:\/\/schema.org\/CreativeWork\" ><div class='avia_textblock'  itemprop=\"text\" ><p><span style=\"font-weight: 400;\">En el episodio, Logan ofrece una explicaci\u00f3n clara y accesible <\/span>del decrecimiento,<span style=\"font-weight: 400;\">que describe no como un retroceso, sino como un replanteamiento de la creencia de que las econom\u00edas deben crecer sin fin en un planeta finito. Explica que el crecimiento constante genera estr\u00e9s, desperdicio y patrones de consumo que no hacen m\u00e1s felices a las personas. En cambio, una mentalidad de decrecimiento nos invita a valorar el <\/span><i>bienestar,<\/i><i><span style=\"font-weight: 400;\">la comunidad, la solidaridad y la suficiencia<\/span><\/i><span style=\"font-weight: 400;\">.<\/span><\/p>\n<\/div><\/section><br \/>\n<section  class='av_textblock_section av-mj1xj2mr-a6612aa40f5705038c4d2edeeb7a230a'   itemscope=\"itemscope\" itemtype=\"https:\/\/schema.org\/CreativeWork\" ><div class='avia_textblock'  itemprop=\"text\" ><p><span style=\"font-weight: 400;\">El podcast tambi\u00e9n incluye varias historias memorables. <\/span>Una de ellas proviene de las visitas de Logan a escuelas secundarias.<span style=\"font-weight: 400;\">Cuando les pregunta a los estudiantes qu\u00e9 los hace sentirse vivos, sus respuestas se centran en la naturaleza, la amistad y la creatividad, no en comprar m\u00e1s cosas. Para Logan, este simple momento muestra lo desconectadas que est\u00e1n las ideas econ\u00f3micas tradicionales de lo que las <\/span>personas realmente valoran<span style=\"font-weight: 400;\">.<\/span><\/p>\n<\/div><\/section><br \/>\n<section  class='av_textblock_section av-mj1xj91v-0198ba5f6787ded954dc2462f8f56ab7'   itemscope=\"itemscope\" itemtype=\"https:\/\/schema.org\/CreativeWork\" ><div class='avia_textblock'  itemprop=\"text\" ><p><span style=\"font-weight: 400;\">Otra historia destaca el trabajo de Cargonomia, donde la agricultura comunitaria, las bicicletas de carga y los eventos vecinales crean ejemplos reales de <\/span>alternativas sostenibles.<span style=\"font-weight: 400;\">Estas iniciativas demuestran que el decrecimiento no es solo una teor\u00eda: ya existe en peque\u00f1os proyectos inspiradores que fortalecen las comunidades locales.<\/span><\/p>\n<p><span style=\"font-weight: 400;\">Un mensaje clave del episodio es que muchas personas quieren vivir de manera m\u00e1s sostenible, pero se sienten atrapadas. <\/span>Logan explica c\u00f3mo comprender las ideas del decrecimiento<span style=\"font-weight: 400;\">nos ayuda a<\/span> reconocer soluciones reales,<span style=\"font-weight: 400;\">evitar el ecoblanqueo y elegir acciones que realmente apoyen el bienestar ecol\u00f3gico y social. <\/span>Nos recuerda que ya existen miles de alternativas cre\u00edbles;<span style=\"font-weight: 400;\"> el reto es hacerlas accesibles para m\u00e1s personas.<\/span><\/p>\n<p><span style=\"font-weight: 400;\">Esta conversaci\u00f3n forma parte del proyecto The Ecoliteracy Hub, donde la mentalidad decrecentista es una de las competencias clave dentro del \u00e1rea de Encarnar valores de sostenibilidad. Implica cuestionar la idea de que <\/span><i>\u201cm\u00e1s siempre es mejor\u201d<\/i><span style=\"font-weight: 400;\"> e imaginar futuros m\u00e1s justos, simples y equilibrados.<\/span><\/p>\n<\/div><\/section><\/p><\/div>","protected":false},"excerpt":{"rendered":"","protected":false},"author":17,"featured_media":0,"parent":188,"menu_order":0,"comment_status":"closed","ping_status":"closed","template":"","meta":{"_acf_changed":false,"footnotes":""},"class_list":["post-3868","page","type-page","status-publish","hentry"],"acf":[],"yoast_head":"<!-- This site is optimized with the Yoast SEO plugin v25.6 - https:\/\/yoast.com\/wordpress\/plugins\/seo\/ -->\n<title>Rethinking Growth Summary - The Ecoliteracy Hub<\/title>\n<meta name=\"robots\" content=\"index, follow, max-snippet:-1, max-image-preview:large, max-video-preview:-1\" \/>\n<link rel=\"canonical\" href=\"https:\/\/ecoliteracy.eu\/es\/resource-library\/podcasts\/rethinking-growth-summary\/\" \/>\n<meta property=\"og:locale\" content=\"es_ES\" \/>\n<meta property=\"og:type\" content=\"article\" \/>\n<meta property=\"og:title\" content=\"Rethinking Growth Summary - The Ecoliteracy Hub\" \/>\n<meta property=\"og:url\" content=\"https:\/\/ecoliteracy.eu\/es\/resource-library\/podcasts\/rethinking-growth-summary\/\" \/>\n<meta property=\"og:site_name\" content=\"The Ecoliteracy Hub\" \/>\n<meta property=\"article:modified_time\" content=\"2026-02-24T14:16:24+00:00\" \/>\n<meta name=\"twitter:card\" content=\"summary_large_image\" \/>\n<meta name=\"twitter:label1\" content=\"Tiempo de lectura\" \/>\n\t<meta name=\"twitter:data1\" content=\"2 minutos\" \/>\n<script type=\"application\/ld+json\" class=\"yoast-schema-graph\">{\"@context\":\"https:\/\/schema.org\",\"@graph\":[{\"@type\":\"WebPage\",\"@id\":\"https:\/\/ecoliteracy.eu\/resource-library\/podcasts\/rethinking-growth-summary\/\",\"url\":\"https:\/\/ecoliteracy.eu\/resource-library\/podcasts\/rethinking-growth-summary\/\",\"name\":\"Rethinking Growth Summary - The Ecoliteracy Hub\",\"isPartOf\":{\"@id\":\"https:\/\/ecoliteracy.eu\/#website\"},\"datePublished\":\"2025-12-17T13:09:57+00:00\",\"dateModified\":\"2026-02-24T14:16:24+00:00\",\"breadcrumb\":{\"@id\":\"https:\/\/ecoliteracy.eu\/resource-library\/podcasts\/rethinking-growth-summary\/#breadcrumb\"},\"inLanguage\":\"es\",\"potentialAction\":[{\"@type\":\"ReadAction\",\"target\":[\"https:\/\/ecoliteracy.eu\/resource-library\/podcasts\/rethinking-growth-summary\/\"]}]},{\"@type\":\"BreadcrumbList\",\"@id\":\"https:\/\/ecoliteracy.eu\/resource-library\/podcasts\/rethinking-growth-summary\/#breadcrumb\",\"itemListElement\":[{\"@type\":\"ListItem\",\"position\":1,\"name\":\"Home\",\"item\":\"https:\/\/ecoliteracy.eu\/\"},{\"@type\":\"ListItem\",\"position\":2,\"name\":\"Resources\",\"item\":\"https:\/\/ecoliteracy.eu\/resource-library\/\"},{\"@type\":\"ListItem\",\"position\":3,\"name\":\"Podcasts\",\"item\":\"https:\/\/ecoliteracy.eu\/resource-library\/podcasts\/\"},{\"@type\":\"ListItem\",\"position\":4,\"name\":\"Rethinking Growth Summary\"}]},{\"@type\":\"WebSite\",\"@id\":\"https:\/\/ecoliteracy.eu\/#website\",\"url\":\"https:\/\/ecoliteracy.eu\/\",\"name\":\"The Ecoliteracy Hub\",\"description\":\"Empowering Educators for a Sustainable Future\",\"potentialAction\":[{\"@type\":\"SearchAction\",\"target\":{\"@type\":\"EntryPoint\",\"urlTemplate\":\"https:\/\/ecoliteracy.eu\/?s={search_term_string}\"},\"query-input\":{\"@type\":\"PropertyValueSpecification\",\"valueRequired\":true,\"valueName\":\"search_term_string\"}}],\"inLanguage\":\"es\"}]}<\/script>\n<!-- \/ Yoast SEO plugin. -->","yoast_head_json":{"title":"Rethinking Growth Summary - The Ecoliteracy Hub","robots":{"index":"index","follow":"follow","max-snippet":"max-snippet:-1","max-image-preview":"max-image-preview:large","max-video-preview":"max-video-preview:-1"},"canonical":"https:\/\/ecoliteracy.eu\/es\/resource-library\/podcasts\/rethinking-growth-summary\/","og_locale":"es_ES","og_type":"article","og_title":"Rethinking Growth Summary - The Ecoliteracy Hub","og_url":"https:\/\/ecoliteracy.eu\/es\/resource-library\/podcasts\/rethinking-growth-summary\/","og_site_name":"The Ecoliteracy Hub","article_modified_time":"2026-02-24T14:16:24+00:00","twitter_card":"summary_large_image","twitter_misc":{"Tiempo de lectura":"2 minutos"},"schema":{"@context":"https:\/\/schema.org","@graph":[{"@type":"WebPage","@id":"https:\/\/ecoliteracy.eu\/resource-library\/podcasts\/rethinking-growth-summary\/","url":"https:\/\/ecoliteracy.eu\/resource-library\/podcasts\/rethinking-growth-summary\/","name":"Rethinking Growth Summary - The Ecoliteracy Hub","isPartOf":{"@id":"https:\/\/ecoliteracy.eu\/#website"},"datePublished":"2025-12-17T13:09:57+00:00","dateModified":"2026-02-24T14:16:24+00:00","breadcrumb":{"@id":"https:\/\/ecoliteracy.eu\/resource-library\/podcasts\/rethinking-growth-summary\/#breadcrumb"},"inLanguage":"es","potentialAction":[{"@type":"ReadAction","target":["https:\/\/ecoliteracy.eu\/resource-library\/podcasts\/rethinking-growth-summary\/"]}]},{"@type":"BreadcrumbList","@id":"https:\/\/ecoliteracy.eu\/resource-library\/podcasts\/rethinking-growth-summary\/#breadcrumb","itemListElement":[{"@type":"ListItem","position":1,"name":"Home","item":"https:\/\/ecoliteracy.eu\/"},{"@type":"ListItem","position":2,"name":"Resources","item":"https:\/\/ecoliteracy.eu\/resource-library\/"},{"@type":"ListItem","position":3,"name":"Podcasts","item":"https:\/\/ecoliteracy.eu\/resource-library\/podcasts\/"},{"@type":"ListItem","position":4,"name":"Rethinking Growth Summary"}]},{"@type":"WebSite","@id":"https:\/\/ecoliteracy.eu\/#website","url":"https:\/\/ecoliteracy.eu\/","name":"The Ecoliteracy Hub","description":"Capacitando educadores para un futuro sostenible","potentialAction":[{"@type":"SearchAction","target":{"@type":"EntryPoint","urlTemplate":"https:\/\/ecoliteracy.eu\/?s={search_term_string}"},"query-input":{"@type":"PropertyValueSpecification","valueRequired":true,"valueName":"search_term_string"}}],"inLanguage":"es"}]}},"_hostinger_reach_plugin_has_subscription_block":false,"_hostinger_reach_plugin_is_elementor":false,"_links":{"self":[{"href":"https:\/\/ecoliteracy.eu\/es\/wp-json\/wp\/v2\/pages\/3868","targetHints":{"allow":["GET"]}}],"collection":[{"href":"https:\/\/ecoliteracy.eu\/es\/wp-json\/wp\/v2\/pages"}],"about":[{"href":"https:\/\/ecoliteracy.eu\/es\/wp-json\/wp\/v2\/types\/page"}],"author":[{"embeddable":true,"href":"https:\/\/ecoliteracy.eu\/es\/wp-json\/wp\/v2\/users\/17"}],"replies":[{"embeddable":true,"href":"https:\/\/ecoliteracy.eu\/es\/wp-json\/wp\/v2\/comments?post=3868"}],"version-history":[{"count":4,"href":"https:\/\/ecoliteracy.eu\/es\/wp-json\/wp\/v2\/pages\/3868\/revisions"}],"predecessor-version":[{"id":4031,"href":"https:\/\/ecoliteracy.eu\/es\/wp-json\/wp\/v2\/pages\/3868\/revisions\/4031"}],"up":[{"embeddable":true,"href":"https:\/\/ecoliteracy.eu\/es\/wp-json\/wp\/v2\/pages\/188"}],"wp:attachment":[{"href":"https:\/\/ecoliteracy.eu\/es\/wp-json\/wp\/v2\/media?parent=3868"}],"curies":[{"name":"wp","href":"https:\/\/api.w.org\/{rel}","templated":true}]}}