{"id":3859,"date":"2025-12-17T10:52:10","date_gmt":"2025-12-17T10:52:10","guid":{"rendered":"https:\/\/ecoliteracy.eu\/?page_id=3859"},"modified":"2026-02-24T14:15:15","modified_gmt":"2026-02-24T14:15:15","slug":"holistic-awareness-summary","status":"publish","type":"page","link":"https:\/\/ecoliteracy.eu\/es\/resource-library\/podcasts\/holistic-awareness-summary\/","title":{"rendered":"Holistic Awareness SUMMARY"},"content":{"rendered":"<div id='av_section_1'  class='avia-section av-9ivm8c-c343d3d3ecf3e27a1b4df201f74c3d59 main_color avia-section-default avia-no-border-styling  avia-builder-el-0  el_before_av_one_full  avia-builder-el-first  avia-bg-style-scroll container_wrap fullsize'  ><div class='container av-section-cont-open' ><main  role=\"main\" itemprop=\"mainContentOfPage\"  class='template-page content  av-content-full alpha units'><div class='post-entry post-entry-type-page post-entry-3859'><div class='entry-content-wrapper clearfix'>\n\n<style type=\"text\/css\" data-created_by=\"avia_inline_auto\" id=\"style-css-av-6vkz58-7f8f0f165224c05434384c1a11cadc7a\">\n.flex_column.av-6vkz58-7f8f0f165224c05434384c1a11cadc7a{\nborder-width:1px;\nborder-color:#ebebeb;\nborder-style:solid;\nborder-radius:25px 0px 25px 0px;\nbackground-color:#ebebeb;\n}\n<\/style>\n<div  class='flex_column av-6vkz58-7f8f0f165224c05434384c1a11cadc7a av_two_third  avia-builder-el-1  avia-builder-el-no-sibling  first no_margin flex_column_div'     ><style type=\"text\/css\" data-created_by=\"avia_inline_auto\" id=\"style-css-av-mj1xgfy9-80782d8d704858c07f2ad312c61c87fe\">\n#top .av-special-heading.av-mj1xgfy9-80782d8d704858c07f2ad312c61c87fe{\npadding-bottom:0;\n}\nbody .av-special-heading.av-mj1xgfy9-80782d8d704858c07f2ad312c61c87fe .av-special-heading-tag .heading-char{\nfont-size:25px;\n}\n.av-special-heading.av-mj1xgfy9-80782d8d704858c07f2ad312c61c87fe .av-subheading{\nfont-size:15px;\n}\n<\/style>\n<div  class='av-special-heading av-mj1xgfy9-80782d8d704858c07f2ad312c61c87fe av-special-heading-h4 custom-color-heading blockquote modern-quote  avia-builder-el-2  avia-builder-el-no-sibling  ngo-header'><h4 class='av-special-heading-tag'  itemprop=\"headline\"  >Conciencia hol\u00edstica \u2013 Reconectando significado, intuici\u00f3n y acci\u00f3n<\/h4><div class=\"special-heading-border\"><div class=\"special-heading-inner-border\"><\/div><\/div><\/div><\/div>\n<\/div><\/div><\/main><!-- close content main element --><\/div><\/div><div id='after_section_1'  class='main_color av_default_container_wrap container_wrap fullsize'  ><div class='container av-section-cont-open' ><div class='template-page content  av-content-full alpha units'><div class='post-entry post-entry-type-page post-entry-3859'><div class='entry-content-wrapper clearfix'>\n<div  class='flex_column av-32lzpo-532a35db37033458be2e8d92a9349361 av_one_full  avia-builder-el-3  el_after_av_section  avia-builder-el-no-sibling  first flex_column_div'     ><p>\n<style type=\"text\/css\" data-created_by=\"avia_inline_auto\" id=\"style-css-av-mj1y3fm9-ef85e168b23f4ba8f3b65ae3a944671a\">\n#top .av-special-heading.av-mj1y3fm9-ef85e168b23f4ba8f3b65ae3a944671a{\npadding-bottom:10px;\n}\nbody .av-special-heading.av-mj1y3fm9-ef85e168b23f4ba8f3b65ae3a944671a .av-special-heading-tag .heading-char{\nfont-size:25px;\n}\n.av-special-heading.av-mj1y3fm9-ef85e168b23f4ba8f3b65ae3a944671a .av-subheading{\nfont-size:15px;\n}\n<\/style>\n<div  class='av-special-heading av-mj1y3fm9-ef85e168b23f4ba8f3b65ae3a944671a av-special-heading-h5 blockquote classic-quote classic-quote-left  avia-builder-el-4  el_before_av_textblock  avia-builder-el-first'><h5 class='av-special-heading-tag'  itemprop=\"headline\"  >\u00bfC\u00f3mo nos invita la ciencia hol\u00edstica a experimentarnos como parte de un mundo vivo?<\/h5><div class=\"special-heading-border\"><div class=\"special-heading-inner-border\"><\/div><\/div><\/div><br \/>\n<section  class='av_textblock_section av-mj1xi580-41c00822e5638027733ce8f3bb0dd625'   itemscope=\"itemscope\" itemtype=\"https:\/\/schema.org\/CreativeWork\" ><div class='avia_textblock'  itemprop=\"text\" ><p><i><span style=\"font-weight: 400;\">La conciencia hol\u00edstica puede ser dif\u00edcil de definir, pero resulta profundamente familiar una vez que se experimenta. En este episodio de Green Minds, la presentadora Esther Vallado conversa con Sebastian Burch, educador y profesional de las ciencias hol\u00edsticas, sobre esta eco-competencia a menudo pasada por alto y por qu\u00e9 merece un lugar propio dentro de un marco de competencias para la sostenibilidad. La conversaci\u00f3n explora c\u00f3mo la conciencia hol\u00edstica entrelaza intuici\u00f3n, emoci\u00f3n, raz\u00f3n y experiencia encarnada, ayud\u00e1ndonos a comprender el mundo no como observadores distantes, sino como participantes dentro de \u00e9l.<\/span><\/i><\/p>\n<\/div><\/section><br \/>\n<section  class='av_textblock_section av-35wios-c841a59c88abf5b97922ab447f926d10'   itemscope=\"itemscope\" itemtype=\"https:\/\/schema.org\/CreativeWork\" ><div class='avia_textblock'  itemprop=\"text\" ><p><span style=\"font-weight: 400;\">Sebastian describe la conciencia hol\u00edstica <\/span>como el punto de encuentro entre el mundo interior y el mundo exterior.<span style=\"font-weight: 400;\"> No se trata solo de comprender sistemas o analizar problemas, sino de cultivar una forma de conciencia que perciba significado, relaciones e historias. A partir de sus estudios en Schumacher College, reflexiona sobre c\u00f3mo la ciencia convencional, aunque poderosa, a menudo alcanza sus l\u00edmites cuando trata la vida como algo mec\u00e1nico o inerte. La conciencia hol\u00edstica, en cambio, nos reconecta con una comprensi\u00f3n \u201canimada\u201d del mundo, <\/span>basada en la sabidur\u00eda y<span style=\"font-weight: 400;\"> no \u00fanicamente en los datos.<\/span><\/p>\n<\/div><\/section><br \/>\n<section  class='av_textblock_section av-mj1xicv0-7cf83785be297b5b3a7e65e58180b660'   itemscope=\"itemscope\" itemtype=\"https:\/\/schema.org\/CreativeWork\" ><div class='avia_textblock'  itemprop=\"text\" ><p><span style=\"font-weight: 400;\">Una <\/span>poderosa historia personal ilustra<span style=\"font-weight: 400;\"> esta competencia en acci\u00f3n. Sebastian comparte una experiencia de su vida como pastor, acompa\u00f1ando a una cabra querida en sus \u00faltimos momentos. Guiado por la intuici\u00f3n m\u00e1s que por la teor\u00eda, actu\u00f3 de una manera que aport\u00f3 paz, conexi\u00f3n y sentido a la situaci\u00f3n. Para \u00e9l, este momento revel\u00f3 lo que realmente es la conciencia hol\u00edstica: <\/span>una forma de conocimiento encarnada y relacional que no puede medirse, <span style=\"font-weight: 400;\">pero que es inconfundiblemente real.<\/span><\/p>\n<\/div><\/section><br \/>\n<section  class='av_textblock_section av-mj1xj2mr-a6612aa40f5705038c4d2edeeb7a230a'   itemscope=\"itemscope\" itemtype=\"https:\/\/schema.org\/CreativeWork\" ><div class='avia_textblock'  itemprop=\"text\" ><p><span style=\"font-weight: 400;\">El episodio tambi\u00e9n explora c\u00f3mo la conciencia hol\u00edstica se relaciona<\/span> con otras competencias<span style=\"font-weight: 400;\"> para la sostenibilidad. Sebastian sostiene que habilidades como el pensamiento sist\u00e9mico, la contextualizaci\u00f3n de problemas y la capacidad de proyecciones de futuro suelen surgir de la conciencia hol\u00edstica, pero no la capturan plenamente.  Mientras que estas herramientas se apoyan principalmente en procesos racionales, la conciencia hol\u00edstica integra el compromiso emocional, los valores, la imaginaci\u00f3n y el juicio. Nos permite percibir \u201ctotalidades\u201d anidadas \u2014desde las c\u00e9lulas hasta los ecosistemas y el planeta\u2014 y comprendernos a nosotros mismos dentro de estas jerarqu\u00edas vivas.<\/span><\/p>\n<\/div><\/section><br \/>\n<section  class='av_textblock_section av-mj1xj91v-0198ba5f6787ded954dc2462f8f56ab7'   itemscope=\"itemscope\" itemtype=\"https:\/\/schema.org\/CreativeWork\" ><div class='avia_textblock'  itemprop=\"text\" ><p><span style=\"font-weight: 400;\">Al reflexionar sobre sus roles como educador, traductor, cuidador de la tierra, voluntario y padre, Sebastian explica c\u00f3mo la conciencia hol\u00edstica le ayud\u00f3 a liberarse de la presi\u00f3n de unificar su vida en una \u00fanica narrativa. En su lugar, aprendi\u00f3 a honrar m\u00faltiples identidades y relatos paralelos, cada uno significativo a su manera. Esta aceptaci\u00f3n, sugiere, <\/span>es en s\u00ed misma una forma de autoconciencia hol\u00edstica<span style=\"font-weight: 400;\">.<\/span><\/p>\n<p><span style=\"font-weight: 400;\">Desde una perspectiva educativa, <\/span>la conversaci\u00f3n subraya la importancia de involucrar cabeza, manos y coraz\u00f3n.<span style=\"font-weight: 400;\">Ya sea a trav\u00e9s del trabajo comunitario, actividades en el aula o momentos informales de juego y conexi\u00f3n, el aprendizaje hol\u00edstico emerge cuando pensar, sentir y hacer se integran. Medir esta competencia, sin embargo, sigue siendo un reto. En lugar de resultados o indicadores, Sebastian propone buscar se\u00f1ales de \u201cagencia espont\u00e1nea\u201d: <\/span>personas que act\u00faan de manera aut\u00e9ntica,<span style=\"font-weight: 400;\">creativa y responsable dentro de sus comunidades y territorios.<\/span><\/p>\n<\/div><\/section><br \/>\n<section  class='av_textblock_section av-mj1xk7y3-e9170c2420bf062ade97a001b4a6336d'   itemscope=\"itemscope\" itemtype=\"https:\/\/schema.org\/CreativeWork\" ><div class='avia_textblock'  itemprop=\"text\" ><p><span style=\"font-weight: 400;\">El episodio se cierra con una reflexi\u00f3n esperanzadora sobre la ecoalfabetizaci\u00f3n como respuesta a las crisis ecol\u00f3gicas y sociales actuales. Cultivar la conciencia hol\u00edstica, argumenta Sebastian, nos ayuda a ir m\u00e1s all\u00e1 de la desconexi\u00f3n, las narrativas superficiales y la observaci\u00f3n pasiva. Nos invita a volver a habitar la Tierra como nuestro hogar compartido<\/span> \u2014tanto un planeta f\u00edsico como una historia viva<span style=\"font-weight: 400;\"> \u2014 y a actuar con cuidado, sabidur\u00eda y responsabilidad hacia las generaciones futuras.<\/span><\/p>\n<p>En este podcast podr\u00e1s escuchar:<\/p>\n<ol>\n<li style=\"font-weight: 400;\" aria-level=\"1\">Qu\u00e9 significa la conciencia hol\u00edstica y por qu\u00e9 va<span style=\"font-weight: 400;\">m\u00e1s all\u00e1 del conocimiento y la comprensi\u00f3n racional.<\/span><\/li>\n<li style=\"font-weight: 400;\" aria-level=\"1\"><span style=\"font-weight: 400;\">C\u00f3mo la intuici\u00f3n, la emoci\u00f3n y la experiencia<\/span> <span style=\"font-weight: 400;\">encarnada contribuyen al <\/span>aprendizaje para la sostenibilidad.<b> <\/b><\/li>\n<li style=\"font-weight: 400;\" aria-level=\"1\">Por qu\u00e9 la conciencia hol\u00edstica es distinta \u2014aunque fundamental\u2014<span style=\"font-weight: 400;\"> de competencias como el pensamiento sist\u00e9mico y la capacidad de proyecciones de futuro.<\/span><\/li>\n<li style=\"font-weight: 400;\" aria-level=\"1\">C\u00f3mo los educadores <span style=\"font-weight: 400;\">podemos involucrar<\/span> <span style=\"font-weight: 400;\">cabeza, manos y coraz\u00f3n <\/span>para fomentar esta <span style=\"font-weight: 400;\">competencia en los alumnos.<\/span><\/li>\n<li style=\"font-weight: 400;\" aria-level=\"1\">Por qu\u00e9 medir la conciencia hol\u00edstica es complejo y c\u00f3mo la autenticidad, la narraci\u00f3n de historias y la agencia espont\u00e1nea ofrecen pistas significativas.<\/li>\n<\/ol>\n<p><span style=\"font-weight: 400;\">\u00a0<\/span><\/p>\n<\/div><\/section><br \/>\n<section  class='av_textblock_section av-mj1xkl91-153fff7ea89c3de840c0a024f3dfbea4'   itemscope=\"itemscope\" itemtype=\"https:\/\/schema.org\/CreativeWork\" ><div class='avia_textblock'  itemprop=\"text\" ><p><i><span style=\"font-weight: 400;\">Cerramos con un recordatorio: la conciencia hol\u00edstica no consiste en hacerlo todo ni en ser un \u201csuperh\u00e9roe\u201d, sino en vivir historias con sentido en conexi\u00f3n con las personas, el lugar y el planeta.<\/span><\/i><\/p>\n<p><i><span style=\"font-weight: 400;\">\u00a1Permanece atento\/a y descubre nuestros otros p\u00f3dcasts sobre eco-competencias!<\/span><\/i><\/p>\n<p><span style=\"font-weight: 400;\">\u00a0<\/span><\/p>\n<\/div><\/section><\/p><\/div>","protected":false},"excerpt":{"rendered":"","protected":false},"author":17,"featured_media":0,"parent":188,"menu_order":0,"comment_status":"closed","ping_status":"closed","template":"","meta":{"_acf_changed":false,"footnotes":""},"class_list":["post-3859","page","type-page","status-publish","hentry"],"acf":[],"yoast_head":"<!-- This site is optimized with the Yoast SEO plugin v25.6 - https:\/\/yoast.com\/wordpress\/plugins\/seo\/ -->\n<title>Holistic Awareness SUMMARY - The Ecoliteracy Hub<\/title>\n<meta name=\"robots\" content=\"index, follow, max-snippet:-1, max-image-preview:large, max-video-preview:-1\" \/>\n<link rel=\"canonical\" href=\"https:\/\/ecoliteracy.eu\/es\/resource-library\/podcasts\/holistic-awareness-summary\/\" \/>\n<meta property=\"og:locale\" content=\"es_ES\" \/>\n<meta property=\"og:type\" content=\"article\" \/>\n<meta property=\"og:title\" content=\"Holistic Awareness SUMMARY - The Ecoliteracy Hub\" \/>\n<meta property=\"og:url\" content=\"https:\/\/ecoliteracy.eu\/es\/resource-library\/podcasts\/holistic-awareness-summary\/\" \/>\n<meta property=\"og:site_name\" content=\"The Ecoliteracy Hub\" \/>\n<meta property=\"article:modified_time\" content=\"2026-02-24T14:15:15+00:00\" \/>\n<meta name=\"twitter:card\" content=\"summary_large_image\" \/>\n<meta name=\"twitter:label1\" content=\"Tiempo de lectura\" \/>\n\t<meta name=\"twitter:data1\" content=\"3 minutos\" \/>\n<script type=\"application\/ld+json\" class=\"yoast-schema-graph\">{\"@context\":\"https:\/\/schema.org\",\"@graph\":[{\"@type\":\"WebPage\",\"@id\":\"https:\/\/ecoliteracy.eu\/resource-library\/podcasts\/holistic-awareness-summary\/\",\"url\":\"https:\/\/ecoliteracy.eu\/resource-library\/podcasts\/holistic-awareness-summary\/\",\"name\":\"Holistic Awareness SUMMARY - The Ecoliteracy Hub\",\"isPartOf\":{\"@id\":\"https:\/\/ecoliteracy.eu\/#website\"},\"datePublished\":\"2025-12-17T10:52:10+00:00\",\"dateModified\":\"2026-02-24T14:15:15+00:00\",\"breadcrumb\":{\"@id\":\"https:\/\/ecoliteracy.eu\/resource-library\/podcasts\/holistic-awareness-summary\/#breadcrumb\"},\"inLanguage\":\"es\",\"potentialAction\":[{\"@type\":\"ReadAction\",\"target\":[\"https:\/\/ecoliteracy.eu\/resource-library\/podcasts\/holistic-awareness-summary\/\"]}]},{\"@type\":\"BreadcrumbList\",\"@id\":\"https:\/\/ecoliteracy.eu\/resource-library\/podcasts\/holistic-awareness-summary\/#breadcrumb\",\"itemListElement\":[{\"@type\":\"ListItem\",\"position\":1,\"name\":\"Home\",\"item\":\"https:\/\/ecoliteracy.eu\/\"},{\"@type\":\"ListItem\",\"position\":2,\"name\":\"Resources\",\"item\":\"https:\/\/ecoliteracy.eu\/resource-library\/\"},{\"@type\":\"ListItem\",\"position\":3,\"name\":\"Podcasts\",\"item\":\"https:\/\/ecoliteracy.eu\/resource-library\/podcasts\/\"},{\"@type\":\"ListItem\",\"position\":4,\"name\":\"Holistic Awareness SUMMARY\"}]},{\"@type\":\"WebSite\",\"@id\":\"https:\/\/ecoliteracy.eu\/#website\",\"url\":\"https:\/\/ecoliteracy.eu\/\",\"name\":\"The Ecoliteracy Hub\",\"description\":\"Empowering Educators for a Sustainable Future\",\"potentialAction\":[{\"@type\":\"SearchAction\",\"target\":{\"@type\":\"EntryPoint\",\"urlTemplate\":\"https:\/\/ecoliteracy.eu\/?s={search_term_string}\"},\"query-input\":{\"@type\":\"PropertyValueSpecification\",\"valueRequired\":true,\"valueName\":\"search_term_string\"}}],\"inLanguage\":\"es\"}]}<\/script>\n<!-- \/ Yoast SEO plugin. -->","yoast_head_json":{"title":"Holistic Awareness SUMMARY - The Ecoliteracy Hub","robots":{"index":"index","follow":"follow","max-snippet":"max-snippet:-1","max-image-preview":"max-image-preview:large","max-video-preview":"max-video-preview:-1"},"canonical":"https:\/\/ecoliteracy.eu\/es\/resource-library\/podcasts\/holistic-awareness-summary\/","og_locale":"es_ES","og_type":"article","og_title":"Holistic Awareness SUMMARY - The Ecoliteracy Hub","og_url":"https:\/\/ecoliteracy.eu\/es\/resource-library\/podcasts\/holistic-awareness-summary\/","og_site_name":"The Ecoliteracy Hub","article_modified_time":"2026-02-24T14:15:15+00:00","twitter_card":"summary_large_image","twitter_misc":{"Tiempo de lectura":"3 minutos"},"schema":{"@context":"https:\/\/schema.org","@graph":[{"@type":"WebPage","@id":"https:\/\/ecoliteracy.eu\/resource-library\/podcasts\/holistic-awareness-summary\/","url":"https:\/\/ecoliteracy.eu\/resource-library\/podcasts\/holistic-awareness-summary\/","name":"Holistic Awareness SUMMARY - The Ecoliteracy Hub","isPartOf":{"@id":"https:\/\/ecoliteracy.eu\/#website"},"datePublished":"2025-12-17T10:52:10+00:00","dateModified":"2026-02-24T14:15:15+00:00","breadcrumb":{"@id":"https:\/\/ecoliteracy.eu\/resource-library\/podcasts\/holistic-awareness-summary\/#breadcrumb"},"inLanguage":"es","potentialAction":[{"@type":"ReadAction","target":["https:\/\/ecoliteracy.eu\/resource-library\/podcasts\/holistic-awareness-summary\/"]}]},{"@type":"BreadcrumbList","@id":"https:\/\/ecoliteracy.eu\/resource-library\/podcasts\/holistic-awareness-summary\/#breadcrumb","itemListElement":[{"@type":"ListItem","position":1,"name":"Home","item":"https:\/\/ecoliteracy.eu\/"},{"@type":"ListItem","position":2,"name":"Resources","item":"https:\/\/ecoliteracy.eu\/resource-library\/"},{"@type":"ListItem","position":3,"name":"Podcasts","item":"https:\/\/ecoliteracy.eu\/resource-library\/podcasts\/"},{"@type":"ListItem","position":4,"name":"Holistic Awareness SUMMARY"}]},{"@type":"WebSite","@id":"https:\/\/ecoliteracy.eu\/#website","url":"https:\/\/ecoliteracy.eu\/","name":"The Ecoliteracy Hub","description":"Capacitando educadores para un futuro sostenible","potentialAction":[{"@type":"SearchAction","target":{"@type":"EntryPoint","urlTemplate":"https:\/\/ecoliteracy.eu\/?s={search_term_string}"},"query-input":{"@type":"PropertyValueSpecification","valueRequired":true,"valueName":"search_term_string"}}],"inLanguage":"es"}]}},"_hostinger_reach_plugin_has_subscription_block":false,"_hostinger_reach_plugin_is_elementor":false,"_links":{"self":[{"href":"https:\/\/ecoliteracy.eu\/es\/wp-json\/wp\/v2\/pages\/3859","targetHints":{"allow":["GET"]}}],"collection":[{"href":"https:\/\/ecoliteracy.eu\/es\/wp-json\/wp\/v2\/pages"}],"about":[{"href":"https:\/\/ecoliteracy.eu\/es\/wp-json\/wp\/v2\/types\/page"}],"author":[{"embeddable":true,"href":"https:\/\/ecoliteracy.eu\/es\/wp-json\/wp\/v2\/users\/17"}],"replies":[{"embeddable":true,"href":"https:\/\/ecoliteracy.eu\/es\/wp-json\/wp\/v2\/comments?post=3859"}],"version-history":[{"count":2,"href":"https:\/\/ecoliteracy.eu\/es\/wp-json\/wp\/v2\/pages\/3859\/revisions"}],"predecessor-version":[{"id":4028,"href":"https:\/\/ecoliteracy.eu\/es\/wp-json\/wp\/v2\/pages\/3859\/revisions\/4028"}],"up":[{"embeddable":true,"href":"https:\/\/ecoliteracy.eu\/es\/wp-json\/wp\/v2\/pages\/188"}],"wp:attachment":[{"href":"https:\/\/ecoliteracy.eu\/es\/wp-json\/wp\/v2\/media?parent=3859"}],"curies":[{"name":"wp","href":"https:\/\/api.w.org\/{rel}","templated":true}]}}