{"id":3820,"date":"2025-12-17T13:09:15","date_gmt":"2025-12-17T13:09:15","guid":{"rendered":"https:\/\/ecoliteracy.eu\/?page_id=3820"},"modified":"2026-02-24T14:15:45","modified_gmt":"2026-02-24T14:15:45","slug":"exploratory-thinking-podcast-summary","status":"publish","type":"page","link":"https:\/\/ecoliteracy.eu\/es\/resource-library\/podcasts\/exploratory-thinking-podcast-summary\/","title":{"rendered":"Exploratory Thinking Podcast Summary"},"content":{"rendered":"<div id='av_section_1'  class='avia-section av-9ivm8c-c343d3d3ecf3e27a1b4df201f74c3d59 main_color avia-section-default avia-no-border-styling  avia-builder-el-0  el_before_av_one_full  avia-builder-el-first  avia-bg-style-scroll container_wrap fullsize'  ><div class='container av-section-cont-open' ><main  role=\"main\" itemprop=\"mainContentOfPage\"  class='template-page content  av-content-full alpha units'><div class='post-entry post-entry-type-page post-entry-3820'><div class='entry-content-wrapper clearfix'>\n\n<style type=\"text\/css\" data-created_by=\"avia_inline_auto\" id=\"style-css-av-6vkz58-7f8f0f165224c05434384c1a11cadc7a\">\n.flex_column.av-6vkz58-7f8f0f165224c05434384c1a11cadc7a{\nborder-width:1px;\nborder-color:#ebebeb;\nborder-style:solid;\nborder-radius:25px 0px 25px 0px;\nbackground-color:#ebebeb;\n}\n<\/style>\n<div  class='flex_column av-6vkz58-7f8f0f165224c05434384c1a11cadc7a av_two_third  avia-builder-el-1  avia-builder-el-no-sibling  first no_margin flex_column_div'     ><style type=\"text\/css\" data-created_by=\"avia_inline_auto\" id=\"style-css-av-mj1xgfy9-63886ab15de1b35d0b9f288a2f5291b1\">\n#top .av-special-heading.av-mj1xgfy9-63886ab15de1b35d0b9f288a2f5291b1{\npadding-bottom:0;\n}\nbody .av-special-heading.av-mj1xgfy9-63886ab15de1b35d0b9f288a2f5291b1 .av-special-heading-tag .heading-char{\nfont-size:25px;\n}\n.av-special-heading.av-mj1xgfy9-63886ab15de1b35d0b9f288a2f5291b1 .av-subheading{\nfont-size:15px;\n}\n<\/style>\n<div  class='av-special-heading av-mj1xgfy9-63886ab15de1b35d0b9f288a2f5291b1 av-special-heading-h4 custom-color-heading blockquote modern-quote  avia-builder-el-2  avia-builder-el-no-sibling  ngo-header'><h4 class='av-special-heading-tag'  itemprop=\"headline\"  >Pensamiento exploratorio \u2013 Reavivar nuestra curiosidad innata<\/h4><div class=\"special-heading-border\"><div class=\"special-heading-inner-border\"><\/div><\/div><\/div><\/div>\n<\/div><\/div><\/main><!-- close content main element --><\/div><\/div><div id='after_section_1'  class='main_color av_default_container_wrap container_wrap fullsize'  ><div class='container av-section-cont-open' ><div class='template-page content  av-content-full alpha units'><div class='post-entry post-entry-type-page post-entry-3820'><div class='entry-content-wrapper clearfix'>\n<div  class='flex_column av-32lzpo-532a35db37033458be2e8d92a9349361 av_one_full  avia-builder-el-3  el_after_av_section  avia-builder-el-no-sibling  first flex_column_div'     ><p>\n<style type=\"text\/css\" data-created_by=\"avia_inline_auto\" id=\"style-css-av-mj1y3fm9-38592c85da218d7e9d038aef7d9d32e6\">\n#top .av-special-heading.av-mj1y3fm9-38592c85da218d7e9d038aef7d9d32e6{\npadding-bottom:10px;\n}\nbody .av-special-heading.av-mj1y3fm9-38592c85da218d7e9d038aef7d9d32e6 .av-special-heading-tag .heading-char{\nfont-size:25px;\n}\n.av-special-heading.av-mj1y3fm9-38592c85da218d7e9d038aef7d9d32e6 .av-subheading{\nfont-size:15px;\n}\n<\/style>\n<div  class='av-special-heading av-mj1y3fm9-38592c85da218d7e9d038aef7d9d32e6 av-special-heading-h5 blockquote classic-quote classic-quote-left  avia-builder-el-4  el_before_av_textblock  avia-builder-el-first'><h5 class='av-special-heading-tag'  itemprop=\"headline\"  >C\u00f3mo una investigadora de ciencia ciudadana inspira apertura, imaginaci\u00f3n y aprendizaje adaptativo<\/h5><div class=\"special-heading-border\"><div class=\"special-heading-inner-border\"><\/div><\/div><\/div><br \/>\n<section  class='av_textblock_section av-mj1xi580-41c00822e5638027733ce8f3bb0dd625'   itemscope=\"itemscope\" itemtype=\"https:\/\/schema.org\/CreativeWork\" ><div class='avia_textblock'  itemprop=\"text\" ><p><i><span style=\"font-weight: 400;\">El pensamiento exploratorio puede parecer complejo, pero la bi\u00f3loga evolutiva y experta en ciencia ciudadana Zs\u00f3ka V\u00e1s\u00e1rhelyi sostiene que es una capacidad con la que todos nacemos. En esta entrevista, comparte c\u00f3mo la curiosidad puede empoderar a las personas para comprender el cambio ecol\u00f3gico, implicarse en la ciencia e imaginar futuros mejores, incluso cuando todo comienza con una simple foto de un mosquito.<\/span><\/i><\/p>\n<\/div><\/section><br \/>\n<section  class='av_textblock_section av-35wios-c841a59c88abf5b97922ab447f926d10'   itemscope=\"itemscope\" itemtype=\"https:\/\/schema.org\/CreativeWork\" ><div class='avia_textblock'  itemprop=\"text\" ><p><span style=\"font-weight: 400;\">Cuando hablamos <\/span><i><span style=\"font-weight: 400;\">pensamiento exploratorio.<\/span><\/i><span style=\"font-weight: 400;\">muchas personas imaginan un t\u00e9rmino acad\u00e9mico complejo. <\/span>Sin embargo,<span style=\"font-weight: 400;\"> como nos recuerda la bi\u00f3loga evolutiva y educadora Zs\u00f3ka V\u00e1s\u00e1rhelyi, esta eco-competencia es algo con <\/span><i><span style=\"font-weight: 400;\">ese momento propio de la infancia en el que preguntamos \u201c\u00bfpor qu\u00e9?\u201d<\/span><\/i><span style=\"font-weight: 400;\">\u00abEs ese estado infantil de preguntar por qu\u00e9\u00bb, afirma: la curiosidad natural que nos impulsa a cuestionar el mundo cotidiano, ya sea el color del cielo o las normas que se espera que sigamos. Para Zs\u00f3ka, el pensamiento exploratorio es tanto f\u00edsico como cognitivo: exploramos nuestro entorno con los sentidos y, a partir de lo que observamos, construimos significado.<\/span><\/p>\n<\/div><\/section><br \/>\n<section  class='av_textblock_section av-mj1xicv0-7cf83785be297b5b3a7e65e58180b660'   itemscope=\"itemscope\" itemtype=\"https:\/\/schema.org\/CreativeWork\" ><div class='avia_textblock'  itemprop=\"text\" ><p><span style=\"font-weight: 400;\">En la infancia, esta apertura suele ser especialmente fuerte. Zs\u00f3ka recuerda que era el tipo de estudiante que siempre buscaba alternativas y cuestionaba las instrucciones cuando no ten\u00edan sentido. Este enfoque, a\u00f1ade, no es una interrupci\u00f3n, sino una se\u00f1al temprana de la capacidad de imaginar posibilidades, una habilidad que se sit\u00faa en el n\u00facleo del \u00e1rea de competencia <\/span><i><span style=\"font-weight: 400;\">\u00abPrever futuros sostenibles\u00bb<\/span><\/i><span style=\"font-weight: 400;\"> de The Ecoliteracy Hub. El pensamiento exploratorio nos ayuda a considerar distintos caminos, a mantenernos abiertos en tiempos de incertidumbre y a orientarnos en un mundo que cambia m\u00e1s r\u00e1pido que nunca.<\/span><\/p>\n<\/div><\/section><br \/>\n<section  class='av_textblock_section av-mj1xj2mr-a6612aa40f5705038c4d2edeeb7a230a'   itemscope=\"itemscope\" itemtype=\"https:\/\/schema.org\/CreativeWork\" ><div class='avia_textblock'  itemprop=\"text\" ><p><span style=\"font-weight: 400;\">Su trabajo profesional ofrece un ejemplo fascinante de esta competencia en la pr\u00e1ctica. Zs\u00f3ka colabora con <\/span>Monitor de Mosquitos,<span style=\"font-weight: 400;\">un proyecto h\u00fangaro de ciencia ciudadana que estudia especies de mosquitos invasores. Aunque el objetivo cient\u00edfico es cartografiar su distribuci\u00f3n y analizar los riesgos ecol\u00f3gicos, el proyecto cumple tambi\u00e9n otra funci\u00f3n m\u00e1s sutil: despertar la curiosidad de las personas. La mayor\u00eda de los voluntarios participa solo una vez, enviando una \u00fanica foto de un mosquito. \u00abPero incluso ese momento les hace detenerse y pensar\u00bb, explica Zs\u00f3ka. De pronto, empiezan a preguntarse por las especies, los patrones o los impactos ecol\u00f3gicos, temas en los que quiz\u00e1 nunca hab\u00edan reparado antes. Mediante herramientas de comunicaci\u00f3n creativas, desde campa\u00f1as en medios hasta concursos de dibujo, el proyecto reduce las barreras de participaci\u00f3n e invita a dar el primer paso exploratorio.<\/span><\/p>\n<\/div><\/section><br \/>\n<section  class='av_textblock_section av-mj1xj91v-0198ba5f6787ded954dc2462f8f56ab7'   itemscope=\"itemscope\" itemtype=\"https:\/\/schema.org\/CreativeWork\" ><div class='avia_textblock'  itemprop=\"text\" ><p><span style=\"font-weight: 400;\">Para Zs\u00f3ka, el pensamiento exploratorio es esencial en el mundo actual, saturado de informaci\u00f3n. En medio de un cambio constante, necesitamos creatividad, adaptabilidad y la capacidad de elegir qu\u00e9 merece realmente nuestra atenci\u00f3n. Al mismo tiempo, advierte que la b\u00fasqueda continua de nuevos est\u00edmulos puede resultar abrumadora. El verdadero pensamiento exploratorio no consiste en navegar sin fin: requiere desacelerar, establecer conexiones y construir un conocimiento paso a paso.<\/p>\n<p><\/span><\/p>\n<p><span style=\"font-weight: 400;\">Como docente \u2014ya sea en la universidad o en la educaci\u00f3n secundaria\u2014, el objetivo de Zs\u00f3ka es siempre empoderar a los alumnos. En lugar de esperar a que el conocimiento \u00abse filtre\u00bb, se invita a los estudiantes a formular preguntas, tomar decisiones y explorar activamente los contenidos. Tanto si ense\u00f1a estad\u00edstica, evoluci\u00f3n humana o ecolog\u00eda, su enfoque es el mismo: crear espacio para la curiosidad y otorgar a los alumnos la responsabilidad sobre su propio proceso de pensamiento.<\/p>\n<p><\/span><\/p>\n<p><span style=\"font-weight: 400;\">El pensamiento exploratorio, concluye, no es un talento excepcional, sino una competencia universal que nos acompa\u00f1a a lo largo de toda la vida. \u00abTodos la tenemos. La cuesti\u00f3n es si seguimos cultiv\u00e1ndola\u00bb. A trav\u00e9s de la ciencia ciudadana, una comunicaci\u00f3n entusiasta y una docencia que empodera, Zs\u00f3ka muestra c\u00f3mo esta competencia puede reavivarse y c\u00f3mo puede inspirar a m\u00e1s personas a implicarse con el mundo vivo que las rodea.<\/span><\/p>\n<p><span style=\"font-weight: 400;\">\u00a0<\/span><\/p>\n<\/div><\/section><br \/>\n<section  class='av_textblock_section av-mj1xk7y3-e9170c2420bf062ade97a001b4a6336d'   itemscope=\"itemscope\" itemtype=\"https:\/\/schema.org\/CreativeWork\" ><div class='avia_textblock'  itemprop=\"text\" ><p>En este podcast podr\u00e1s escuchar:<\/p>\n<ol>\n<li style=\"font-weight: 400;\" aria-level=\"1\">What exploratory thinking really is<span style=\"font-weight: 400;\"> \u2013 and why our natural childhood curiosity is the foundation of this eco-competence.<\/span><\/li>\n<li style=\"font-weight: 400;\" aria-level=\"1\">How exploratory thinking supports ecoliteracy<span style=\"font-weight: 400;\">, especially in imagining sustainable futures and navigating uncertainty.<\/span><\/li>\n<li style=\"font-weight: 400;\" aria-level=\"1\">How citizen science can spark curiosity<span style=\"font-weight: 400;\">, through Zs\u00f3ka\u2019s work with the Mosquito Monitor project and creative ways of engaging the public.<\/span><\/li>\n<li style=\"font-weight: 400;\" aria-level=\"1\">Why exploratory thinking is essential in today\u2019s fast-changing world<span style=\"font-weight: 400;\">, and how to distinguish meaningful inquiry from overwhelming information-seeking.<\/span><\/li>\n<li style=\"font-weight: 400;\" aria-level=\"1\">Practical insights for educators<span style=\"font-weight: 400;\"> on how to strengthen exploratory thinking in students by empowering them to ask questions, make decisions, and explore actively.<\/span><\/li>\n<\/ol>\n<p><span style=\"font-weight: 400;\">\u00a0<\/span><\/p>\n<\/div><\/section><br \/>\n<section  class='av_textblock_section av-mj1xkl91-153fff7ea89c3de840c0a024f3dfbea4'   itemscope=\"itemscope\" itemtype=\"https:\/\/schema.org\/CreativeWork\" ><div class='avia_textblock'  itemprop=\"text\" ><p><i><span style=\"font-weight: 400;\">We close with a reminder that exploratory thinking is not a skill we acquire, but one we keep nurturing throughout our lives.<\/span><\/i><\/p>\n<p><i><span style=\"font-weight: 400;\">\u00a1Permanece atento\/a y descubre nuestros otros p\u00f3dcasts sobre eco-competencias!<\/span><\/i><\/p>\n<p><span style=\"font-weight: 400;\">\u00a0<\/span><\/p>\n<\/div><\/section><\/p><\/div>","protected":false},"excerpt":{"rendered":"","protected":false},"author":17,"featured_media":0,"parent":188,"menu_order":0,"comment_status":"closed","ping_status":"closed","template":"","meta":{"_acf_changed":false,"footnotes":""},"class_list":["post-3820","page","type-page","status-publish","hentry"],"acf":[],"yoast_head":"<!-- This site is optimized with the Yoast SEO plugin v25.6 - https:\/\/yoast.com\/wordpress\/plugins\/seo\/ -->\n<title>Exploratory Thinking Podcast Summary - The Ecoliteracy Hub<\/title>\n<meta name=\"robots\" content=\"index, follow, max-snippet:-1, max-image-preview:large, max-video-preview:-1\" \/>\n<link rel=\"canonical\" href=\"https:\/\/ecoliteracy.eu\/es\/resource-library\/podcasts\/exploratory-thinking-podcast-summary\/\" \/>\n<meta property=\"og:locale\" content=\"es_ES\" \/>\n<meta property=\"og:type\" content=\"article\" \/>\n<meta property=\"og:title\" content=\"Exploratory Thinking Podcast Summary - The Ecoliteracy Hub\" \/>\n<meta property=\"og:url\" content=\"https:\/\/ecoliteracy.eu\/es\/resource-library\/podcasts\/exploratory-thinking-podcast-summary\/\" \/>\n<meta property=\"og:site_name\" content=\"The Ecoliteracy Hub\" \/>\n<meta property=\"article:modified_time\" content=\"2026-02-24T14:15:45+00:00\" \/>\n<meta name=\"twitter:card\" content=\"summary_large_image\" \/>\n<meta name=\"twitter:label1\" content=\"Tiempo de lectura\" \/>\n\t<meta name=\"twitter:data1\" content=\"3 minutos\" \/>\n<script type=\"application\/ld+json\" class=\"yoast-schema-graph\">{\"@context\":\"https:\/\/schema.org\",\"@graph\":[{\"@type\":\"WebPage\",\"@id\":\"https:\/\/ecoliteracy.eu\/resource-library\/podcasts\/exploratory-thinking-podcast-summary\/\",\"url\":\"https:\/\/ecoliteracy.eu\/resource-library\/podcasts\/exploratory-thinking-podcast-summary\/\",\"name\":\"Exploratory Thinking Podcast Summary - The Ecoliteracy Hub\",\"isPartOf\":{\"@id\":\"https:\/\/ecoliteracy.eu\/#website\"},\"datePublished\":\"2025-12-17T13:09:15+00:00\",\"dateModified\":\"2026-02-24T14:15:45+00:00\",\"breadcrumb\":{\"@id\":\"https:\/\/ecoliteracy.eu\/resource-library\/podcasts\/exploratory-thinking-podcast-summary\/#breadcrumb\"},\"inLanguage\":\"es\",\"potentialAction\":[{\"@type\":\"ReadAction\",\"target\":[\"https:\/\/ecoliteracy.eu\/resource-library\/podcasts\/exploratory-thinking-podcast-summary\/\"]}]},{\"@type\":\"BreadcrumbList\",\"@id\":\"https:\/\/ecoliteracy.eu\/resource-library\/podcasts\/exploratory-thinking-podcast-summary\/#breadcrumb\",\"itemListElement\":[{\"@type\":\"ListItem\",\"position\":1,\"name\":\"Home\",\"item\":\"https:\/\/ecoliteracy.eu\/\"},{\"@type\":\"ListItem\",\"position\":2,\"name\":\"Resources\",\"item\":\"https:\/\/ecoliteracy.eu\/resource-library\/\"},{\"@type\":\"ListItem\",\"position\":3,\"name\":\"Podcasts\",\"item\":\"https:\/\/ecoliteracy.eu\/resource-library\/podcasts\/\"},{\"@type\":\"ListItem\",\"position\":4,\"name\":\"Exploratory Thinking Podcast Summary\"}]},{\"@type\":\"WebSite\",\"@id\":\"https:\/\/ecoliteracy.eu\/#website\",\"url\":\"https:\/\/ecoliteracy.eu\/\",\"name\":\"The Ecoliteracy Hub\",\"description\":\"Empowering Educators for a Sustainable Future\",\"potentialAction\":[{\"@type\":\"SearchAction\",\"target\":{\"@type\":\"EntryPoint\",\"urlTemplate\":\"https:\/\/ecoliteracy.eu\/?s={search_term_string}\"},\"query-input\":{\"@type\":\"PropertyValueSpecification\",\"valueRequired\":true,\"valueName\":\"search_term_string\"}}],\"inLanguage\":\"es\"}]}<\/script>\n<!-- \/ Yoast SEO plugin. -->","yoast_head_json":{"title":"Exploratory Thinking Podcast Summary - The Ecoliteracy Hub","robots":{"index":"index","follow":"follow","max-snippet":"max-snippet:-1","max-image-preview":"max-image-preview:large","max-video-preview":"max-video-preview:-1"},"canonical":"https:\/\/ecoliteracy.eu\/es\/resource-library\/podcasts\/exploratory-thinking-podcast-summary\/","og_locale":"es_ES","og_type":"article","og_title":"Exploratory Thinking Podcast Summary - The Ecoliteracy Hub","og_url":"https:\/\/ecoliteracy.eu\/es\/resource-library\/podcasts\/exploratory-thinking-podcast-summary\/","og_site_name":"The Ecoliteracy Hub","article_modified_time":"2026-02-24T14:15:45+00:00","twitter_card":"summary_large_image","twitter_misc":{"Tiempo de lectura":"3 minutos"},"schema":{"@context":"https:\/\/schema.org","@graph":[{"@type":"WebPage","@id":"https:\/\/ecoliteracy.eu\/resource-library\/podcasts\/exploratory-thinking-podcast-summary\/","url":"https:\/\/ecoliteracy.eu\/resource-library\/podcasts\/exploratory-thinking-podcast-summary\/","name":"Exploratory Thinking Podcast Summary - The Ecoliteracy Hub","isPartOf":{"@id":"https:\/\/ecoliteracy.eu\/#website"},"datePublished":"2025-12-17T13:09:15+00:00","dateModified":"2026-02-24T14:15:45+00:00","breadcrumb":{"@id":"https:\/\/ecoliteracy.eu\/resource-library\/podcasts\/exploratory-thinking-podcast-summary\/#breadcrumb"},"inLanguage":"es","potentialAction":[{"@type":"ReadAction","target":["https:\/\/ecoliteracy.eu\/resource-library\/podcasts\/exploratory-thinking-podcast-summary\/"]}]},{"@type":"BreadcrumbList","@id":"https:\/\/ecoliteracy.eu\/resource-library\/podcasts\/exploratory-thinking-podcast-summary\/#breadcrumb","itemListElement":[{"@type":"ListItem","position":1,"name":"Home","item":"https:\/\/ecoliteracy.eu\/"},{"@type":"ListItem","position":2,"name":"Resources","item":"https:\/\/ecoliteracy.eu\/resource-library\/"},{"@type":"ListItem","position":3,"name":"Podcasts","item":"https:\/\/ecoliteracy.eu\/resource-library\/podcasts\/"},{"@type":"ListItem","position":4,"name":"Exploratory Thinking Podcast Summary"}]},{"@type":"WebSite","@id":"https:\/\/ecoliteracy.eu\/#website","url":"https:\/\/ecoliteracy.eu\/","name":"The Ecoliteracy Hub","description":"Capacitando educadores para un futuro sostenible","potentialAction":[{"@type":"SearchAction","target":{"@type":"EntryPoint","urlTemplate":"https:\/\/ecoliteracy.eu\/?s={search_term_string}"},"query-input":{"@type":"PropertyValueSpecification","valueRequired":true,"valueName":"search_term_string"}}],"inLanguage":"es"}]}},"_hostinger_reach_plugin_has_subscription_block":false,"_hostinger_reach_plugin_is_elementor":false,"_links":{"self":[{"href":"https:\/\/ecoliteracy.eu\/es\/wp-json\/wp\/v2\/pages\/3820","targetHints":{"allow":["GET"]}}],"collection":[{"href":"https:\/\/ecoliteracy.eu\/es\/wp-json\/wp\/v2\/pages"}],"about":[{"href":"https:\/\/ecoliteracy.eu\/es\/wp-json\/wp\/v2\/types\/page"}],"author":[{"embeddable":true,"href":"https:\/\/ecoliteracy.eu\/es\/wp-json\/wp\/v2\/users\/17"}],"replies":[{"embeddable":true,"href":"https:\/\/ecoliteracy.eu\/es\/wp-json\/wp\/v2\/comments?post=3820"}],"version-history":[{"count":6,"href":"https:\/\/ecoliteracy.eu\/es\/wp-json\/wp\/v2\/pages\/3820\/revisions"}],"predecessor-version":[{"id":4029,"href":"https:\/\/ecoliteracy.eu\/es\/wp-json\/wp\/v2\/pages\/3820\/revisions\/4029"}],"up":[{"embeddable":true,"href":"https:\/\/ecoliteracy.eu\/es\/wp-json\/wp\/v2\/pages\/188"}],"wp:attachment":[{"href":"https:\/\/ecoliteracy.eu\/es\/wp-json\/wp\/v2\/media?parent=3820"}],"curies":[{"name":"wp","href":"https:\/\/api.w.org\/{rel}","templated":true}]}}